{"id":11403,"date":"2024-03-06T16:34:54","date_gmt":"2024-03-06T15:34:54","guid":{"rendered":"http:\/\/slawistyka.uw.edu.pl\/?page_id=11403"},"modified":"2024-03-06T22:03:02","modified_gmt":"2024-03-06T21:03:02","slug":"dotyczaca-rownosci","status":"publish","type":"page","link":"https:\/\/slawistyka.uw.edu.pl\/en\/studia\/pomoc\/dotyczaca-rownosci\/","title":{"rendered":"(In Polish:) Dotycz\u0105ca r\u00f3wno\u015bci"},"content":{"rendered":"<p class=\"qtranxs-available-languages-message qtranxs-available-languages-message-en\">Sorry, this entry is only available in <a href=\"https:\/\/slawistyka.uw.edu.pl\/pl\/wp-json\/wp\/v2\/pages\/11403\" class=\"qtranxs-available-language-link qtranxs-available-language-link-pl\" title=\"In Polish:\">Polish<\/a>.<\/p>","protected":false},"excerpt":{"rendered":"<p>Sorry, this entry is only available in Polish.<\/p>\n","protected":false},"author":1422,"featured_media":0,"parent":11373,"menu_order":0,"comment_status":"closed","ping_status":"closed","template":"","meta":{"_mi_skip_tracking":false,"ngg_post_thumbnail":0,"_expiration-date-status":"","_expiration-date":0,"_expiration-date-type":"","_expiration-date-categories":[],"_expiration-date-options":[]},"_links":{"self":[{"href":"https:\/\/slawistyka.uw.edu.pl\/en\/wp-json\/wp\/v2\/pages\/11403"}],"collection":[{"href":"https:\/\/slawistyka.uw.edu.pl\/en\/wp-json\/wp\/v2\/pages"}],"about":[{"href":"https:\/\/slawistyka.uw.edu.pl\/en\/wp-json\/wp\/v2\/types\/page"}],"author":[{"embeddable":true,"href":"https:\/\/slawistyka.uw.edu.pl\/en\/wp-json\/wp\/v2\/users\/1422"}],"replies":[{"embeddable":true,"href":"https:\/\/slawistyka.uw.edu.pl\/en\/wp-json\/wp\/v2\/comments?post=11403"}],"version-history":[{"count":14,"href":"https:\/\/slawistyka.uw.edu.pl\/en\/wp-json\/wp\/v2\/pages\/11403\/revisions"}],"predecessor-version":[{"id":11469,"href":"https:\/\/slawistyka.uw.edu.pl\/en\/wp-json\/wp\/v2\/pages\/11403\/revisions\/11469"}],"up":[{"embeddable":true,"href":"https:\/\/slawistyka.uw.edu.pl\/en\/wp-json\/wp\/v2\/pages\/11373"}],"wp:attachment":[{"href":"https:\/\/slawistyka.uw.edu.pl\/en\/wp-json\/wp\/v2\/media?parent=11403"}],"curies":[{"name":"wp","href":"https:\/\/api.w.org\/{rel}","templated":true}]}}