{"id":14138,"date":"2025-08-21T12:12:11","date_gmt":"2025-08-21T10:12:11","guid":{"rendered":"http:\/\/slawistyka.uw.edu.pl\/?page_id=14138"},"modified":"2026-02-22T23:57:19","modified_gmt":"2026-02-22T22:57:19","slug":"czlonkowie","status":"publish","type":"page","link":"https:\/\/slawistyka.uw.edu.pl\/en\/czlonkowie\/","title":{"rendered":"Members"},"content":{"rendered":"<strong>Danuta Sosnowska<\/strong> &#8211; Chairperson of the Commission<\/p>\n<p>University of Warsaw, Poland<\/p>\n<p><strong>Kamil Dwornik<\/strong> &#8211; Secretary of the Commission<\/p>\n<p>University of Warsaw, Poland<\/p>\n<p><strong>Marta Cmiel-Ba\u017cant<\/strong><\/p>\n<p>University of Warsaw, Poland<\/p>\n<p><strong>Jolanta Doschek<\/strong><\/p>\n<p>University of Vienna, Austria<\/p>\n<p><strong>Tatjana \u0110uri\u0161i\u0107-Be\u010danovi\u0107&nbsp; <\/strong><\/p>\n<p>University of Montenegro, Montenegro<\/p>\n<p><strong>Maciej Falski <\/strong><\/p>\n<p>University of Warsaw, Poland<\/p>\n<p><strong>Agata Firlej <\/strong><\/p>\n<p>Adam Mickiewicz University, Poland<\/p>\n<p><strong>Dorota Gil<\/strong><\/p>\n<p>Jagiellonian University, Poland<\/p>\n<p><strong>Agnieszka Hudzik <\/strong><\/p>\n<p>Saarland University, Germany<\/p>\n<p><strong>Petr Ku\u010dera<\/strong><\/p>\n<p>University of West Bohemia in Pilsen, Czech Republic<\/p>\n<p><strong>Marzanna Kuczy\u0144ska <\/strong><\/p>\n<p>Adam Mickiewicz University, Poland<\/p>\n<p><strong>Anna Lege\u017cy\u0144ska<\/strong><\/p>\n<p>Adam Mickiewicz University, Poland<\/p>\n<p><strong>Izabela Lis-Wielgosz<\/strong><\/p>\n<p>Adam Mickiewicz University, Poland<\/p>\n<p><strong>Lech Miody\u0144ski <\/strong><\/p>\n<p>University of Silesia, Poland<\/p>\n<p><strong>Roman Mnich<\/strong><\/p>\n<p>University of Siedlce, Poland<\/p>\n<p><strong>Milica Semk\u00f3w <\/strong><\/p>\n<p>University of Wroclaw, Poland<\/p>\n<p><strong>Lilla Moroz Grzelak <\/strong><\/p>\n<p>Institute of Slavic Studies, Polish Academy of Science, Poland<\/p>\n<p><strong>Andrij Moskwin <\/strong><\/p>\n<p>University of Warsaw, Poland<\/p>\n<p><strong>Krystyna Pieni\u0105\u017cek Markovi\u0107 <\/strong><\/p>\n<p>Adam Mickiewicz University, Poland<\/p>\n<p><strong>Olena&nbsp; Pavlova <\/strong><\/p>\n<p>Taras Shevchenko National University of Kyiv, Ukraine<\/p>\n<p><strong>Yvonne P\u00f6rzgen <\/strong><\/p>\n<p>Ruhr University Bochum, Germany<\/p>\n<p><strong>Sanjin Kodri\u0107 <\/strong><\/p>\n<p>University of Sarajevo, Bosnia and Herzegovina<\/p>\n<p><strong>Anna Seidel <\/strong><\/p>\n<p>University of Vienna, Austria<\/p>\n<p><strong>Ivan Shtejner <\/strong><\/p>\n<p>Franci\u0161ak Skaryna Homiel State University, Belarus<\/p>\n<p><strong>Dariusz Sk\u00f3rczewski<\/strong><\/p>\n<p>John Paul II Catholic University of Lublin, Poland<\/p>\n<p><strong>Walentyna Sobol&nbsp; <\/strong><\/p>\n<p>University of Warsaw, Poland<\/p>\n<p><strong>Sonja Stojmenska-Elzeser<\/strong><\/p>\n<p>Institute of Macedonian Literature, Ss. Cyril and Methodius University in Skopje, Macedonia<\/p>\n<p><strong>Anastasia Tormakhova <\/strong><\/p>\n<p>Taras Shevchenko National University of Kyiv, Ukraine<\/p>\n<p><strong>Lidia Wi\u015bniewska<\/strong><\/p>\n<p>Kazimierz Wielki University, Poland<\/p>\n<p><strong>Paula Wojcik <\/strong><\/p>\n<p>University of Vienna, Austria<\/p>\n<p><strong>Milo\u0161 Zelenka <\/strong><\/p>\n<p>University of South Bohemia in \u010cesk\u00e9 Bud\u011bjovice<\/p>\n<p><strong>Bogus\u0142aw Zieli\u0144ski <\/strong><\/p>\n<p>Adam Mickiewicz University, Poland","protected":false},"excerpt":{"rendered":"<p>Danuta Sosnowska &#8211; Chairperson of the Commission University of Warsaw, Poland Kamil Dwornik &#8211; Secretary of the Commission University of [&hellip;]<\/p>\n","protected":false},"author":650,"featured_media":0,"parent":0,"menu_order":0,"comment_status":"closed","ping_status":"closed","template":"","meta":{"_mi_skip_tracking":false,"ngg_post_thumbnail":0,"_expiration-date-status":"","_expiration-date":0,"_expiration-date-type":"","_expiration-date-categories":[],"_expiration-date-options":[]},"_links":{"self":[{"href":"https:\/\/slawistyka.uw.edu.pl\/en\/wp-json\/wp\/v2\/pages\/14138"}],"collection":[{"href":"https:\/\/slawistyka.uw.edu.pl\/en\/wp-json\/wp\/v2\/pages"}],"about":[{"href":"https:\/\/slawistyka.uw.edu.pl\/en\/wp-json\/wp\/v2\/types\/page"}],"author":[{"embeddable":true,"href":"https:\/\/slawistyka.uw.edu.pl\/en\/wp-json\/wp\/v2\/users\/650"}],"replies":[{"embeddable":true,"href":"https:\/\/slawistyka.uw.edu.pl\/en\/wp-json\/wp\/v2\/comments?post=14138"}],"version-history":[{"count":6,"href":"https:\/\/slawistyka.uw.edu.pl\/en\/wp-json\/wp\/v2\/pages\/14138\/revisions"}],"predecessor-version":[{"id":14774,"href":"https:\/\/slawistyka.uw.edu.pl\/en\/wp-json\/wp\/v2\/pages\/14138\/revisions\/14774"}],"wp:attachment":[{"href":"https:\/\/slawistyka.uw.edu.pl\/en\/wp-json\/wp\/v2\/media?parent=14138"}],"curies":[{"name":"wp","href":"https:\/\/api.w.org\/{rel}","templated":true}]}}