{"id":14301,"date":"2025-10-07T11:23:01","date_gmt":"2025-10-07T09:23:01","guid":{"rendered":"http:\/\/slawistyka.uw.edu.pl\/?page_id=14301"},"modified":"2025-10-07T11:23:01","modified_gmt":"2025-10-07T09:23:01","slug":"dzialania","status":"publish","type":"page","link":"https:\/\/slawistyka.uw.edu.pl\/en\/dzialania\/","title":{"rendered":"Activities"},"content":{"rendered":"<h4><strong>Commission for Comparative Research on Slavic Literatures at the XVIIth ICS in Paris<\/strong><\/h4>\n<p>During the XVIIth International Congress of Slavists, held in Paris, France, from August 25 to August 30, 2025 at the Centre Malesherbes of Sorbonne Universit\u00e9, new Commissions were &nbsp;accredited and existing Commissions were reaccredited for the next five years, including the Commission for Comparative Research on Slavic Literatures. Professor Danuta Sosnowska, DSc was nominated for the position of Chair, and Mr. Kamil Dwornik, M.A., was nominated for the position of Secretary of the Comission.&nbsp;<\/p>\n<p>Members of the Comission gave presentations at the Congress in Paris on comparative studies:<\/p>\n<p><strong>Kamil Dwornik <\/strong><\/p>\n<p><em>Mobilno\u015b\u0107 ukrai\u0144skiego duchownego i inteligenta w Galicji. Przypadek Josyfa \u0141ozynskiego (1807-1889)<\/em><\/p>\n<p><strong>Agata Firlej <\/strong><\/p>\n<p><em>Casus Franz Kafka, casus Bruno Schulz. Czech and Polish Canons as a Reflection of the Concept of the Nation and the Role of Literature<\/em><\/p>\n<p><strong>Dorota Gil <\/strong><\/p>\n<p><em>Kategorie serbskiej my\u015bli irracjonalnej \u2013 katalog zapo\u017cycze\u0144 i strategie asymilacji<\/em><\/p>\n<p><strong>Marzanna Kuczy\u0144ska <\/strong><\/p>\n<p><em>Doktryna islamska w prawos\u0142awnym pi\u015bmiennictwie XVI -XVIII wieku<\/em><\/p>\n<p><strong>Lech Miody\u0144ski <\/strong><\/p>\n<p><em>Wielodyscyplinowo\u015b\u0107, interdyscyplinarno\u015b\u0107 i kompleksowo\u015b\u0107 jako normatywy oraz iluzje w ewolucji bada\u0144 s\u0142owianoznawczych<\/em><\/p>\n<p><strong>Andriej Moskwin <\/strong><\/p>\n<p><em>Wsp\u00f3\u0142czesny dramat bia\u0142oruski o wydarzeniach 2020 roku<\/em><\/p>\n<p><strong>Walentyna Sobol and Dawid Bzorek<\/strong><\/p>\n<p><em>Francja-Polska-Ukraina w dziejach m\u0119\u017c\u00f3w stanu Orlika i Rakoczego na podstawie ich dziennik\u00f3w<\/em><\/p>\n<p>More information about the XVIIth International Congress of Slavists may be found on the website: <a href=\"https:\/\/mks-paris.sciencesconf.org\/?lang=en\">https:\/\/mks-paris.sciencesconf.org\/?lang=en<\/a>","protected":false},"excerpt":{"rendered":"<p>Commission for Comparative Research on Slavic Literatures at the XVIIth ICS in Paris During the XVIIth International Congress of Slavists, [&hellip;]<\/p>\n","protected":false},"author":650,"featured_media":0,"parent":0,"menu_order":0,"comment_status":"closed","ping_status":"closed","template":"","meta":{"_mi_skip_tracking":false,"ngg_post_thumbnail":0,"_expiration-date-status":"","_expiration-date":0,"_expiration-date-type":"","_expiration-date-categories":[],"_expiration-date-options":[]},"_links":{"self":[{"href":"https:\/\/slawistyka.uw.edu.pl\/en\/wp-json\/wp\/v2\/pages\/14301"}],"collection":[{"href":"https:\/\/slawistyka.uw.edu.pl\/en\/wp-json\/wp\/v2\/pages"}],"about":[{"href":"https:\/\/slawistyka.uw.edu.pl\/en\/wp-json\/wp\/v2\/types\/page"}],"author":[{"embeddable":true,"href":"https:\/\/slawistyka.uw.edu.pl\/en\/wp-json\/wp\/v2\/users\/650"}],"replies":[{"embeddable":true,"href":"https:\/\/slawistyka.uw.edu.pl\/en\/wp-json\/wp\/v2\/comments?post=14301"}],"version-history":[{"count":1,"href":"https:\/\/slawistyka.uw.edu.pl\/en\/wp-json\/wp\/v2\/pages\/14301\/revisions"}],"predecessor-version":[{"id":14302,"href":"https:\/\/slawistyka.uw.edu.pl\/en\/wp-json\/wp\/v2\/pages\/14301\/revisions\/14302"}],"wp:attachment":[{"href":"https:\/\/slawistyka.uw.edu.pl\/en\/wp-json\/wp\/v2\/media?parent=14301"}],"curies":[{"name":"wp","href":"https:\/\/api.w.org\/{rel}","templated":true}]}}