{"id":305,"date":"2017-12-21T00:39:15","date_gmt":"2017-12-20T23:39:15","guid":{"rendered":"http:\/\/slawistyka.uw.edu.pl\/?page_id=305"},"modified":"2026-04-20T15:08:37","modified_gmt":"2026-04-20T13:08:37","slug":"strona-powitalna","status":"publish","type":"page","link":"https:\/\/slawistyka.uw.edu.pl\/en\/","title":{"rendered":""},"content":{"rendered":"<p class=\"entry-title\"><div class=\"su-animate\" style=\"opacity:0;-webkit-animation-duration:1s;-webkit-animation-delay:0s;animation-duration:1s;animation-delay:0s;\" data-animation=\"bounceIn\" data-duration=\"1\" data-delay=\"0\"><a href=\"http:\/\/slawistyka.uw.edu.pl\/en\/2025\/04\/14\/budapeszt-miasto-slowian\/\" class=\"su-button su-button-style-soft\" style=\"color:#FFFFFF;background-color:#4db237;border-color:#3e8f2c;border-radius:6px;-moz-border-radius:6px;-webkit-border-radius:6px\" target=\"_blank\" rel=\"noopener noreferrer\"><span style=\"color:#FFFFFF;padding:0px 18px;font-size:14px;line-height:28px;border-color:#83ca73;border-radius:6px;-moz-border-radius:6px;-webkit-border-radius:6px;text-shadow:none;-moz-text-shadow:none;-webkit-text-shadow:none\"> Budapest \u2013 a city of Slavs?&nbsp;<\/span><\/a><\/div>&nbsp;<\/p>\n<div id=\"primary\" class=\"content-area\">\n<div id=\"content\" class=\"site-content\" role=\"main\">\n<article id=\"post-7099\" class=\"post post-7099 type-post status-publish format-standard hentry category-konferencjeiszip category-wiadomosci\">\n<div class=\"entry-main\">&nbsp;<\/div>\n<\/article>\n<\/div>\n<\/div>\n<div class=\"su-row\"><div class=\"su-column su-column-size-1-2\"><div class=\"su-column-inner su-u-clearfix su-u-trim\"><div id=\"su_carousel_69e76671318ba\" class=\"su-carousel su-carousel-centered su-carousel-pages-yes su-carousel-responsive-no\" style=\"width:360px;height:432px\" data-autoplay=\"3000\" data-speed=\"3000\" data-mousewheel=\"true\" data-items=\"1\" data-scroll=\"1\"><div class=\"su-carousel-slides\"><div class=\"su-carousel-slide\"><a href=\"http:\/\/slawistyka.uw.edu.pl\/en\/2026\/03\/05\/zeszyty-luzyckie-64-bezrobotni-bezdomni-i-inni\/\" target=\"_blank\" title=\"Zeszyty \u0141u\u017cyckie 64. Foto Pawe\u0142 Wieczorek\"><img src=\"https:\/\/slawistyka.uw.edu.pl\/wp-content\/uploads\/2026\/03\/Zeszyty-Luzyckie-64.-Foto-Pawel-Wieczorek-1-342x432.jpg\" alt=\"Zeszyty \u0141u\u017cyckie 64. Foto Pawe\u0142 Wieczorek\" \/><span class=\"su-carousel-slide-title\">Zeszyty \u0141u\u017cyckie 64. Foto Pawe\u0142 Wieczorek<\/span><\/a><\/div><div class=\"su-carousel-slide\"><a href=\"http:\/\/slawistyka.uw.edu.pl\/en\/2026\/02\/24\/zeszyty-luzyckie-zapraszaja-do-nadsylania-tekstow-o-tematyce-goralskiej\/\" target=\"_blank\" title=\"Kamil Targosz Pierwszy dzie\u0144 CfP Mountain communities\"><img src=\"https:\/\/slawistyka.uw.edu.pl\/wp-content\/uploads\/2026\/02\/Zeszyty-Luzyckie-CfP-for-65th-issue-mountain-communities-342x432.jpg\" alt=\"Kamil Targosz Pierwszy dzie\u0144 CfP Mountain communities\" \/><span class=\"su-carousel-slide-title\">Kamil Targosz Pierwszy dzie\u0144 CfP Mountain communities<\/span><\/a><\/div><div class=\"su-carousel-slide\"><a href=\"http:\/\/slawistyka.uw.edu.pl\/en\/2026\/02\/16\/monografia-performance-and-human-animal-entanglements\/\" target=\"_blank\" title=\"Performance and Human Animal Entanglements\"><img src=\"https:\/\/slawistyka.uw.edu.pl\/wp-content\/uploads\/2026\/02\/Performance-and-Human-Animal-Entanglements-1-342x432.jpg\" alt=\"Performance and Human Animal Entanglements\" \/><span class=\"su-carousel-slide-title\">Performance and Human Animal Entanglements<\/span><\/a><\/div><div class=\"su-carousel-slide\"><a href=\"http:\/\/slawistyka.uw.edu.pl\/en\/2025\/09\/17\/budapest-a-city-of-slavs-konferencja-w-krakowie-25-25-09-2025\/\" target=\"_blank\" title=\"International conference\"><img src=\"https:\/\/slawistyka.uw.edu.pl\/wp-content\/uploads\/2025\/04\/International-conference-342x432.jpg\" alt=\"International conference\" \/><span class=\"su-carousel-slide-title\">International conference<\/span><\/a><\/div><div class=\"su-carousel-slide\"><a href=\"http:\/\/slawistyka.uw.edu.pl\/en\/2025\/09\/17\/czech-and-polish-sound-memories-of-the-second-world-war\/\" target=\"_blank\" title=\"Czech and Polish Sound Memories of the Second World War. Routledge\"><img src=\"https:\/\/slawistyka.uw.edu.pl\/wp-content\/uploads\/2025\/09\/Czech-and-Polish-Sound-Memories-of-the-Second-World-War.-Routledge-342x432.jpg\" alt=\"Czech and Polish Sound Memories of the Second World War. Routledge\" \/><span class=\"su-carousel-slide-title\">Czech and Polish Sound Memories of the Second World War. Routledge<\/span><\/a><\/div><div class=\"su-carousel-slide\"><a href=\"http:\/\/slawistyka.uw.edu.pl\/en\/2023\/09\/12\/starcie-narracji-studia-o-slowenskiej-pamieci-zbiorowej\/\" target=\"_blank\" title=\"A Clash of Narratives Studies on Slovene Collective Memory\"><img src=\"https:\/\/slawistyka.uw.edu.pl\/wp-content\/uploads\/2023\/09\/A-Clash-of-Narratives-Studies-on-Slovene-Collective-Memory-342x432.jpg\" alt=\"A Clash of Narratives Studies on Slovene Collective Memory\" \/><span class=\"su-carousel-slide-title\">A Clash of Narratives Studies on Slovene Collective Memory<\/span><\/a><\/div><div class=\"su-carousel-slide\"><a href=\"http:\/\/slawistyka.uw.edu.pl\/en\/2021\/06\/16\/english-architects-and-their-societies-cultural-study-on-the-habsburg-slavic-area-1861-1938\/\" target=\"_blank\" title=\"Architects and their Societies 1861_1938\"><img src=\"https:\/\/slawistyka.uw.edu.pl\/wp-content\/uploads\/2021\/06\/Architects-and-their-Societies-1861_1938-342x432.jpg\" alt=\"Architects and their Societies 1861_1938\" \/><span class=\"su-carousel-slide-title\">Architects and their Societies 1861_1938<\/span><\/a><\/div><\/div><div class=\"su-carousel-nav\"><div class=\"su-carousel-direction\"><span class=\"su-carousel-prev\"><\/span><span class=\"su-carousel-next\"><\/span><\/div><div class=\"su-carousel-pagination\"><\/div><\/div><\/div><\/div><\/div><div class=\"su-column su-column-size-1-2\"><div class=\"su-column-inner su-u-clearfix su-u-trim\"><div class=\"su-note\"  style=\"border-color:#d8dde0;border-radius:5px;-moz-border-radius:5px;-webkit-border-radius:5px;\"><div class=\"su-note-inner su-u-clearfix su-u-trim\" style=\"background-color:#f2f7fa;border-color:#ffffff;color:#333333;border-radius:5px;-moz-border-radius:5px;-webkit-border-radius:5px;\">\n<p style=\"text-align: justify\"><span class=\"su-label su-label-type-info\">Warszawska slawistyka<\/span> powsta\u0142a w 1915 roku i jest jednym z najstarszych o\u015brodk\u00f3w slawistycznych w kraju, od pierwszych lat istnienia tworzonym przez wybitnych uczonych.<\/p>\n<p style=\"text-align: justify\">Z pocz\u0105tku wyspecjalizowana g\u0142\u00f3wnie w j\u0119zykoznawstwie i historii S\u0142owian, slawistyka ewoluowa\u0142a w stron\u0119 badania kultur. Studia w Instytucie Slawistyki Zachodniej i Po\u0142udniowej ogniskuj\u0105 si\u0119 wok\u00f3\u0142 j\u0119zyk\u00f3w i kultur S\u0142owian zachodnich i po\u0142udniowych oraz historii i wsp\u00f3\u0142czesno\u015bci zamieszkiwanego przez nich obszaru.<\/p>\n<p style=\"text-align: justify\"><span class=\"su-label su-label-type-info\">Nasze specjalizacje:<\/span> <a href=\"http:\/\/slawistyka.uw.edu.pl\/rekrutacja\/specjalnosci\/bohemistyka\/\">bohemistyka<\/a>, <a href=\"http:\/\/slawistyka.uw.edu.pl\/rekrutacja\/specjalnosci\/bulgarystyka\/\">bu\u0142garystyka<\/a>, <a href=\"http:\/\/slawistyka.uw.edu.pl\/rekrutacja\/specjalnosci\/kroatystyka\/\">kroatystyka<\/a>, <a href=\"http:\/\/slawistyka.uw.edu.pl\/rekrutacja\/specjalnosci\/serbistyka\/\">serbistyka<\/a>, <a href=\"http:\/\/slawistyka.uw.edu.pl\/rekrutacja\/specjalnosci\/slowenistyka\/\">s\u0142owenistyka<\/a>, <a href=\"http:\/\/slawistyka.uw.edu.pl\/rekrutacja\/specjalnosci\/slowacystyka\/\">s\u0142owacystyka<\/a>.<\/p>\n<p style=\"text-align: justify\"><a href=\"http:\/\/slawistyka.uw.edu.pl\/instytut\/o-instytucie\/\">Wi\u0119cej<\/a><\/div><\/div><\/div><\/div><\/div>\n<p>&nbsp;<\/p>\n<p>&nbsp;<\/p>\n<div class=\"su-animate\" style=\"opacity:0;-webkit-animation-duration:1s;-webkit-animation-delay:0s;animation-duration:1s;animation-delay:0s;\" data-animation=\"bounceIn\" data-duration=\"1\" data-delay=\"0\"><a href=\"https:\/\/www.facebook.com\/slawistykauw\" class=\"su-button su-button-style-soft\" style=\"color:#FFFFFF;background-color:#4db237;border-color:#3e8f2c;border-radius:6px;-moz-border-radius:6px;-webkit-border-radius:6px\" target=\"_blank\" rel=\"noopener noreferrer\"><span style=\"color:#FFFFFF;padding:6px 18px;font-size:14px;line-height:21px;border-color:#83ca73;border-radius:6px;-moz-border-radius:6px;-webkit-border-radius:6px;text-shadow:none;-moz-text-shadow:none;-webkit-text-shadow:none\"><i class=\"sui sui-user-circle-o\" style=\"font-size:14px;color:#FFFFFF\"><\/i> Nasz profil na Facebooku<\/span><\/a><\/div>\n<p>&nbsp;<\/p>\n<div class=\"su-custom-gallery su-custom-gallery-title-always su-lightbox-gallery\"><div class=\"su-custom-gallery-slide\"><a href=\"https:\/\/slawistyka.uw.edu.pl\/wp-content\/uploads\/2018\/03\/Praga2.jpg\" target=\"_blank\" title=\"Praga2\"><img src=\"https:\/\/slawistyka.uw.edu.pl\/wp-content\/uploads\/2018\/03\/Praga2-160x120.jpg\" alt=\"Praga2\" width=\"160\" height=\"120\" \/><span class=\"su-custom-gallery-title\">Praga2<\/span><\/a><\/div><div class=\"su-custom-gallery-slide\"><a href=\"https:\/\/slawistyka.uw.edu.pl\/wp-content\/uploads\/2018\/03\/Praga.jpg\" target=\"_blank\" title=\"Praga\"><img src=\"https:\/\/slawistyka.uw.edu.pl\/wp-content\/uploads\/2018\/03\/Praga-160x120.jpg\" alt=\"Praga\" width=\"160\" height=\"120\" \/><span class=\"su-custom-gallery-title\">Praga<\/span><\/a><\/div><div class=\"su-custom-gallery-slide\"><a href=\"https:\/\/slawistyka.uw.edu.pl\/wp-content\/uploads\/2018\/03\/Plitvicka-jezera.jpg\" target=\"_blank\" title=\"Plitvicka jezera\"><img src=\"https:\/\/slawistyka.uw.edu.pl\/wp-content\/uploads\/2018\/03\/Plitvicka-jezera-160x120.jpg\" alt=\"Plitvicka jezera\" width=\"160\" height=\"120\" \/><span class=\"su-custom-gallery-title\">Plitvicka jezera<\/span><\/a><\/div><div class=\"su-custom-gallery-slide\"><a href=\"https:\/\/slawistyka.uw.edu.pl\/wp-content\/uploads\/2018\/03\/Lublana2.jpg\" target=\"_blank\" title=\"Lublana2\"><img src=\"https:\/\/slawistyka.uw.edu.pl\/wp-content\/uploads\/2018\/03\/Lublana2-160x120.jpg\" alt=\"Lublana2\" width=\"160\" height=\"120\" \/><span class=\"su-custom-gallery-title\">Lublana2<\/span><\/a><\/div><div class=\"su-custom-gallery-slide\"><a href=\"https:\/\/slawistyka.uw.edu.pl\/wp-content\/uploads\/2018\/03\/Bled.jpg\" target=\"_blank\" title=\"Bled\"><img src=\"https:\/\/slawistyka.uw.edu.pl\/wp-content\/uploads\/2018\/03\/Bled-160x120.jpg\" alt=\"Bled\" width=\"160\" height=\"120\" \/><span class=\"su-custom-gallery-title\">Bled<\/span><\/a><\/div><div class=\"su-custom-gallery-slide\"><a href=\"https:\/\/slawistyka.uw.edu.pl\/wp-content\/uploads\/2018\/02\/sliderKranj-14.jpg\" target=\"_blank\" title=\"sliderKranj 14\"><img src=\"https:\/\/slawistyka.uw.edu.pl\/wp-content\/uploads\/2018\/02\/sliderKranj-14-160x120.jpg\" alt=\"sliderKranj 14\" width=\"160\" height=\"120\" \/><span class=\"su-custom-gallery-title\">sliderKranj 14<\/span><\/a><\/div><div class=\"su-custom-gallery-slide\"><a href=\"https:\/\/slawistyka.uw.edu.pl\/wp-content\/uploads\/2018\/02\/sliderLublana-143.jpg\" target=\"_blank\" title=\"sliderLublana 143\"><img src=\"https:\/\/slawistyka.uw.edu.pl\/wp-content\/uploads\/2018\/02\/sliderLublana-143-160x120.jpg\" alt=\"sliderLublana 143\" width=\"160\" height=\"120\" \/><span class=\"su-custom-gallery-title\">sliderLublana 143<\/span><\/a><\/div><div class=\"su-custom-gallery-slide\"><a href=\"https:\/\/slawistyka.uw.edu.pl\/wp-content\/uploads\/2018\/02\/slider_DSC5886.jpg\" target=\"_blank\" title=\"Belgrad\"><img src=\"https:\/\/slawistyka.uw.edu.pl\/wp-content\/uploads\/2018\/02\/slider_DSC5886-160x120.jpg\" alt=\"Belgrad\" width=\"160\" height=\"120\" \/><span class=\"su-custom-gallery-title\">Belgrad<\/span><\/a><\/div><div class=\"su-custom-gallery-slide\"><a href=\"https:\/\/slawistyka.uw.edu.pl\/wp-content\/uploads\/2018\/02\/sliderKobarid-3.jpg\" target=\"_blank\" title=\"Kobarid\"><img src=\"https:\/\/slawistyka.uw.edu.pl\/wp-content\/uploads\/2018\/02\/sliderKobarid-3-160x120.jpg\" alt=\"Kobarid\" width=\"160\" height=\"120\" \/><span class=\"su-custom-gallery-title\">Kobarid<\/span><\/a><\/div><div class=\"su-custom-gallery-slide\"><a href=\"https:\/\/slawistyka.uw.edu.pl\/wp-content\/uploads\/2018\/02\/sliderKarawanki-1.jpg\" target=\"_blank\" title=\"Karawanki\"><img src=\"https:\/\/slawistyka.uw.edu.pl\/wp-content\/uploads\/2018\/02\/sliderKarawanki-1-160x120.jpg\" alt=\"Karawanki\" width=\"160\" height=\"120\" \/><span class=\"su-custom-gallery-title\">Karawanki<\/span><\/a><\/div><div class=\"su-custom-gallery-slide\"><a href=\"https:\/\/slawistyka.uw.edu.pl\/wp-content\/uploads\/2018\/02\/sliderBohinj-2.jpg\" target=\"_blank\" title=\"Bohinj\"><img src=\"https:\/\/slawistyka.uw.edu.pl\/wp-content\/uploads\/2018\/02\/sliderBohinj-2-160x120.jpg\" alt=\"Bohinj\" width=\"160\" height=\"120\" \/><span class=\"su-custom-gallery-title\">Bohinj<\/span><\/a><\/div><div class=\"su-custom-gallery-slide\"><a href=\"https:\/\/slawistyka.uw.edu.pl\/wp-content\/uploads\/2018\/02\/sliderAlpy-Kamnickie-15.jpg\" target=\"_blank\" title=\"sliderAlpy Kamnickie 15\"><img src=\"https:\/\/slawistyka.uw.edu.pl\/wp-content\/uploads\/2018\/02\/sliderAlpy-Kamnickie-15-160x120.jpg\" alt=\"sliderAlpy Kamnickie 15\" width=\"160\" height=\"120\" \/><span class=\"su-custom-gallery-title\">sliderAlpy Kamnickie 15<\/span><\/a><\/div><div class=\"su-clear\"><\/div><\/div>\n<p>&nbsp;","protected":false},"excerpt":{"rendered":"<p>&nbsp; &nbsp; &nbsp; &nbsp; &nbsp; &nbsp;<\/p>\n","protected":false},"author":760,"featured_media":0,"parent":0,"menu_order":0,"comment_status":"closed","ping_status":"closed","template":"","meta":{"_mi_skip_tracking":false,"ngg_post_thumbnail":0,"_expiration-date-status":"","_expiration-date":0,"_expiration-date-type":"","_expiration-date-categories":[],"_expiration-date-options":[]},"_links":{"self":[{"href":"https:\/\/slawistyka.uw.edu.pl\/en\/wp-json\/wp\/v2\/pages\/305"}],"collection":[{"href":"https:\/\/slawistyka.uw.edu.pl\/en\/wp-json\/wp\/v2\/pages"}],"about":[{"href":"https:\/\/slawistyka.uw.edu.pl\/en\/wp-json\/wp\/v2\/types\/page"}],"author":[{"embeddable":true,"href":"https:\/\/slawistyka.uw.edu.pl\/en\/wp-json\/wp\/v2\/users\/760"}],"replies":[{"embeddable":true,"href":"https:\/\/slawistyka.uw.edu.pl\/en\/wp-json\/wp\/v2\/comments?post=305"}],"version-history":[{"count":818,"href":"https:\/\/slawistyka.uw.edu.pl\/en\/wp-json\/wp\/v2\/pages\/305\/revisions"}],"predecessor-version":[{"id":14876,"href":"https:\/\/slawistyka.uw.edu.pl\/en\/wp-json\/wp\/v2\/pages\/305\/revisions\/14876"}],"wp:attachment":[{"href":"https:\/\/slawistyka.uw.edu.pl\/en\/wp-json\/wp\/v2\/media?parent=305"}],"curies":[{"name":"wp","href":"https:\/\/api.w.org\/{rel}","templated":true}]}}