{"id":10,"date":"2017-12-11T18:15:47","date_gmt":"2017-12-11T17:15:47","guid":{"rendered":"http:\/\/slawistyka.uw.edu.pl\/?page_id=10"},"modified":"2018-02-27T12:49:20","modified_gmt":"2018-02-27T11:49:20","slug":"instytut","status":"publish","type":"page","link":"https:\/\/slawistyka.uw.edu.pl\/pl\/instytut\/","title":{"rendered":"INSTYTUT"},"content":{"rendered":"<ul class=\"su-subpages\"><li class=\"page_item page-item-16\"><a href=\"https:\/\/slawistyka.uw.edu.pl\/pl\/instytut\/dyrekcja-instytutu\/\">Dyrekcja Instytutu<\/a><\/li>\n<li class=\"page_item page-item-409\"><a href=\"https:\/\/slawistyka.uw.edu.pl\/pl\/instytut\/dyzury-pracownikow\/\">Dy\u017cury pracownik\u00f3w<\/a><\/li>\n<li class=\"page_item page-item-389\"><a href=\"https:\/\/slawistyka.uw.edu.pl\/pl\/instytut\/historia-warszawskiej-slawistyki\/\">Historia warszawskiej slawistyki<\/a><\/li>\n<li class=\"page_item page-item-2623\"><a href=\"https:\/\/slawistyka.uw.edu.pl\/pl\/instytut\/kalendarium\/\">Kalendarium<\/a><\/li>\n<li class=\"page_item page-item-1980\"><a href=\"https:\/\/slawistyka.uw.edu.pl\/pl\/instytut\/o-instytucie\/\">O Instytucie<\/a><\/li>\n<li class=\"page_item page-item-96 page_item_has_children\"><a href=\"https:\/\/slawistyka.uw.edu.pl\/pl\/instytut\/jednostki-i-pracownicy\/\">Jednostki i pracownicy<\/a><\/li>\n<li class=\"page_item page-item-18\"><a href=\"https:\/\/slawistyka.uw.edu.pl\/pl\/instytut\/rada-naukowa\/\">Rada Instytutu Slawistyki Zachodniej i Po\u0142udniowej<\/a><\/li>\n<li class=\"page_item page-item-177\"><a href=\"https:\/\/slawistyka.uw.edu.pl\/pl\/instytut\/kontakt\/\">Kontakt<\/a><\/li>\n<\/ul>","protected":false},"excerpt":{"rendered":"<p>Przepraszamy, ten wpis jest dost\u0119pny tylko w j\u0119zyku Ameryka\u0144ski Angielski.<\/p>\n","protected":false},"author":760,"featured_media":0,"parent":0,"menu_order":1,"comment_status":"closed","ping_status":"closed","template":"","meta":{"_mi_skip_tracking":false,"ngg_post_thumbnail":0,"_expiration-date-status":"","_expiration-date":0,"_expiration-date-type":"","_expiration-date-categories":[],"_expiration-date-options":[]},"_links":{"self":[{"href":"https:\/\/slawistyka.uw.edu.pl\/pl\/wp-json\/wp\/v2\/pages\/10"}],"collection":[{"href":"https:\/\/slawistyka.uw.edu.pl\/pl\/wp-json\/wp\/v2\/pages"}],"about":[{"href":"https:\/\/slawistyka.uw.edu.pl\/pl\/wp-json\/wp\/v2\/types\/page"}],"author":[{"embeddable":true,"href":"https:\/\/slawistyka.uw.edu.pl\/pl\/wp-json\/wp\/v2\/users\/760"}],"replies":[{"embeddable":true,"href":"https:\/\/slawistyka.uw.edu.pl\/pl\/wp-json\/wp\/v2\/comments?post=10"}],"version-history":[{"count":12,"href":"https:\/\/slawistyka.uw.edu.pl\/pl\/wp-json\/wp\/v2\/pages\/10\/revisions"}],"predecessor-version":[{"id":2467,"href":"https:\/\/slawistyka.uw.edu.pl\/pl\/wp-json\/wp\/v2\/pages\/10\/revisions\/2467"}],"wp:attachment":[{"href":"https:\/\/slawistyka.uw.edu.pl\/pl\/wp-json\/wp\/v2\/media?parent=10"}],"curies":[{"name":"wp","href":"https:\/\/api.w.org\/{rel}","templated":true}]}}