{"id":11347,"date":"2024-03-05T14:00:49","date_gmt":"2024-03-05T13:00:49","guid":{"rendered":"http:\/\/slawistyka.uw.edu.pl\/?page_id=11347"},"modified":"2024-03-05T14:00:49","modified_gmt":"2024-03-05T13:00:49","slug":"aktywnosci","status":"publish","type":"page","link":"https:\/\/slawistyka.uw.edu.pl\/pl\/aktywnosci\/","title":{"rendered":"AKTYWNO\u015aCI"},"content":{"rendered":"W podzak\u0142adkach informujemy o wydarzeniach naukowych, kulturalnych, naszych spotkaniach i innych dzia\u0142aniach popularyzatorskich.","protected":false},"excerpt":{"rendered":"<p>W podzak\u0142adkach informujemy o wydarzeniach naukowych, kulturalnych, naszych spotkaniach i innych dzia\u0142aniach popularyzatorskich.<\/p>\n","protected":false},"author":650,"featured_media":0,"parent":0,"menu_order":0,"comment_status":"closed","ping_status":"closed","template":"","meta":{"_mi_skip_tracking":false,"ngg_post_thumbnail":0,"_expiration-date-status":"","_expiration-date":0,"_expiration-date-type":"","_expiration-date-categories":[],"_expiration-date-options":[]},"_links":{"self":[{"href":"https:\/\/slawistyka.uw.edu.pl\/pl\/wp-json\/wp\/v2\/pages\/11347"}],"collection":[{"href":"https:\/\/slawistyka.uw.edu.pl\/pl\/wp-json\/wp\/v2\/pages"}],"about":[{"href":"https:\/\/slawistyka.uw.edu.pl\/pl\/wp-json\/wp\/v2\/types\/page"}],"author":[{"embeddable":true,"href":"https:\/\/slawistyka.uw.edu.pl\/pl\/wp-json\/wp\/v2\/users\/650"}],"replies":[{"embeddable":true,"href":"https:\/\/slawistyka.uw.edu.pl\/pl\/wp-json\/wp\/v2\/comments?post=11347"}],"version-history":[{"count":1,"href":"https:\/\/slawistyka.uw.edu.pl\/pl\/wp-json\/wp\/v2\/pages\/11347\/revisions"}],"predecessor-version":[{"id":11348,"href":"https:\/\/slawistyka.uw.edu.pl\/pl\/wp-json\/wp\/v2\/pages\/11347\/revisions\/11348"}],"wp:attachment":[{"href":"https:\/\/slawistyka.uw.edu.pl\/pl\/wp-json\/wp\/v2\/media?parent=11347"}],"curies":[{"name":"wp","href":"https:\/\/api.w.org\/{rel}","templated":true}]}}