{"id":11354,"date":"2024-03-05T14:25:18","date_gmt":"2024-03-05T13:25:18","guid":{"rendered":"http:\/\/slawistyka.uw.edu.pl\/?page_id=11354"},"modified":"2024-03-07T11:59:27","modified_gmt":"2024-03-07T10:59:27","slug":"dyplom","status":"publish","type":"page","link":"https:\/\/slawistyka.uw.edu.pl\/pl\/studia\/dyplom\/","title":{"rendered":"Dyplom"},"content":{"rendered":"W podzak\u0142adkach znajduj\u0105 si\u0119 informacje o procedurze dyplomowania na kierunku Slawistyka, a tak\u017ce o pracach licencjackich i magisterskich, kt\u00f3re powsta\u0142y w Instytucie Slawistyki Zachodniej i Po\u0142udniowej.<\/p>\n<p><span style=\"color: #ffffff;background-color: #003366\"><strong>&nbsp;Egzaminy dyplomowe&nbsp;<\/strong><\/span><\/p>\n<p>Informacje dotycz\u0105ce procedury egzaminacyjne, zasad dyplomowania na kierunku slawistyka, przebiegu egzaminu dyplomowego oraz dokument\u00f3w niezb\u0119dnych do wydania dyplomu.<\/p>\n<p><strong>Wi\u0119cej: <a href=\"http:\/\/slawistyka.uw.edu.pl\/pl\/studia\/egzaminy-dyplomowe\/\">Egzaminy dyplomowe<\/a><\/strong><\/p>\n<p><span style=\"color: #ffffff;background-color: #003366\"><strong>&nbsp;Prace dyplomowe&nbsp;<\/strong><\/span><\/p>\n<p>Strona zawiera wytyczne dotycz\u0105ce prac dyplomowych oraz tematy prac przygotowanych w ISZiP.<\/p>\n<p><strong>Wi\u0119cej: <a href=\"http:\/\/slawistyka.uw.edu.pl\/pl\/studia\/prace-dyplomowe\/\">Prace dyplomowe<\/a><\/strong>","protected":false},"excerpt":{"rendered":"<p>W podzak\u0142adkach znajduj\u0105 si\u0119 informacje o procedurze dyplomowania na kierunku Slawistyka, a tak\u017ce o pracach licencjackich i magisterskich, kt\u00f3re powsta\u0142y [&hellip;]<\/p>\n","protected":false},"author":1422,"featured_media":0,"parent":12,"menu_order":0,"comment_status":"closed","ping_status":"closed","template":"","meta":{"_mi_skip_tracking":false,"ngg_post_thumbnail":0,"_expiration-date-status":"","_expiration-date":0,"_expiration-date-type":"","_expiration-date-categories":[],"_expiration-date-options":[]},"_links":{"self":[{"href":"https:\/\/slawistyka.uw.edu.pl\/pl\/wp-json\/wp\/v2\/pages\/11354"}],"collection":[{"href":"https:\/\/slawistyka.uw.edu.pl\/pl\/wp-json\/wp\/v2\/pages"}],"about":[{"href":"https:\/\/slawistyka.uw.edu.pl\/pl\/wp-json\/wp\/v2\/types\/page"}],"author":[{"embeddable":true,"href":"https:\/\/slawistyka.uw.edu.pl\/pl\/wp-json\/wp\/v2\/users\/1422"}],"replies":[{"embeddable":true,"href":"https:\/\/slawistyka.uw.edu.pl\/pl\/wp-json\/wp\/v2\/comments?post=11354"}],"version-history":[{"count":4,"href":"https:\/\/slawistyka.uw.edu.pl\/pl\/wp-json\/wp\/v2\/pages\/11354\/revisions"}],"predecessor-version":[{"id":11482,"href":"https:\/\/slawistyka.uw.edu.pl\/pl\/wp-json\/wp\/v2\/pages\/11354\/revisions\/11482"}],"up":[{"embeddable":true,"href":"https:\/\/slawistyka.uw.edu.pl\/pl\/wp-json\/wp\/v2\/pages\/12"}],"wp:attachment":[{"href":"https:\/\/slawistyka.uw.edu.pl\/pl\/wp-json\/wp\/v2\/media?parent=11354"}],"curies":[{"name":"wp","href":"https:\/\/api.w.org\/{rel}","templated":true}]}}