{"id":11373,"date":"2024-03-06T15:11:34","date_gmt":"2024-03-06T14:11:34","guid":{"rendered":"http:\/\/slawistyka.uw.edu.pl\/?page_id=11373"},"modified":"2024-03-06T18:39:41","modified_gmt":"2024-03-06T17:39:41","slug":"pomoc","status":"publish","type":"page","link":"https:\/\/slawistyka.uw.edu.pl\/pl\/studia\/pomoc\/","title":{"rendered":"Pomoc"},"content":{"rendered":"W podzak\u0142adkach znajduj\u0105 si\u0119 informacje dotycz\u0105ce wsparcia materialnego, zdrowotnego, psychologicznego, r\u00f3wno\u015bci oraz prawnego.<\/p>\n<p><span style=\"color: #ffffff;background-color: #003366\"><strong>&nbsp;Pomoc materialna&nbsp;<\/strong><\/span><\/p>\n<p>Stypendia socjalne, socjalne w zwi\u0119kszonej wysoko\u015bci, specjalne dla os\u00f3b z niepe\u0142nosprawno\u015bciami oraz zapomogi.<\/p>\n<p>Otrzymanie stypendium rektora i innych stypendi\u00f3w naukowych nie wyklucza mo\u017cliwo\u015bci otrzymania \u015bwiadcze\u0144 pomocy materialnej.<\/p>\n<p><strong>Wi\u0119cej: <a href=\"http:\/\/slawistyka.uw.edu.pl\/pl\/studia\/pomoc\/materialna\/\">Pomoc materialna<\/a><\/strong><\/p>\n<p><span style=\"color: #ffffff;background-color: #003366\"><strong>&nbsp;Pomoc zdrowotna&nbsp;<\/strong><\/span><\/p>\n<p>Studenci mog\u0105 korzysta\u0107 z bezp\u0142atnej podstawowej i specjalistycznej opieki medycznej. Uniwersytet Warszawski oferuje r\u00f3wnie\u017c pomoc osobom z niepe\u0142nosprawno\u015bciami.<\/p>\n<p><strong>Wi\u0119cej: <a href=\"http:\/\/slawistyka.uw.edu.pl\/pl\/studia\/pomoc\/zdrowotna\/\">Pomoc zdrowotna<\/a><\/strong><\/p>\n<p><span style=\"color: #ffffff;background-color: #003366\"><strong>&nbsp;Pomoc psychologiczna&nbsp;<\/strong><\/span><\/p>\n<p>Osoby potrzebuj\u0105ce wsparcia psychologicznego lub pomocy w adaptacji do nowych wyzwa\u0144, mog\u0105 zwr\u00f3ci\u0107 si\u0119 o pomoc do uniwersyteckich specjalist\u00f3w.<\/p>\n<p><strong>Wi\u0119cej: <a href=\"http:\/\/slawistyka.uw.edu.pl\/pl\/studia\/pomoc\/psychologiczna\/\">Pomoc psychologiczna<\/a><\/strong><\/p>\n<p><span style=\"color: #ffffff;background-color: #003366\"><strong>&nbsp;Pomoc dotycz\u0105ca r\u00f3wno\u015bci&nbsp;<\/strong><\/span><\/p>\n<p>Osoby do\u015bwiadczaj\u0105ce nieetycznych zachowa\u0144 mog\u0105 skorzysta\u0107 ze wsparcia odpowiednich os\u00f3b i jednostek uczelnianych.<\/p>\n<p>W tej podzak\u0142adce mo\u017cna si\u0119 tak\u017ce zapozna\u0107 z <em>Zarz\u0105dzeniem Rektora UW z dnia 28 lutego 2024 r. w sprawie polityki przeciwdzia\u0142ania nier\u00f3wnemu traktowaniu, dyskryminacji, mobbingowi i innym zachowaniom niepo\u017c\u0105danym w UW<\/em>.<\/p>\n<p><strong>Wi\u0119cej: <a href=\"http:\/\/slawistyka.uw.edu.pl\/pl\/studia\/pomoc\/dotyczaca-rownosci\/\">Pomoc dotycz\u0105ca r\u00f3wno\u015bci<\/a><\/strong><\/p>\n<p><span style=\"color: #ffffff;background-color: #003366\"><strong>&nbsp;Pomoc prawna&nbsp;<\/strong><\/span><\/p>\n<p>Informacje dotycz\u0105ce tego, gdzie szuka\u0107 pomocy prawnej.<\/p>\n<p><strong>Wi\u0119cej: <a href=\"http:\/\/slawistyka.uw.edu.pl\/pl\/studia\/pomoc\/prawna\/\">Pomoc prawna<\/a><\/strong>","protected":false},"excerpt":{"rendered":"<p>W podzak\u0142adkach znajduj\u0105 si\u0119 informacje dotycz\u0105ce wsparcia materialnego, zdrowotnego, psychologicznego, r\u00f3wno\u015bci oraz prawnego. &nbsp;Pomoc materialna&nbsp; Stypendia socjalne, socjalne w zwi\u0119kszonej [&hellip;]<\/p>\n","protected":false},"author":1422,"featured_media":0,"parent":12,"menu_order":0,"comment_status":"closed","ping_status":"closed","template":"","meta":{"_mi_skip_tracking":false,"ngg_post_thumbnail":0,"_expiration-date-status":"","_expiration-date":0,"_expiration-date-type":"","_expiration-date-categories":[],"_expiration-date-options":[]},"_links":{"self":[{"href":"https:\/\/slawistyka.uw.edu.pl\/pl\/wp-json\/wp\/v2\/pages\/11373"}],"collection":[{"href":"https:\/\/slawistyka.uw.edu.pl\/pl\/wp-json\/wp\/v2\/pages"}],"about":[{"href":"https:\/\/slawistyka.uw.edu.pl\/pl\/wp-json\/wp\/v2\/types\/page"}],"author":[{"embeddable":true,"href":"https:\/\/slawistyka.uw.edu.pl\/pl\/wp-json\/wp\/v2\/users\/1422"}],"replies":[{"embeddable":true,"href":"https:\/\/slawistyka.uw.edu.pl\/pl\/wp-json\/wp\/v2\/comments?post=11373"}],"version-history":[{"count":5,"href":"https:\/\/slawistyka.uw.edu.pl\/pl\/wp-json\/wp\/v2\/pages\/11373\/revisions"}],"predecessor-version":[{"id":11436,"href":"https:\/\/slawistyka.uw.edu.pl\/pl\/wp-json\/wp\/v2\/pages\/11373\/revisions\/11436"}],"up":[{"embeddable":true,"href":"https:\/\/slawistyka.uw.edu.pl\/pl\/wp-json\/wp\/v2\/pages\/12"}],"wp:attachment":[{"href":"https:\/\/slawistyka.uw.edu.pl\/pl\/wp-json\/wp\/v2\/media?parent=11373"}],"curies":[{"name":"wp","href":"https:\/\/api.w.org\/{rel}","templated":true}]}}