{"id":11376,"date":"2024-03-06T15:44:21","date_gmt":"2024-03-06T14:44:21","guid":{"rendered":"http:\/\/slawistyka.uw.edu.pl\/?page_id=11376"},"modified":"2024-03-07T09:32:40","modified_gmt":"2024-03-07T08:32:40","slug":"materialna","status":"publish","type":"page","link":"https:\/\/slawistyka.uw.edu.pl\/pl\/studia\/pomoc\/materialna\/","title":{"rendered":"Materialna"},"content":{"rendered":"Stypendia socjalne, socjalne w zwi\u0119kszonej wysoko\u015bci, specjalne dla os\u00f3b z niepe\u0142nosprawno\u015bciami oraz zapomogi.<\/p>\n<p>Otrzymanie stypendium rektora i innych stypendi\u00f3w naukowych nie wyklucza mo\u017cliwo\u015bci otrzymania \u015bwiadcze\u0144 pomocy materialnej.<\/p>\n<h6><span style=\"color: #008000\"><strong>Wnioski o stypendia socjalne, specjalne i zapomog\u0119<\/strong><\/span><\/h6>\n<p><strong>Wi\u0119cej: <a href=\"https:\/\/usosweb.uw.edu.pl\/kontroler.php?_action=news\/default\">Wnioski o stypendia&#8230;<\/a><\/strong><\/p>\n<p><strong>Uwaga!<\/strong> Wnioski s\u0105 generowane w systemie USOS<\/p>\n<h6><span style=\"color: #008000\"><strong>Stypendium dla os\u00f3b z niepe\u0142nosprawno\u015bciami <\/strong><\/span><\/h6>\n<p><strong>Wi\u0119cej: <a href=\"https:\/\/bon.uw.edu.pl\/dla-studentow\/stypendium-dla-osob-z-niepelnosprawnosciami\/\">Stypendium dla os\u00f3b z niepe\u0142nosprawno\u015bciami<\/a><\/strong><\/p>\n<h6><span style=\"color: #008000\"><strong>Miejsce w Domu Studenta <\/strong><\/span><\/h6>\n<p><strong>Wi\u0119cej: <a href=\"https:\/\/bpm.uw.edu.pl\/akademik\/\">Miejsce w DS<\/a><\/strong><\/p>\n<h6><span style=\"color: #008000\"><strong>Kredyt studencki<\/strong><\/span><\/h6>\n<p><strong>Wi\u0119cej: <a href=\"https:\/\/bok.uw.edu.pl\/kredyty-dla-studentow\/\">Kredyt studencki<\/a><\/strong><\/p>\n<h6><span style=\"color: #008000\"><strong>Stypendia pomostowe<\/strong><\/span><\/h6>\n<p><strong>Wi\u0119cej: <a href=\"https:\/\/www.stypendia-pomostowe.pl\/\">Stypendia pomostowe<\/a><\/strong><\/p>\n<h6><span style=\"color: #008000\"><strong>Stypendia m.st. Warszawy im. Jana Paw\u0142a II<\/strong><\/span><\/h6>\n<p><strong>Wi\u0119cej: <a href=\"https:\/\/www.centrumjp2.pl\/stypendia\/\">Stypendia m.st. Warszawy<\/a><\/strong><\/p>\n<p>&nbsp;<\/p>\n<p><span style=\"color: #ffffff;background-color: #003366\"><strong>&nbsp;Wa\u017cne informacje&nbsp;<\/strong><\/span><\/p>\n<h6><strong><span style=\"color: #008000\">Komunikat Rektora w sprawie termin\u00f3w oraz formy ubiegania si\u0119 o \u015bwiadczenia pomocy materialnej w roku akademickim 2023\/2024 (dla student\u00f3w)<\/span><\/strong><\/h6>\n<p><strong>Wi\u0119cej: <a href=\"https:\/\/bpm.uw.edu.pl\/komunikat-rektora-w-sprawie-terminow-oraz-formy-ubiegania-sie-o-swiadczenia-pomocy-materialnej-w-roku-akademickim-2023-2024-dla-studentow\/\">Komunikat Rektora<\/a><\/strong><\/p>\n<p>&nbsp;<\/p>\n<p><span style=\"color: #ffffff;background-color: #003366\"><strong>&nbsp;Przydatne linki&nbsp;<\/strong><\/span><\/p>\n<p><strong><span style=\"color: #008000\">\u2022 Biuro ds. Os\u00f3b z Niepe\u0142nosprawno\u015bciami<\/span><\/strong><\/p>\n<p><strong>Wi\u0119cej: <a href=\"https:\/\/bon.uw.edu.pl\/\">BON UW<\/a><\/strong><\/p>\n<p><span style=\"color: #008000\"><strong>\u2022 Biuro ds. Pomocy Materialnej UW<\/strong><\/span><\/p>\n<p><strong>Wi\u0119cej: <\/strong><a href=\"https:\/\/bpm.uw.edu.pl\/kontakt\/\"><strong>BPM UW<\/strong><\/a>","protected":false},"excerpt":{"rendered":"<p>Stypendia socjalne, socjalne w zwi\u0119kszonej wysoko\u015bci, specjalne dla os\u00f3b z niepe\u0142nosprawno\u015bciami oraz zapomogi. Otrzymanie stypendium rektora i innych stypendi\u00f3w naukowych [&hellip;]<\/p>\n","protected":false},"author":1422,"featured_media":0,"parent":11373,"menu_order":0,"comment_status":"closed","ping_status":"closed","template":"","meta":{"_mi_skip_tracking":false,"ngg_post_thumbnail":0,"_expiration-date-status":"","_expiration-date":0,"_expiration-date-type":"","_expiration-date-categories":[],"_expiration-date-options":[]},"_links":{"self":[{"href":"https:\/\/slawistyka.uw.edu.pl\/pl\/wp-json\/wp\/v2\/pages\/11376"}],"collection":[{"href":"https:\/\/slawistyka.uw.edu.pl\/pl\/wp-json\/wp\/v2\/pages"}],"about":[{"href":"https:\/\/slawistyka.uw.edu.pl\/pl\/wp-json\/wp\/v2\/types\/page"}],"author":[{"embeddable":true,"href":"https:\/\/slawistyka.uw.edu.pl\/pl\/wp-json\/wp\/v2\/users\/1422"}],"replies":[{"embeddable":true,"href":"https:\/\/slawistyka.uw.edu.pl\/pl\/wp-json\/wp\/v2\/comments?post=11376"}],"version-history":[{"count":16,"href":"https:\/\/slawistyka.uw.edu.pl\/pl\/wp-json\/wp\/v2\/pages\/11376\/revisions"}],"predecessor-version":[{"id":11481,"href":"https:\/\/slawistyka.uw.edu.pl\/pl\/wp-json\/wp\/v2\/pages\/11376\/revisions\/11481"}],"up":[{"embeddable":true,"href":"https:\/\/slawistyka.uw.edu.pl\/pl\/wp-json\/wp\/v2\/pages\/11373"}],"wp:attachment":[{"href":"https:\/\/slawistyka.uw.edu.pl\/pl\/wp-json\/wp\/v2\/media?parent=11376"}],"curies":[{"name":"wp","href":"https:\/\/api.w.org\/{rel}","templated":true}]}}