{"id":11392,"date":"2024-03-06T15:55:12","date_gmt":"2024-03-06T14:55:12","guid":{"rendered":"http:\/\/slawistyka.uw.edu.pl\/?page_id=11392"},"modified":"2024-03-06T16:57:40","modified_gmt":"2024-03-06T15:57:40","slug":"zdrowotna","status":"publish","type":"page","link":"https:\/\/slawistyka.uw.edu.pl\/pl\/studia\/pomoc\/zdrowotna\/","title":{"rendered":"Zdrowotna"},"content":{"rendered":"Studenci mog\u0105 korzysta\u0107 z bezp\u0142atnej podstawowej i specjalistycznej opieki medycznej.<strong><br \/>\n<\/strong>Uniwersytet Warszawski oferuje r\u00f3wnie\u017c pomoc osobom z niepe\u0142nosprawno\u015bciami.<\/p>\n<h6><strong>Opieka medyczna (przychodnie)<\/strong><\/h6>\n<p><strong>Wi\u0119cej: <a href=\"https:\/\/www.uw.edu.pl\/opieka-medyczna\/\">Przychodnie<\/a><\/strong><\/p>\n<h6><strong>Ubezpieczenia zdrowotne<\/strong><\/h6>\n<p><strong>Wi\u0119cej: <a href=\"https:\/\/www.uw.edu.pl\/opieka-medyczna\/\">Ubezpieczenia<\/a><\/strong><\/p>\n<h6><strong>Transport specjalistyczny i wsparcie asystent\u00f3w w przemieszczaniu si\u0119 na zaj\u0119cia<\/strong><\/h6>\n<p><strong>Wi\u0119cej: <a href=\"https:\/\/bon.uw.edu.pl\/dla-studentow\/transport\/\">Transport<\/a><\/strong><\/p>\n<h6><strong>Wsparcie t\u0142umacza j\u0119zyka migowego<\/strong><\/h6>\n<p><strong>Wi\u0119cej: <a href=\"https:\/\/bon.uw.edu.pl\/dla-studentow\/tlumacz-pjm\/\">T\u0142umacz PJM<\/a><\/strong><\/p>\n<h6><strong>Wsparcie technologiczne dla os\u00f3b z niepe\u0142nosprawno\u015bciami<\/strong><\/h6>\n<p><strong>Wi\u0119cej: <a href=\"https:\/\/bon.uw.edu.pl\/dla-studentow\/wsparcie-techniczne\/\">Wsparcie techniczne<\/a><\/strong><\/p>\n<h6><strong>Urlop zdrowotny<\/strong><\/h6>\n<p><strong>Wi\u0119cej: <a href=\"https:\/\/bon.uw.edu.pl\/dla-studentow\/urlop-zdrowotny\/\">Urlop zdrowotny<\/a><\/strong><\/p>\n<p>&nbsp;<\/p>\n<p><span style=\"color: #ffffff;background-color: #003366\"><strong>&nbsp;Przydatne linki&nbsp;<\/strong><\/span><\/p>\n<h6><strong>Biuro ds. Os\u00f3b z Niepe\u0142nosprawno\u015bciami<\/strong><\/h6>\n<p><strong>Wi\u0119cej: <a href=\"https:\/\/bon.uw.edu.pl\/\">BON UW<\/a><\/strong><\/p>\n<h6><strong>Studenckie Zrzeszenie Os\u00f3b Niepe\u0142nosprawnych UW<\/strong><\/h6>\n<p><strong>Wi\u0119cej: <a href=\"https:\/\/bon.uw.edu.pl\/dla-studentow\/studenckie-zrzeszenie-osob-niepelnosprawnych-uw\/\">Zrzeszenie<\/a><\/strong>","protected":false},"excerpt":{"rendered":"<p>Studenci mog\u0105 korzysta\u0107 z bezp\u0142atnej podstawowej i specjalistycznej opieki medycznej. Uniwersytet Warszawski oferuje r\u00f3wnie\u017c pomoc osobom z niepe\u0142nosprawno\u015bciami. Opieka medyczna [&hellip;]<\/p>\n","protected":false},"author":1422,"featured_media":0,"parent":11373,"menu_order":0,"comment_status":"closed","ping_status":"closed","template":"","meta":{"_mi_skip_tracking":false,"ngg_post_thumbnail":0,"_expiration-date-status":"","_expiration-date":0,"_expiration-date-type":"","_expiration-date-categories":[],"_expiration-date-options":[]},"_links":{"self":[{"href":"https:\/\/slawistyka.uw.edu.pl\/pl\/wp-json\/wp\/v2\/pages\/11392"}],"collection":[{"href":"https:\/\/slawistyka.uw.edu.pl\/pl\/wp-json\/wp\/v2\/pages"}],"about":[{"href":"https:\/\/slawistyka.uw.edu.pl\/pl\/wp-json\/wp\/v2\/types\/page"}],"author":[{"embeddable":true,"href":"https:\/\/slawistyka.uw.edu.pl\/pl\/wp-json\/wp\/v2\/users\/1422"}],"replies":[{"embeddable":true,"href":"https:\/\/slawistyka.uw.edu.pl\/pl\/wp-json\/wp\/v2\/comments?post=11392"}],"version-history":[{"count":5,"href":"https:\/\/slawistyka.uw.edu.pl\/pl\/wp-json\/wp\/v2\/pages\/11392\/revisions"}],"predecessor-version":[{"id":11424,"href":"https:\/\/slawistyka.uw.edu.pl\/pl\/wp-json\/wp\/v2\/pages\/11392\/revisions\/11424"}],"up":[{"embeddable":true,"href":"https:\/\/slawistyka.uw.edu.pl\/pl\/wp-json\/wp\/v2\/pages\/11373"}],"wp:attachment":[{"href":"https:\/\/slawistyka.uw.edu.pl\/pl\/wp-json\/wp\/v2\/media?parent=11392"}],"curies":[{"name":"wp","href":"https:\/\/api.w.org\/{rel}","templated":true}]}}