{"id":11398,"date":"2024-03-06T16:03:54","date_gmt":"2024-03-06T15:03:54","guid":{"rendered":"http:\/\/slawistyka.uw.edu.pl\/?page_id=11398"},"modified":"2024-03-06T16:44:28","modified_gmt":"2024-03-06T15:44:28","slug":"psychologiczna","status":"publish","type":"page","link":"https:\/\/slawistyka.uw.edu.pl\/pl\/studia\/pomoc\/psychologiczna\/","title":{"rendered":"Psychologiczna"},"content":{"rendered":"Osoby potrzebuj\u0105ce wsparcia psychologicznego lub pomocy w adaptacji do nowych wyzwa\u0144, mog\u0105 zwr\u00f3ci\u0107 si\u0119 o pomoc do uniwersyteckich specjalist\u00f3w.<\/p>\n<h6><strong>Centrum Pomocy Psychologicznej UW<\/strong><\/h6>\n<p><strong>Wi\u0119cej: <a href=\"https:\/\/cpp.uw.edu.pl\/\">CPP UW<\/a><\/strong><\/p>\n<h6><strong>Biuro ds. Os\u00f3b z Niepe\u0142nosprawno\u015bciami<\/strong><\/h6>\n<p><strong>Wi\u0119cej: <a href=\"https:\/\/bon.uw.edu.pl\/kontakt\/\">BON UW<\/a><\/strong>","protected":false},"excerpt":{"rendered":"<p>Osoby potrzebuj\u0105ce wsparcia psychologicznego lub pomocy w adaptacji do nowych wyzwa\u0144, mog\u0105 zwr\u00f3ci\u0107 si\u0119 o pomoc do uniwersyteckich specjalist\u00f3w. Centrum [&hellip;]<\/p>\n","protected":false},"author":1422,"featured_media":0,"parent":11373,"menu_order":0,"comment_status":"closed","ping_status":"closed","template":"","meta":{"_mi_skip_tracking":false,"ngg_post_thumbnail":0,"_expiration-date-status":"","_expiration-date":0,"_expiration-date-type":"","_expiration-date-categories":[],"_expiration-date-options":[]},"_links":{"self":[{"href":"https:\/\/slawistyka.uw.edu.pl\/pl\/wp-json\/wp\/v2\/pages\/11398"}],"collection":[{"href":"https:\/\/slawistyka.uw.edu.pl\/pl\/wp-json\/wp\/v2\/pages"}],"about":[{"href":"https:\/\/slawistyka.uw.edu.pl\/pl\/wp-json\/wp\/v2\/types\/page"}],"author":[{"embeddable":true,"href":"https:\/\/slawistyka.uw.edu.pl\/pl\/wp-json\/wp\/v2\/users\/1422"}],"replies":[{"embeddable":true,"href":"https:\/\/slawistyka.uw.edu.pl\/pl\/wp-json\/wp\/v2\/comments?post=11398"}],"version-history":[{"count":3,"href":"https:\/\/slawistyka.uw.edu.pl\/pl\/wp-json\/wp\/v2\/pages\/11398\/revisions"}],"predecessor-version":[{"id":11402,"href":"https:\/\/slawistyka.uw.edu.pl\/pl\/wp-json\/wp\/v2\/pages\/11398\/revisions\/11402"}],"up":[{"embeddable":true,"href":"https:\/\/slawistyka.uw.edu.pl\/pl\/wp-json\/wp\/v2\/pages\/11373"}],"wp:attachment":[{"href":"https:\/\/slawistyka.uw.edu.pl\/pl\/wp-json\/wp\/v2\/media?parent=11398"}],"curies":[{"name":"wp","href":"https:\/\/api.w.org\/{rel}","templated":true}]}}