{"id":11415,"date":"2024-03-06T16:41:13","date_gmt":"2024-03-06T15:41:13","guid":{"rendered":"http:\/\/slawistyka.uw.edu.pl\/?page_id=11415"},"modified":"2024-03-06T18:42:30","modified_gmt":"2024-03-06T17:42:30","slug":"prawna","status":"publish","type":"page","link":"https:\/\/slawistyka.uw.edu.pl\/pl\/studia\/pomoc\/prawna\/","title":{"rendered":"Prawna"},"content":{"rendered":"Poni\u017cej znajduj\u0105 si\u0119 informacje, gdzie mo\u017cna si\u0119 zwr\u00f3ci\u0107 pomoc prawn\u0105.<\/p>\n<h6><strong>Ombudsman (rzecznik akademicki do spraw studenckich i pracowniczych)<\/strong><\/h6>\n<p><strong>Wi\u0119cej: <a href=\"http:\/\/ombudsman.uw.edu.pl\/\">Ombudsman UW<\/a><\/strong><\/p>\n<h6><strong>Akademicka Poradnia Prawna<\/strong><\/h6>\n<p><strong>Wi\u0119cej: <a href=\"https:\/\/akademickaporadniaprawna.pl\/\">APP<\/a><\/strong><\/p>\n<h6><strong>Centrum Rozwi\u0105zywania Spor\u00f3w i Konflikt\u00f3w<\/strong><\/h6>\n<p><strong>Wi\u0119cej: <a href=\"https:\/\/mediacje.wpia.uw.edu.pl\/\">Mediacje<\/a><\/strong>","protected":false},"excerpt":{"rendered":"<p>Poni\u017cej znajduj\u0105 si\u0119 informacje, gdzie mo\u017cna si\u0119 zwr\u00f3ci\u0107 pomoc prawn\u0105. Ombudsman (rzecznik akademicki do spraw studenckich i pracowniczych) Wi\u0119cej: Ombudsman [&hellip;]<\/p>\n","protected":false},"author":1422,"featured_media":0,"parent":11373,"menu_order":0,"comment_status":"closed","ping_status":"closed","template":"","meta":{"_mi_skip_tracking":false,"ngg_post_thumbnail":0,"_expiration-date-status":"","_expiration-date":0,"_expiration-date-type":"","_expiration-date-categories":[],"_expiration-date-options":[]},"_links":{"self":[{"href":"https:\/\/slawistyka.uw.edu.pl\/pl\/wp-json\/wp\/v2\/pages\/11415"}],"collection":[{"href":"https:\/\/slawistyka.uw.edu.pl\/pl\/wp-json\/wp\/v2\/pages"}],"about":[{"href":"https:\/\/slawistyka.uw.edu.pl\/pl\/wp-json\/wp\/v2\/types\/page"}],"author":[{"embeddable":true,"href":"https:\/\/slawistyka.uw.edu.pl\/pl\/wp-json\/wp\/v2\/users\/1422"}],"replies":[{"embeddable":true,"href":"https:\/\/slawistyka.uw.edu.pl\/pl\/wp-json\/wp\/v2\/comments?post=11415"}],"version-history":[{"count":7,"href":"https:\/\/slawistyka.uw.edu.pl\/pl\/wp-json\/wp\/v2\/pages\/11415\/revisions"}],"predecessor-version":[{"id":11437,"href":"https:\/\/slawistyka.uw.edu.pl\/pl\/wp-json\/wp\/v2\/pages\/11415\/revisions\/11437"}],"up":[{"embeddable":true,"href":"https:\/\/slawistyka.uw.edu.pl\/pl\/wp-json\/wp\/v2\/pages\/11373"}],"wp:attachment":[{"href":"https:\/\/slawistyka.uw.edu.pl\/pl\/wp-json\/wp\/v2\/media?parent=11415"}],"curies":[{"name":"wp","href":"https:\/\/api.w.org\/{rel}","templated":true}]}}