{"id":11505,"date":"2024-03-10T16:19:49","date_gmt":"2024-03-10T15:19:49","guid":{"rendered":"http:\/\/slawistyka.uw.edu.pl\/?page_id=11505"},"modified":"2024-11-07T10:49:24","modified_gmt":"2024-11-07T09:49:24","slug":"podcast","status":"publish","type":"page","link":"https:\/\/slawistyka.uw.edu.pl\/pl\/podcast\/","title":{"rendered":"Podcast TalkSlav"},"content":{"rendered":"Zapraszamy do wys\u0142uchania podcastu przygotowywanego przez Ko\u0142o Naukowe Slawist\u00f3w UW.<\/p>\n<p>Znajdziecie nas tutaj: <a href=\"https:\/\/www.youtube.com\/@knslawistow\">YouTube<\/a>.<\/p>\n<div id=\"attachment_12037\" style=\"width: 222px\" class=\"wp-caption alignleft\"><img aria-describedby=\"caption-attachment-12037\" loading=\"lazy\" class=\"size-medium wp-image-12037\" src=\"http:\/\/slawistyka.uw.edu.pl\/wp-content\/uploads\/sites\/283\/2024\/04\/Podcast-slawistow-UW_TalkSlav-212x300.png\" alt=\"Zapraszamy do wys\u0142uchania slawistycznych podcast\u00f3w!\" width=\"212\" height=\"300\" srcset=\"https:\/\/slawistyka.uw.edu.pl\/wp-content\/uploads\/2024\/04\/Podcast-slawistow-UW_TalkSlav-212x300.png 212w, https:\/\/slawistyka.uw.edu.pl\/wp-content\/uploads\/2024\/04\/Podcast-slawistow-UW_TalkSlav-724x1024.png 724w, https:\/\/slawistyka.uw.edu.pl\/wp-content\/uploads\/2024\/04\/Podcast-slawistow-UW_TalkSlav-768x1086.png 768w, https:\/\/slawistyka.uw.edu.pl\/wp-content\/uploads\/2024\/04\/Podcast-slawistow-UW_TalkSlav-1086x1536.png 1086w, https:\/\/slawistyka.uw.edu.pl\/wp-content\/uploads\/2024\/04\/Podcast-slawistow-UW_TalkSlav-1448x2048.png 1448w, https:\/\/slawistyka.uw.edu.pl\/wp-content\/uploads\/2024\/04\/Podcast-slawistow-UW_TalkSlav.png 1587w\" sizes=\"(max-width: 212px) 100vw, 212px\" \/><p id=\"caption-attachment-12037\" class=\"wp-caption-text\">Zapraszamy do wys\u0142uchania slawistycznych podcast\u00f3w!<\/p><\/div>\n<p>22. <a href=\"https:\/\/www.youtube.com\/watch?v=SYS-HNVhi7Q\"><strong>Przyjemnie jest wiedzie\u0107 wi\u0119cej &#8211; kulisy studi\u00f3w trzeciego stopnia<\/strong><\/a><\/p>\n<p>21. <a href=\"https:\/\/www.youtube.com\/watch?v=YtIEcC5kycE\"><strong>Bli\u017e\u0161ie k sebe diel po slovensky<\/strong><\/a><\/p>\n<p>20. <a href=\"https:\/\/www.youtube.com\/watch?v=AVvstfs1yA8\"><strong>Historia ziem s\u0142owackich<\/strong><\/a><\/p>\n<p>19. <a href=\"https:\/\/www.youtube.com\/watch?v=Ifq8o6zSQBc\"><strong>\u010clov\u011bk a \u017eeleznice &#8211; d\u00edl v \u010de\u0161tin\u011b<\/strong><\/a><\/p>\n<p>18. <a href=\"https:\/\/www.youtube.com\/watch?v=mcXXPvtEf5U\"><strong>S\u0142owacki polonista<\/strong><\/a><\/p>\n<p>17. <a href=\"https:\/\/www.youtube.com\/watch?v=vWmLm18aunA\"><strong>W labiryncie uniwersyteckich bibliotek Dlaczego warto zab\u0142\u0105dzi\u0107 do biblioteki ISZiP u<\/strong><\/a><\/p>\n<p>16. <strong><a href=\"https:\/\/www.youtube.com\/watch?v=2izhWYLp2Q0&amp;list=PL5HJHiaYfRYWFeKzL3gi7-Z3dimAq7oXn&amp;index=15\">Slov\u00e1k v \u010ceskej republike &#8211; diel po slovensky<\/a><\/strong><\/p>\n<p>15. <a href=\"https:\/\/www.youtube.com\/watch?v=V9bkkSP5oCs\"><strong>To\u017csamo\u015b\u0107 narodowa Bo\u015bniak\u00f3w<\/strong><\/a><\/p>\n<p>14. <a href=\"https:\/\/www.youtube.com\/watch?v=l9ogGUxXrrs\"><strong>Serbia &#8211; podr\u00f3\u017ce po kulturze<\/strong><\/a><\/p>\n<p>13. <strong><a href=\"https:\/\/www.youtube.com\/watch?v=vD-1qI4Me4E\">\u017divot na slovenskom Spi\u0161i &#8211; diel po slovensky<\/a><\/strong><\/p>\n<p>12. <a href=\"https:\/\/www.youtube.com\/watch?v=YDye2EaNSWg\"><strong>Sylwester w S\u0142owenii, czyli o zwyczajach noworocznych S\u0142owe\u0144c\u00f3w i S\u0142owenek<\/strong><\/a><\/p>\n<p>11. <a href=\"https:\/\/www.youtube.com\/watch?v=BxrO4_5eAqY\"><strong>Bohemista rusza na podb\u00f3j Pragi. Absolwent bohemistyki w ISZiP o sta\u017cu w Czeskim Narodowym Korpusie<\/strong><\/a><\/p>\n<p>10. <a href=\"https:\/\/www.youtube.com\/watch?v=Hwhmh8fNxVY\"><strong>By\u0107 jak stary Grek. Szoki kulturowe w krajach s\u0142owia\u0144skich i nie tylko<\/strong><\/a><\/p>\n<p><span style=\"color: #ffffff\">0<\/span>9. <a href=\"https:\/\/www.youtube.com\/watch?v=Dom6-2HDlRQ\"><strong>A mo\u017ce by tak certyfikat j\u0119zykowy z Czech? Egzamin C1 z j\u0119zyka czeskiego<\/strong><\/a><\/p>\n<p><span style=\"color: #ffffff\">0<\/span>8. <a href=\"https:\/\/www.youtube.com\/watch?v=PLJzR3nU-Kg\"><strong>TrzyMaj si\u0119, S\u0142owacjo!<\/strong><\/a><\/p>\n<p><span style=\"color: #ffffff\">0<\/span>7.<strong> <a href=\"https:\/\/www.youtube.com\/watch?v=zJQrX_XIVEc\">O studenckich wakacjach w szko\u0142ach j\u0119zykowych<\/a><\/strong><\/p>\n<p><span style=\"color: #ffffff\">0<\/span>6. <strong><a href=\"https:\/\/www.youtube.com\/watch?v=khYaXpxNVqY\">Witamy w ISZiP-ie! Poznajcie nasze studia<\/a><\/strong><\/p>\n<p><span style=\"color: #ffffff\">0<\/span>5. <strong><a href=\"https:\/\/www.youtube.com\/watch?v=-Lk4lDSMP7k\">Z Grecji do Polski &#8211; trzy pokolenia emigracji Macedo\u0144czyk\u00f3w<\/a><\/strong><\/p>\n<p><span style=\"color: #ffffff\">0<\/span>4.<strong> <a href=\"http:\/\/slawistyka.uw.edu.pl\/pl\/2024\/04\/07\/talkslav-ep-4-o-tlumaczeniu-slowackiego-serialu\/\">Obejrzyjmy co\u015b fajnego&#8230; O kulisach t\u0142umaczenia s\u0142owackiego serialu na polski<\/a><\/strong><\/p>\n<p><span style=\"color: #ffffff\">0<\/span>3. <strong><a href=\"http:\/\/slawistyka.uw.edu.pl\/pl\/2024\/03\/23\/talkslav-ep-3-jak-to-jest-na-erasmusie\/\">Jak to jest na Erasmusie?<\/a><\/strong><\/p>\n<p class=\"entry-title\"><span style=\"color: #ffffff\">0<\/span>2.<strong> <a href=\"http:\/\/slawistyka.uw.edu.pl\/pl\/2024\/03\/16\/talkslav-ep-2-studiowanie-lub-uczenie-sie-wiekszej-liczby-jezykow-slowianskich\/\">Studiowanie lub uczenie si\u0119 wi\u0119kszej liczby j\u0119zyk\u00f3w s\u0142owia\u0144skich<\/a><\/strong><\/p>\n<p class=\"entry-title\"><span style=\"color: #ffffff\">0<\/span>1.<strong> <a href=\"http:\/\/slawistyka.uw.edu.pl\/pl\/2024\/03\/10\/slavtalk-ep-1-pilot\/\">Pilot<\/a><\/strong><\/p>","protected":false},"excerpt":{"rendered":"<p>Zapraszamy do wys\u0142uchania podcastu przygotowywanego przez Ko\u0142o Naukowe Slawist\u00f3w UW. Znajdziecie nas tutaj: YouTube. 22. Przyjemnie jest wiedzie\u0107 wi\u0119cej &#8211; [&hellip;]<\/p>\n","protected":false},"author":650,"featured_media":0,"parent":0,"menu_order":0,"comment_status":"closed","ping_status":"closed","template":"","meta":{"_mi_skip_tracking":false,"ngg_post_thumbnail":0,"_expiration-date-status":"","_expiration-date":0,"_expiration-date-type":"","_expiration-date-categories":[],"_expiration-date-options":[]},"_links":{"self":[{"href":"https:\/\/slawistyka.uw.edu.pl\/pl\/wp-json\/wp\/v2\/pages\/11505"}],"collection":[{"href":"https:\/\/slawistyka.uw.edu.pl\/pl\/wp-json\/wp\/v2\/pages"}],"about":[{"href":"https:\/\/slawistyka.uw.edu.pl\/pl\/wp-json\/wp\/v2\/types\/page"}],"author":[{"embeddable":true,"href":"https:\/\/slawistyka.uw.edu.pl\/pl\/wp-json\/wp\/v2\/users\/650"}],"replies":[{"embeddable":true,"href":"https:\/\/slawistyka.uw.edu.pl\/pl\/wp-json\/wp\/v2\/comments?post=11505"}],"version-history":[{"count":20,"href":"https:\/\/slawistyka.uw.edu.pl\/pl\/wp-json\/wp\/v2\/pages\/11505\/revisions"}],"predecessor-version":[{"id":12885,"href":"https:\/\/slawistyka.uw.edu.pl\/pl\/wp-json\/wp\/v2\/pages\/11505\/revisions\/12885"}],"wp:attachment":[{"href":"https:\/\/slawistyka.uw.edu.pl\/pl\/wp-json\/wp\/v2\/media?parent=11505"}],"curies":[{"name":"wp","href":"https:\/\/api.w.org\/{rel}","templated":true}]}}