{"id":11595,"date":"2024-03-12T12:10:48","date_gmt":"2024-03-12T11:10:48","guid":{"rendered":"http:\/\/slawistyka.uw.edu.pl\/?page_id=11595"},"modified":"2024-03-12T12:10:48","modified_gmt":"2024-03-12T11:10:48","slug":"konferencje-kns","status":"publish","type":"page","link":"https:\/\/slawistyka.uw.edu.pl\/pl\/konferencje-kns\/","title":{"rendered":"Konferencje KNS"},"content":{"rendered":"W poszczeg\u00f3lnych zak\u0142adkach znajduj\u0105 si\u0119 informacje o konferencjach organizowanych przez Ko\u0142o Naukowe Slawist\u00f3w.&nbsp;","protected":false},"excerpt":{"rendered":"<p>W poszczeg\u00f3lnych zak\u0142adkach znajduj\u0105 si\u0119 informacje o konferencjach organizowanych przez Ko\u0142o Naukowe Slawist\u00f3w.&nbsp;<\/p>\n","protected":false},"author":650,"featured_media":0,"parent":0,"menu_order":0,"comment_status":"closed","ping_status":"closed","template":"","meta":{"_mi_skip_tracking":false,"ngg_post_thumbnail":0,"_expiration-date-status":"","_expiration-date":0,"_expiration-date-type":"","_expiration-date-categories":[],"_expiration-date-options":[]},"_links":{"self":[{"href":"https:\/\/slawistyka.uw.edu.pl\/pl\/wp-json\/wp\/v2\/pages\/11595"}],"collection":[{"href":"https:\/\/slawistyka.uw.edu.pl\/pl\/wp-json\/wp\/v2\/pages"}],"about":[{"href":"https:\/\/slawistyka.uw.edu.pl\/pl\/wp-json\/wp\/v2\/types\/page"}],"author":[{"embeddable":true,"href":"https:\/\/slawistyka.uw.edu.pl\/pl\/wp-json\/wp\/v2\/users\/650"}],"replies":[{"embeddable":true,"href":"https:\/\/slawistyka.uw.edu.pl\/pl\/wp-json\/wp\/v2\/comments?post=11595"}],"version-history":[{"count":1,"href":"https:\/\/slawistyka.uw.edu.pl\/pl\/wp-json\/wp\/v2\/pages\/11595\/revisions"}],"predecessor-version":[{"id":11596,"href":"https:\/\/slawistyka.uw.edu.pl\/pl\/wp-json\/wp\/v2\/pages\/11595\/revisions\/11596"}],"wp:attachment":[{"href":"https:\/\/slawistyka.uw.edu.pl\/pl\/wp-json\/wp\/v2\/media?parent=11595"}],"curies":[{"name":"wp","href":"https:\/\/api.w.org\/{rel}","templated":true}]}}