{"id":12,"date":"2017-12-11T18:16:47","date_gmt":"2017-12-11T17:16:47","guid":{"rendered":"http:\/\/slawistyka.uw.edu.pl\/?page_id=12"},"modified":"2025-10-02T09:51:00","modified_gmt":"2025-10-02T07:51:00","slug":"studia","status":"publish","type":"page","link":"https:\/\/slawistyka.uw.edu.pl\/pl\/studia\/","title":{"rendered":"STUDIA"},"content":{"rendered":"W Instytucie Slawistyki Zachodniej i Po\u0142udniowej prowadzone s\u0105 studia dwustopniowe, licencjackie i magisterskie. Studia doktoranckie prowadzone s\u0105 w <a href=\"https:\/\/szkolydoktorskie.uw.edu.pl\/\">Szko\u0142ach Doktorskich UW<\/a>.<\/p>\n<p>W ramach studi\u00f3w proponujemy wyb\u00f3r jednej z sze\u015bciu specjalno\u015bci, zwi\u0105zanych z j\u0119zykiem kierunkowym (<a href=\"http:\/\/slawistyka.uw.edu.pl\/pl\/rekrutacja\/specjalnosci\/bohemistyka\/\">czeskim<\/a>, <a href=\"http:\/\/slawistyka.uw.edu.pl\/pl\/rekrutacja\/specjalnosci\/slowacystyka\/\">s\u0142owackim<\/a>, <a href=\"http:\/\/slawistyka.uw.edu.pl\/pl\/rekrutacja\/specjalnosci\/slowenistyka\/\">s\u0142owe\u0144skim<\/a>, <a href=\"http:\/\/slawistyka.uw.edu.pl\/pl\/rekrutacja\/specjalnosci\/kroatystyka\/\">chorwackim<\/a>, <a href=\"http:\/\/slawistyka.uw.edu.pl\/pl\/rekrutacja\/specjalnosci\/serbistyka\/\">serbskim<\/a> lub <a href=\"http:\/\/slawistyka.uw.edu.pl\/pl\/rekrutacja\/specjalnosci\/bulgarystyka\/\">bu\u0142garskim<\/a>).<\/p>\n<p>Szczeg\u00f3\u0142owe informacje znajd\u0105 Pa\u0144stwo, korzystaj\u0105c z rozwijanego menu lub klikaj\u0105c na odpowiednie linki:<\/p>\n<p><strong><span style=\"color: #ffffff;background-color: #003366\">&nbsp;Plan zaj\u0119\u0107&nbsp;<\/span><\/strong><\/p>\n<p>Semestr zimowy 2025\/2026. <a href=\"http:\/\/slawistyka.uw.edu.pl\/pl\/studia\/plan-zajec-semestr-zimowy-2024-2025\/\"><strong>Wi\u0119cej<\/strong><\/a><\/p>\n<p>Semestr letni 2025\/2026.<\/p>\n<p><strong><span style=\"color: #ffffff;background-color: #003366\">&nbsp;Kalendarz akademicki&nbsp;<\/span> <\/strong><\/p>\n<p>Harmonogram roku akademickiego.&nbsp;<a href=\"http:\/\/slawistyka.uw.edu.pl\/pl\/studia\/kalendarz-akademicki-2024-2025\/\"><strong>Wi\u0119cej<\/strong><\/a><\/p>\n<p><strong><span style=\"color: #ffffff;background-color: #003366\">&nbsp;Program studi\u00f3w&nbsp;<\/span> <\/strong><\/p>\n<p>Informacje o aktualnych programach studi\u00f3w licencjackich i magisterskich.&nbsp;<strong><a href=\"http:\/\/slawistyka.uw.edu.pl\/pl\/studia\/program-studiow\/\">Wi\u0119cej<\/a><\/strong><\/p>\n<p><strong><span style=\"color: #ffffff;background-color: #003366\">&nbsp;Stypendia naukowe i wyjazdy&nbsp;<\/span><\/strong><\/p>\n<p>Informacje o stypendiach naukowych, wyjazdach oraz mo\u017cliwo\u015bciach odbycia studi\u00f3w cz\u0119\u015bciowych na innych uczelniach.&nbsp;<strong> <a href=\"http:\/\/slawistyka.uw.edu.pl\/pl\/studia\/stypendia\/\">Wi\u0119cej<\/a><\/strong><\/p>\n<p><strong><span style=\"color: #ffffff;background-color: #003366\">&nbsp;Dyplom&nbsp;<\/span><\/strong><\/p>\n<p>Jak przygotowa\u0107 prac\u0119 dyplomow\u0105, jak wygl\u0105da procedura dyplomowania, tematy prac licencjackich i magisterskich.&nbsp;<strong> <a href=\"http:\/\/slawistyka.uw.edu.pl\/pl\/dyplom\/\">Wi\u0119cej<\/a><\/strong><\/p>\n<p><strong><span style=\"color: #ffffff;background-color: #003366\">&nbsp;Wa\u017cne dokumenty&nbsp;<\/span><\/strong><\/p>\n<p>Dokumenty reguluj\u0105ce funkcjonowanie spo\u0142eczno\u015bci uniwersyteckiej \u2013 warto si\u0119 z nimi zapozna\u0107. <a href=\"http:\/\/slawistyka.uw.edu.pl\/pl\/wazne-dokumenty\/\"><strong>Wi\u0119cej<\/strong><\/a><\/p>\n<p><strong><span style=\"color: #ffffff;background-color: #003366\">&nbsp;Pomoc&nbsp;<\/span><\/strong><\/p>\n<p>Informacje o tym, gdzie szuka\u0107 pomocy materialnej, zdrowotnej, psychologicznej, ds. r\u00f3wno\u015bci oraz prawnej.&nbsp;<strong> <a href=\"http:\/\/slawistyka.uw.edu.pl\/pl\/studia\/pomoc\/\">Wi\u0119cej<\/a><\/strong><\/p>\n<p><strong><span style=\"color: #ffffff;background-color: #003366\">&nbsp;Kariera&nbsp;<\/span> <\/strong><\/p>\n<p>Og\u0142oszenia o prac\u0119 lub mo\u017cliwo\u015bciach odbycia sta\u017cu, praktyk.&nbsp;<strong><a href=\"http:\/\/slawistyka.uw.edu.pl\/pl\/category\/ogloszenia\/praca\/\">Wi\u0119cej<\/a><\/strong><\/p>\n<p>&nbsp;<\/p>\n<h6><strong>Informacj\u0119 o dy\u017curach pracownik\u00f3w znajd\u0105 Pa\u0144stwo <a href=\"http:\/\/slawistyka.uw.edu.pl\/pl\/studia\/dyzury-pracownikow\/\">tutaj<\/a>.<\/strong><\/h6>","protected":false},"excerpt":{"rendered":"<p>W Instytucie Slawistyki Zachodniej i Po\u0142udniowej prowadzone s\u0105 studia dwustopniowe, licencjackie i magisterskie. Studia doktoranckie prowadzone s\u0105 w Szko\u0142ach Doktorskich [&hellip;]<\/p>\n","protected":false},"author":760,"featured_media":0,"parent":0,"menu_order":2,"comment_status":"closed","ping_status":"closed","template":"","meta":{"_mi_skip_tracking":false,"ngg_post_thumbnail":0,"_expiration-date-status":"","_expiration-date":0,"_expiration-date-type":"","_expiration-date-categories":[],"_expiration-date-options":[]},"_links":{"self":[{"href":"https:\/\/slawistyka.uw.edu.pl\/pl\/wp-json\/wp\/v2\/pages\/12"}],"collection":[{"href":"https:\/\/slawistyka.uw.edu.pl\/pl\/wp-json\/wp\/v2\/pages"}],"about":[{"href":"https:\/\/slawistyka.uw.edu.pl\/pl\/wp-json\/wp\/v2\/types\/page"}],"author":[{"embeddable":true,"href":"https:\/\/slawistyka.uw.edu.pl\/pl\/wp-json\/wp\/v2\/users\/760"}],"replies":[{"embeddable":true,"href":"https:\/\/slawistyka.uw.edu.pl\/pl\/wp-json\/wp\/v2\/comments?post=12"}],"version-history":[{"count":23,"href":"https:\/\/slawistyka.uw.edu.pl\/pl\/wp-json\/wp\/v2\/pages\/12\/revisions"}],"predecessor-version":[{"id":14279,"href":"https:\/\/slawistyka.uw.edu.pl\/pl\/wp-json\/wp\/v2\/pages\/12\/revisions\/14279"}],"wp:attachment":[{"href":"https:\/\/slawistyka.uw.edu.pl\/pl\/wp-json\/wp\/v2\/media?parent=12"}],"curies":[{"name":"wp","href":"https:\/\/api.w.org\/{rel}","templated":true}]}}