{"id":14131,"date":"2025-08-21T10:50:11","date_gmt":"2025-08-21T08:50:11","guid":{"rendered":"http:\/\/slawistyka.uw.edu.pl\/?page_id=14131"},"modified":"2025-09-01T17:49:21","modified_gmt":"2025-09-01T15:49:21","slug":"komparatistika","status":"publish","type":"page","link":"https:\/\/slawistyka.uw.edu.pl\/pl\/komparatistika\/","title":{"rendered":"Komparatistika"},"content":{"rendered":"Komisja Bada\u0144 Por\u00f3wnawczych Literatur S\u0142owia\u0144skich jest organem Mi\u0119dzynarodowego Komitetu Slawist\u00f3w. Komisja wspiera badania komparatystyczne dotycz\u0105ce literatur, ale te\u017c kultur s\u0142owia\u0144skich.<\/p>\n<p><a href=\"http:\/\/slawistyka.uw.edu.pl\/pl\/o-komisji\/\"><strong>O KOMISJI<\/strong><\/a><\/p>\n<p><a href=\"http:\/\/slawistyka.uw.edu.pl\/pl\/kontakt\/\"><strong>KONTAKT<\/strong><\/a><\/p>\n<p><a href=\"http:\/\/slawistyka.uw.edu.pl\/pl\/czlonkowie\/\"><strong>CZ\u0141ONKOWIE<\/strong><\/a>","protected":false},"excerpt":{"rendered":"<p>Komisja Bada\u0144 Por\u00f3wnawczych Literatur S\u0142owia\u0144skich jest organem Mi\u0119dzynarodowego Komitetu Slawist\u00f3w. Komisja wspiera badania komparatystyczne dotycz\u0105ce literatur, ale te\u017c kultur s\u0142owia\u0144skich. [&hellip;]<\/p>\n","protected":false},"author":650,"featured_media":0,"parent":0,"menu_order":0,"comment_status":"closed","ping_status":"closed","template":"","meta":{"_mi_skip_tracking":false,"ngg_post_thumbnail":0,"_expiration-date-status":"","_expiration-date":0,"_expiration-date-type":"","_expiration-date-categories":[],"_expiration-date-options":[]},"_links":{"self":[{"href":"https:\/\/slawistyka.uw.edu.pl\/pl\/wp-json\/wp\/v2\/pages\/14131"}],"collection":[{"href":"https:\/\/slawistyka.uw.edu.pl\/pl\/wp-json\/wp\/v2\/pages"}],"about":[{"href":"https:\/\/slawistyka.uw.edu.pl\/pl\/wp-json\/wp\/v2\/types\/page"}],"author":[{"embeddable":true,"href":"https:\/\/slawistyka.uw.edu.pl\/pl\/wp-json\/wp\/v2\/users\/650"}],"replies":[{"embeddable":true,"href":"https:\/\/slawistyka.uw.edu.pl\/pl\/wp-json\/wp\/v2\/comments?post=14131"}],"version-history":[{"count":4,"href":"https:\/\/slawistyka.uw.edu.pl\/pl\/wp-json\/wp\/v2\/pages\/14131\/revisions"}],"predecessor-version":[{"id":14165,"href":"https:\/\/slawistyka.uw.edu.pl\/pl\/wp-json\/wp\/v2\/pages\/14131\/revisions\/14165"}],"wp:attachment":[{"href":"https:\/\/slawistyka.uw.edu.pl\/pl\/wp-json\/wp\/v2\/media?parent=14131"}],"curies":[{"name":"wp","href":"https:\/\/api.w.org\/{rel}","templated":true}]}}