{"id":14134,"date":"2025-08-21T10:58:17","date_gmt":"2025-08-21T08:58:17","guid":{"rendered":"http:\/\/slawistyka.uw.edu.pl\/?page_id=14134"},"modified":"2025-08-21T12:10:09","modified_gmt":"2025-08-21T10:10:09","slug":"o-komisji","status":"publish","type":"page","link":"https:\/\/slawistyka.uw.edu.pl\/pl\/o-komisji\/","title":{"rendered":"O Komisji"},"content":{"rendered":"<h5><strong>Komisja Bada\u0144 Por\u00f3wnawczych Literatur S\u0142owia\u0144skich <\/strong><\/h5>\n<p>jest organem Mi\u0119dzynarodowego Komitetu Slawist\u00f3w. Komisja wspiera badania komparatystyczne dotycz\u0105ce literatur, ale te\u017c kultur s\u0142owia\u0144skich.<\/p>\n<ul style=\"list-style-type: square\">\n<li>Por\u00f3wnawczy charakter bada\u0144 wynika\u0107 mo\u017ce zar\u00f3wno z komparatystycznego charakteru prac badacza, jak r\u00f3wnie\u017c z konfrontacji optyk i uj\u0119\u0107 analizowanego zjawiska ukazywanego w r\u00f3\u017cnych aspektach naukowych: literaturoznawczym, kulturowo-historycznym, ideowym i ideologicznym.<\/li>\n<li>W obecnej, napi\u0119tej sytuacji na \u015bwiecie, gdy strony powo\u0142uj\u0105 si\u0119 na posiadanie \u201eprawdy obiektywnej\u201d na komparatystach spoczywaj\u0105 szczeg\u00f3lne obowi\u0105zki, poniewa\u017c badania por\u00f3wnawcze mog\u0105 uwra\u017cliwia\u0107 na proces, w kt\u00f3rym prawda staje si\u0119 konstruktem spo\u0142ecznym, wytworem j\u0119zyka, kultury i polityki.&nbsp;<\/li>\n<li>Komisja wspiera komunikacj\u0119 mi\u0119dzy osobami, o\u015brodkami badawczymi i instytucjami zajmuj\u0105cymi si\u0119 badaniami por\u00f3wnawczymi literatur i kultur s\u0142owia\u0144skich oraz promuje projekty naukowe w tej dziedzinie.<\/li>\n<\/ul>\n<h5><strong>Mi\u0119dzynarodowy Komitet Slawist\u00f3w (MKS)<\/strong><\/h5>\n<p>jest mi\u0119dzynarodow\u0105 organizacja naukow\u0105 zrzeszaj\u0105c\u0105 slawist\u00f3w z ca\u0142ego \u015bwiata. Komitet powsta\u0142 w Belgradzie w 1955 roku, aby wznowi\u0107 mi\u0119dzynarodowe kontakty slawist\u00f3w oraz podtrzyma\u0107 tradycje pierwszego Mi\u0119dzynarodowego Kongresu Slawist\u00f3w, kt\u00f3ry odby\u0142 si\u0119 w Pradze w 1929 roku.","protected":false},"excerpt":{"rendered":"<p>Komisja Bada\u0144 Por\u00f3wnawczych Literatur S\u0142owia\u0144skich jest organem Mi\u0119dzynarodowego Komitetu Slawist\u00f3w. Komisja wspiera badania komparatystyczne dotycz\u0105ce literatur, ale te\u017c kultur s\u0142owia\u0144skich. [&hellip;]<\/p>\n","protected":false},"author":650,"featured_media":0,"parent":0,"menu_order":0,"comment_status":"closed","ping_status":"closed","template":"","meta":{"_mi_skip_tracking":false,"ngg_post_thumbnail":0,"_expiration-date-status":"","_expiration-date":0,"_expiration-date-type":"","_expiration-date-categories":[],"_expiration-date-options":[]},"_links":{"self":[{"href":"https:\/\/slawistyka.uw.edu.pl\/pl\/wp-json\/wp\/v2\/pages\/14134"}],"collection":[{"href":"https:\/\/slawistyka.uw.edu.pl\/pl\/wp-json\/wp\/v2\/pages"}],"about":[{"href":"https:\/\/slawistyka.uw.edu.pl\/pl\/wp-json\/wp\/v2\/types\/page"}],"author":[{"embeddable":true,"href":"https:\/\/slawistyka.uw.edu.pl\/pl\/wp-json\/wp\/v2\/users\/650"}],"replies":[{"embeddable":true,"href":"https:\/\/slawistyka.uw.edu.pl\/pl\/wp-json\/wp\/v2\/comments?post=14134"}],"version-history":[{"count":3,"href":"https:\/\/slawistyka.uw.edu.pl\/pl\/wp-json\/wp\/v2\/pages\/14134\/revisions"}],"predecessor-version":[{"id":14137,"href":"https:\/\/slawistyka.uw.edu.pl\/pl\/wp-json\/wp\/v2\/pages\/14134\/revisions\/14137"}],"wp:attachment":[{"href":"https:\/\/slawistyka.uw.edu.pl\/pl\/wp-json\/wp\/v2\/media?parent=14134"}],"curies":[{"name":"wp","href":"https:\/\/api.w.org\/{rel}","templated":true}]}}