{"id":14138,"date":"2025-08-21T12:12:11","date_gmt":"2025-08-21T10:12:11","guid":{"rendered":"http:\/\/slawistyka.uw.edu.pl\/?page_id=14138"},"modified":"2026-02-22T23:57:19","modified_gmt":"2026-02-22T22:57:19","slug":"czlonkowie","status":"publish","type":"page","link":"https:\/\/slawistyka.uw.edu.pl\/pl\/czlonkowie\/","title":{"rendered":"Cz\u0142onkowie"},"content":{"rendered":"<strong>Danuta Sosnowska<\/strong> &#8211; przewodnicz\u0105ca Komisji Bada\u0144 Por\u00f3wnawczych Literatur S\u0142owia\u0144skich<strong><br \/>\n<\/strong>Uniwersytet Warszawski, Polska<\/p>\n<p><strong>Kamil Dwornik<\/strong> &#8211; sekretarz Komisji Bada\u0144 Por\u00f3wnawczych Literatur S\u0142owia\u0144skich<strong><br \/>\n<\/strong>Uniwersytet Warszawski, Polska<\/p>\n<p><strong>Marta Cmiel-Ba\u017cant<br \/>\n<\/strong>Uniwersytet Warszawski, Polska<\/p>\n<p><strong>Jolanta Doschek<br \/>\n<\/strong>Uniwersytet Wiede\u0144ski, Austria<\/p>\n<p><strong>Tatjana \u0110uri\u0161i\u0107-Be\u010danovi\u0107<br \/>\n<\/strong>Uniwersytet Czarnog\u00f3ry Czarnog\u00f3ra<\/p>\n<p><strong>Maciej Falski<br \/>\n<\/strong>Uniwersytet Warszawski Polska<\/p>\n<p><strong>Agata Firlej<br \/>\n<\/strong>Uniwersytet im. Adama Mickiewicza Polska<\/p>\n<p><strong>Dorota Gil<br \/>\n<\/strong>Uniwersytet Jagiello\u0144ski Polska<\/p>\n<p><strong>Agnieszka Hudzik<br \/>\n<\/strong>Uniwersytet Kraju Sary, Niemcy<\/p>\n<p><strong>Petr Ku\u010dera<br \/>\n<\/strong>Uniwersytet Zachodnioczeski w Pil\u017anie, Czechy<\/p>\n<p><strong>Marzanna Kuczy\u0144ska<br \/>\n<\/strong>Uniwersytet im. Adama Mickiewicza Polska<\/p>\n<p><strong>Anna Lege\u017cy\u0144ska<br \/>\n<\/strong>Uniwersytet im. Adama Mickiewicza, Polska<\/p>\n<p><strong>Izabela Lis-Wielgosz<br \/>\n<\/strong>Uniwersytet im. Adama Mickiewicza, Polska<\/p>\n<p><strong>Lech Miody\u0144ski<br \/>\n<\/strong>Uniwersytet \u015al\u0105ski, Polska<\/p>\n<p><strong>Roman Mnich<br \/>\n<\/strong>Uniwersytet w Siedlcach, Polska<\/p>\n<p><strong>Milica Semk\u00f3w<br \/>\n<\/strong>prof. Emeritus Uniwersytetu Wroc\u0142awskiego, Polska<\/p>\n<p><strong>Lilla Moroz Grzelak<br \/>\n<\/strong>Instytut Slawistyki Polskiej Akademii Nauk, Polska<\/p>\n<p><strong>Andrij Moskwin<br \/>\n<\/strong>Uniwersytet Warszawski, Polska<\/p>\n<p><strong>Krystyna Pieni\u0105\u017cek Markovi\u0107<br \/>\n<\/strong>Uniwersytet im. Adama Mickiewicza, Polska<\/p>\n<p><strong>Olena&nbsp; Pavlova<br \/>\n<\/strong>Kijowski Uniwersytet Narodowy im. Tarasa Szewczenki, Ukraina<\/p>\n<p><strong>Yvonne P\u00f6rzgen<br \/>\n<\/strong>Uniwersytet Ruhry w Bochum, Niemcy<\/p>\n<p><strong>Sanjin Kodri\u0107<br \/>\n<\/strong>Uniwersytet w Sarajewie, Bo\u015bnia i Hercegowina<\/p>\n<p><strong>Anna Seidel<br \/>\n<\/strong>Uniwersytet Wiede\u0144ski, Austria<\/p>\n<p><strong>Ivan Shtejner<br \/>\n<\/strong>Homelski Uniwersytet Pa\u0144stwowy, Bia\u0142oru\u015b<\/p>\n<p><strong>Dariusz Sk\u00f3rczewski<br \/>\n<\/strong>Katolicki Uniwersytet Lubelski, Polska<\/p>\n<p><strong>Walentyna Sobol<br \/>\n<\/strong>Uniwersytet Warszawski, Polska<\/p>\n<p><strong>Sonja Stojmenska-Elzeser<\/strong><\/p>\n<p>Instytut Literatury Macedo\u0144skiej, Uniwersytet \u015awi\u0119tych Cyryla i Metodego w Skopju, Macedonia<\/p>\n<p><strong>Anastasia Tormakhova<br \/>\n<\/strong>Kijowski Uniwersytet Narodowy im. Tarasa Szewczenki, Ukraina<\/p>\n<p><strong>Lidia Wi\u015bniewska<br \/>\n<\/strong>Uniwersytet Kazimierza Wielkiego w Bydgoszczy, Polska<\/p>\n<p><strong>Paula Wojcik<br \/>\n<\/strong>Uniwersytet Wiede\u0144ski, Austria<\/p>\n<p><strong>Milo\u0161 Zelenka<br \/>\n<\/strong>Uniwersytet Po\u0142udniowoczeski w Czeskich Budziejowicach, Czechy<\/p>\n<p><strong>Bogus\u0142aw Zieli\u0144ski<br \/>\n<\/strong>prof. Emeritus Uniwersytetu im. Adama Mickiewicza, Polska","protected":false},"excerpt":{"rendered":"<p>Danuta Sosnowska &#8211; przewodnicz\u0105ca Komisji Bada\u0144 Por\u00f3wnawczych Literatur S\u0142owia\u0144skich Uniwersytet Warszawski, Polska Kamil Dwornik &#8211; sekretarz Komisji Bada\u0144 Por\u00f3wnawczych Literatur [&hellip;]<\/p>\n","protected":false},"author":650,"featured_media":0,"parent":0,"menu_order":0,"comment_status":"closed","ping_status":"closed","template":"","meta":{"_mi_skip_tracking":false,"ngg_post_thumbnail":0,"_expiration-date-status":"","_expiration-date":0,"_expiration-date-type":"","_expiration-date-categories":[],"_expiration-date-options":[]},"_links":{"self":[{"href":"https:\/\/slawistyka.uw.edu.pl\/pl\/wp-json\/wp\/v2\/pages\/14138"}],"collection":[{"href":"https:\/\/slawistyka.uw.edu.pl\/pl\/wp-json\/wp\/v2\/pages"}],"about":[{"href":"https:\/\/slawistyka.uw.edu.pl\/pl\/wp-json\/wp\/v2\/types\/page"}],"author":[{"embeddable":true,"href":"https:\/\/slawistyka.uw.edu.pl\/pl\/wp-json\/wp\/v2\/users\/650"}],"replies":[{"embeddable":true,"href":"https:\/\/slawistyka.uw.edu.pl\/pl\/wp-json\/wp\/v2\/comments?post=14138"}],"version-history":[{"count":6,"href":"https:\/\/slawistyka.uw.edu.pl\/pl\/wp-json\/wp\/v2\/pages\/14138\/revisions"}],"predecessor-version":[{"id":14774,"href":"https:\/\/slawistyka.uw.edu.pl\/pl\/wp-json\/wp\/v2\/pages\/14138\/revisions\/14774"}],"wp:attachment":[{"href":"https:\/\/slawistyka.uw.edu.pl\/pl\/wp-json\/wp\/v2\/media?parent=14138"}],"curies":[{"name":"wp","href":"https:\/\/api.w.org\/{rel}","templated":true}]}}