{"id":14301,"date":"2025-10-07T11:23:01","date_gmt":"2025-10-07T09:23:01","guid":{"rendered":"http:\/\/slawistyka.uw.edu.pl\/?page_id=14301"},"modified":"2025-10-07T11:23:01","modified_gmt":"2025-10-07T09:23:01","slug":"dzialania","status":"publish","type":"page","link":"https:\/\/slawistyka.uw.edu.pl\/pl\/dzialania\/","title":{"rendered":"Dzia\u0142ania"},"content":{"rendered":"<h4><strong>Komisja Bada\u0144 Por\u00f3wnawczych Literatur S\u0142owia\u0144skich na XVII MKS w Pary\u017cu<\/strong><\/h4>\n<p>Podczas XVII Mi\u0119dzynarodowego Kongresu Slawist\u00f3w, kt\u00f3ry odby\u0142 si\u0119 w dniach 25-30 sierpnia 2025 r. na paryskiej Sorbonie akredytacj\u0119 na kolejne pi\u0119\u0107 lat uzyska\u0142y komisje dzia\u0142aj\u0105ce przy Mi\u0119dzynarodowym Komitecie Slawist\u00f3w, w tym Komisja Bada\u0144 Por\u00f3wnawczych Literatur S\u0142owia\u0144skich. Ponownie na stanowisko przewodnicz\u0105cej Komisji zosta\u0142a powo\u0142ana prof. Danuta Sosnowska. Sekretarzem komisji zosta\u0142 mianowany Kamil Dwornik.&nbsp;<\/p>\n<p>Cz\u0142onkowie Komisji wyg\u0142osili podczas Kongresu referaty o tematyce komparatystycznej:&nbsp;<\/p>\n<p><strong>Kamil Dwornik <\/strong><\/p>\n<p><em>Mobilno\u015b\u0107 ukrai\u0144skiego duchownego i inteligenta w Galicji. Przypadek Josyfa \u0141ozynskiego (1807-1889)<\/em><\/p>\n<p><strong>Agata Firlej <\/strong><\/p>\n<p><em>Casus Franz Kafka, casus Bruno Schulz. Czech and Polish Canons as a Reflection of the Concept of the Nation and the Role of Literature<\/em><\/p>\n<p><strong>Dorota Gil <\/strong><\/p>\n<p><em>Kategorie serbskiej my\u015bli irracjonalnej \u2013 katalog zapo\u017cycze\u0144 i strategie asymilacji<\/em><\/p>\n<p><strong>Marzanna Kuczy\u0144ska <\/strong><\/p>\n<p><em>Doktryna islamska w prawos\u0142awnym pi\u015bmiennictwie XVI -XVIII wieku<\/em><\/p>\n<p><strong>Lech Miody\u0144ski <\/strong><\/p>\n<p><em>Wielodyscyplinowo\u015b\u0107, interdyscyplinarno\u015b\u0107 i kompleksowo\u015b\u0107 jako normatywy oraz iluzje w ewolucji bada\u0144 s\u0142owianoznawczych<\/em><\/p>\n<p><strong>Andriej Moskwin <\/strong><\/p>\n<p><em>Wsp\u00f3\u0142czesny dramat bia\u0142oruski o wydarzeniach 2020 roku<\/em><\/p>\n<p><strong>Walentyna Sobol <\/strong>wraz z <strong>Dawidem Bzorkiem<\/strong><\/p>\n<p><em>Francja-Polska-Ukraina w dziejach m\u0119\u017c\u00f3w stanu Orlika i Rakoczego na podstawie ich dziennik\u00f3w<\/em><\/p>\n<p>Wi\u0119cej informacji na temat obrad w Pary\u017cu mo\u017cna znale\u017a\u0107 na stronie: <a href=\"https:\/\/mks-paris.sciencesconf.org\/?lang=en\">https:\/\/mks-paris.sciencesconf.org\/?lang=en<\/a>","protected":false},"excerpt":{"rendered":"<p>Komisja Bada\u0144 Por\u00f3wnawczych Literatur S\u0142owia\u0144skich na XVII MKS w Pary\u017cu Podczas XVII Mi\u0119dzynarodowego Kongresu Slawist\u00f3w, kt\u00f3ry odby\u0142 si\u0119 w dniach [&hellip;]<\/p>\n","protected":false},"author":650,"featured_media":0,"parent":0,"menu_order":0,"comment_status":"closed","ping_status":"closed","template":"","meta":{"_mi_skip_tracking":false,"ngg_post_thumbnail":0,"_expiration-date-status":"","_expiration-date":0,"_expiration-date-type":"","_expiration-date-categories":[],"_expiration-date-options":[]},"_links":{"self":[{"href":"https:\/\/slawistyka.uw.edu.pl\/pl\/wp-json\/wp\/v2\/pages\/14301"}],"collection":[{"href":"https:\/\/slawistyka.uw.edu.pl\/pl\/wp-json\/wp\/v2\/pages"}],"about":[{"href":"https:\/\/slawistyka.uw.edu.pl\/pl\/wp-json\/wp\/v2\/types\/page"}],"author":[{"embeddable":true,"href":"https:\/\/slawistyka.uw.edu.pl\/pl\/wp-json\/wp\/v2\/users\/650"}],"replies":[{"embeddable":true,"href":"https:\/\/slawistyka.uw.edu.pl\/pl\/wp-json\/wp\/v2\/comments?post=14301"}],"version-history":[{"count":1,"href":"https:\/\/slawistyka.uw.edu.pl\/pl\/wp-json\/wp\/v2\/pages\/14301\/revisions"}],"predecessor-version":[{"id":14302,"href":"https:\/\/slawistyka.uw.edu.pl\/pl\/wp-json\/wp\/v2\/pages\/14301\/revisions\/14302"}],"wp:attachment":[{"href":"https:\/\/slawistyka.uw.edu.pl\/pl\/wp-json\/wp\/v2\/media?parent=14301"}],"curies":[{"name":"wp","href":"https:\/\/api.w.org\/{rel}","templated":true}]}}