{"id":14823,"date":"2026-03-09T21:28:06","date_gmt":"2026-03-09T20:28:06","guid":{"rendered":"http:\/\/slawistyka.uw.edu.pl\/?page_id=14823"},"modified":"2026-03-12T18:17:34","modified_gmt":"2026-03-12T17:17:34","slug":"podyplomowe","status":"publish","type":"page","link":"https:\/\/slawistyka.uw.edu.pl\/pl\/podyplomowe\/","title":{"rendered":"PODYPLOMOWE"},"content":{"rendered":"<h3 style=\"text-align: center\"><strong>Studia podyplomowe<\/strong><\/h3>\n<p style=\"text-align: center\"><span style=\"font-size: 14pt;color: #000080\"><strong>Ba\u0142kany wsp\u00f3\u0142czesne: perspektywa spo\u0142eczno-polityczna<\/strong><\/span><\/p>\n<h5 style=\"text-align: center\"><strong>rok akademicki 2026\/2027<\/strong><\/h5>\n<h5 style=\"text-align: left\"><strong>Informacje og\u00f3lne:<\/strong><\/h5>\n<p>Ba\u0142kany wsp\u00f3\u0142czesne: perspektywa spo\u0142eczno-polityczna to jedyne w Polsce studia podyplomowe dotycz\u0105ce zachodz\u0105cych wsp\u00f3\u0142cze\u015bnie na Ba\u0142kanach proces\u00f3w spo\u0142ecznych i politycznych oraz ich kulturowych kontekst\u00f3w.<\/p>\n<p>W okresie najgwa\u0142towniejszych od 1989 roku przemian w globalnej polityce dostrzegamy wzrost zainteresowania problematyk\u0105 europejskiej kultury strategicznej, transkulturowo\u015bci oraz stosunk\u00f3w mi\u0119dzypa\u0144stwowych i mi\u0119dzykulturowych. Proponowane studia, rozwijaj\u0105c wiedz\u0119 na temat Ba\u0142kan\u00f3w jako r\u00f3\u017cnorodnej przestrzeni przeci\u0119cia interes\u00f3w Unii<br \/>\nEuropejskiej i globalnych mocarstw, stanowi\u0105 odpowied\u017a na spo\u0142eczn\u0105 potrzeb\u0119 zrozumienia zale\u017cno\u015bci mi\u0119dzy geografi\u0105 i histori\u0105 a celami politycznymi o zasi\u0119gu lokalnym, regionalnym i mi\u0119dzynarodowym.<\/p>\n<p>Program dwusemestralnych studi\u00f3w podyplomowych b\u0119dzie realizowany zdalnie, w formie synchronicznej, z wykorzystaniem cyfrowych narz\u0119dzi do nauczania na odleg\u0142o\u015b\u0107.<\/p>\n<h5><strong>Dla kogo?<\/strong><\/h5>\n<p>Na studia podyplomowe zapraszamy wszystkich, kt\u00f3rzy chc\u0105 zrozumie\u0107 spo\u0142eczno-polityczne procesy zachodz\u0105ce wsp\u00f3\u0142cze\u015bnie na Ba\u0142kanach, mi\u0119dzy innymi:<br \/>\n\u25cf osoby zwi\u0105zane z nauk\u0105 i edukacj\u0105,<br \/>\n\u25cf osoby pracuj\u0105ce w administracji publicznej, instytucjach pa\u0144stwowych,<br \/>\n\u25cf pracownik\u00f3w i pracowniczki dyplomacji (r\u00f3wnie\u017c kulturalnej),<br \/>\n\u25cf osoby zwi\u0105zane z mediami: dziennikarzy i dziennikarki, publicyst\u00f3w i publicystki,<br \/>\n\u25cf osoby zaanga\u017cowane w dzia\u0142alno\u015b\u0107 organizacji mi\u0119dzynarodowych i<br \/>\npozarz\u0105dowych,<br \/>\n\u25cf przedstawicieli i przedstawicielki think tank\u00f3w, instytucji badawczych i centr\u00f3w analitycznych,<br \/>\n\u25cf osoby zainteresowane histori\u0105, polityk\u0105 i kultur\u0105 regionu.<\/p>\n<h5><strong>Korzy\u015bci z uko\u0144czenia studi\u00f3w podyplomowych Ba\u0142kany wsp\u00f3\u0142czesne: perspektywa spo\u0142eczno-polityczna:<\/strong><\/h5>\n<p>\u25cf zyskasz rzeteln\u0105 i aktualn\u0105 wiedz\u0119 na temat wsp\u00f3\u0142czesnej sytuacji spo\u0142eczno-politycznej, gospodarczej i kulturowej pa\u0144stw P\u00f3\u0142wyspu Ba\u0142ka\u0144skiego, dzi\u0119ki czemu lepiej zrozumiesz znaczenie regionu w Europie i na \u015bwiecie;<br \/>\n\u25cf poznasz historyczne uwarunkowania obecnego porz\u0105dku spo\u0142ecznego i politycznego na Ba\u0142kanach oraz zrozumiesz ich wp\u0142yw na wsp\u00f3\u0142czesne relacje w regionie;<br \/>\n\u25cf zdob\u0119dziesz wiedz\u0119 na temat struktury narodowo\u015bciowej, etnicznej, wyznaniowej i spo\u0142ecznej regionu, relacji mi\u0119dzykulturowych w regionie, relacji mi\u0119dzynarodowych i&nbsp;organizacji ponadpa\u0144stwowych, a tak\u017ce wsp\u00f3\u0142pracy bilateralnej z Polsk\u0105;<br \/>\n\u25cf poznasz najwa\u017cniejsze zjawiska kultury Ba\u0142kan\u00f3w oraz ich konteksty spo\u0142eczne i polityczne;<br \/>\n\u25cf rozwiniesz kompetencje mi\u0119dzykulturowe i zdolno\u015b\u0107 interpretacji zjawisk<br \/>\nwynikaj\u0105cych z r\u00f3\u017cnorodno\u015bci kulturowej;<br \/>\n\u25cf nauczysz si\u0119 przeprowadza\u0107 specjalistyczn\u0105 analiz\u0119 proces\u00f3w geopolitycznych, r\u00f3wnie\u017c w perspektywie por\u00f3wnawczej;<br \/>\n\u25cf zdob\u0119dziesz praktyczne kompetencje analityczne w zakresie badania zjawisk regionalnych w kontek\u015bcie globalnym.<\/p>\n<p>Zdobyte kompetencje i umiej\u0119tno\u015bci pozwol\u0105 absolwentom i absolwentkom stosowa\u0107 wiedz\u0119 o Ba\u0142kanach w praktyce \u2013 w dzia\u0142alno\u015bci analitycznej, badawczej, edukacyjnej, popularyzatorskiej, a tak\u017ce podczas pracy w instytucjach publicznych, organizacjach mi\u0119dzynarodowych i pozarz\u0105dowych oraz mediach.<\/p>\n<h5><strong>Tryb studi\u00f3w:<\/strong><\/h5>\n<p>Studia s\u0105 dwusemestralne, odbywaj\u0105 si\u0119 w formie zdalnej (synchronicznie, z<br \/>\nwykorzystaniem cyfrowych narz\u0119dzi do nauczania na odleg\u0142o\u015b\u0107).<br \/>\nStudia s\u0105 prowadzone w j\u0119zyku polskim.<\/p>\n<h5><strong>Wyk\u0142adowcy:<\/strong><\/h5>\n<p>Studia maj\u0105 charakter ekspercki. W\u015br\u00f3d wyk\u0142adowc\u00f3w s\u0105 zar\u00f3wno do\u015bwiadczeni pracownicy Uniwersytetu Warszawskiego i Uniwersytetu Jagiello\u0144skiego, specjalizuj\u0105cy si\u0119 w relacjach mi\u0119dzykulturowych na Ba\u0142kanach, jak i eksperci zwi\u0105zani z O\u015brodkiem Studi\u00f3w Wschodnich<br \/>\noraz Polskim Instytutem Spraw Mi\u0119dzynarodowych.<\/p>\n<h5><strong>Warunki uko\u0144czenia studi\u00f3w:<\/strong><\/h5>\n<p>\u25cf aktywne uczestnictwo w zaj\u0119ciach;<br \/>\n\u25cf zaliczenie wszystkich przedmiot\u00f3w.<\/p>\n<p>Cena: 6000 z\u0142<br \/>\nLimit przyj\u0119\u0107: 25 (rekrutacja odbywa si\u0119 na podstawie kolejno\u015bci zg\u0142osze\u0144 w systemie IRK)<\/p>\n<h5><strong>Kontakt:<\/strong><\/h5>\n<p>Kierowniczka studi\u00f3w: dr <a href=\"http:\/\/slawistyka.uw.edu.pl\/pl\/instytut\/jednostki-i-pracownicy\/zaklad-literatur-i-kultur-slowianskich\/angelika-kosieradzka\/\">Angelika Niewiadomska<\/a>, <a href=\"mailto:angelika.niewiadomska@uw.edu.pl\">angelika.niewiadomska@uw.edu.pl<\/a>","protected":false},"excerpt":{"rendered":"<p>Studia podyplomowe Ba\u0142kany wsp\u00f3\u0142czesne: perspektywa spo\u0142eczno-polityczna rok akademicki 2026\/2027 Informacje og\u00f3lne: Ba\u0142kany wsp\u00f3\u0142czesne: perspektywa spo\u0142eczno-polityczna to jedyne w Polsce studia [&hellip;]<\/p>\n","protected":false},"author":650,"featured_media":0,"parent":0,"menu_order":0,"comment_status":"closed","ping_status":"closed","template":"","meta":{"_mi_skip_tracking":false,"ngg_post_thumbnail":0,"_expiration-date-status":"","_expiration-date":0,"_expiration-date-type":"","_expiration-date-categories":[],"_expiration-date-options":[]},"_links":{"self":[{"href":"https:\/\/slawistyka.uw.edu.pl\/pl\/wp-json\/wp\/v2\/pages\/14823"}],"collection":[{"href":"https:\/\/slawistyka.uw.edu.pl\/pl\/wp-json\/wp\/v2\/pages"}],"about":[{"href":"https:\/\/slawistyka.uw.edu.pl\/pl\/wp-json\/wp\/v2\/types\/page"}],"author":[{"embeddable":true,"href":"https:\/\/slawistyka.uw.edu.pl\/pl\/wp-json\/wp\/v2\/users\/650"}],"replies":[{"embeddable":true,"href":"https:\/\/slawistyka.uw.edu.pl\/pl\/wp-json\/wp\/v2\/comments?post=14823"}],"version-history":[{"count":4,"href":"https:\/\/slawistyka.uw.edu.pl\/pl\/wp-json\/wp\/v2\/pages\/14823\/revisions"}],"predecessor-version":[{"id":14836,"href":"https:\/\/slawistyka.uw.edu.pl\/pl\/wp-json\/wp\/v2\/pages\/14823\/revisions\/14836"}],"wp:attachment":[{"href":"https:\/\/slawistyka.uw.edu.pl\/pl\/wp-json\/wp\/v2\/media?parent=14823"}],"curies":[{"name":"wp","href":"https:\/\/api.w.org\/{rel}","templated":true}]}}