{"id":1980,"date":"2018-02-17T22:33:33","date_gmt":"2018-02-17T21:33:33","guid":{"rendered":"http:\/\/slawistyka.uw.edu.pl\/?page_id=1980"},"modified":"2025-04-02T12:25:19","modified_gmt":"2025-04-02T10:25:19","slug":"o-instytucie","status":"publish","type":"page","link":"https:\/\/slawistyka.uw.edu.pl\/pl\/instytut\/o-instytucie\/","title":{"rendered":"O Instytucie"},"content":{"rendered":"Instytut Slawistyki Zachodniej i Po\u0142udniowej jest <strong>jednostk\u0105 naukowo-dydaktyczn\u0105<\/strong>. Pracownicy prowadz\u0105 badania naukowe oraz zaj\u0119cia ze studentami, staraj\u0105c si\u0119 zach\u0119ca\u0107 ich do w\u0142asnych poszukiwa\u0144 w najr\u00f3\u017cniejszych dziedzinach wsp\u00f3\u0142czesnych kultur Europy \u015arodkowej i Po\u0142udniowej.<\/p>\n<p>Dzia\u0142aj\u0105ce w Instytucie zespo\u0142y \u0142\u0105czy podej\u015bcie <strong>interdyscyplinarne<\/strong>, kt\u00f3re wyrasta wprost z do\u015bwiadcze\u0144 slawistyki jako dziedziny wiedzy wymagaj\u0105cej otwarcia i dialogu w ramach dyscyplin humanistycznych. Dzia\u0142alno\u015b\u0107 zespo\u0142\u00f3w popularyzowana jest w formie spotka\u0144 i debat otwartych, publikacji oraz konferencji.<\/p>\n<p>Instytut Slawistyki Zachodniej i Po\u0142udniowej realizuje trzy podstawowe <strong>tematy statutowe<\/strong>, wyznaczaj\u0105ce podstawowe kierunki i obszary badawcze:<\/p>\n<ul>\n<li>Problemy to\u017csamo\u015bci kulturowej w krajach s\u0142owia\u0144skich<\/li>\n<li>Studia regionalne nad kultur\u0105 S\u0142owia\u0144szczyzny Po\u0142udniowej<\/li>\n<li>J\u0119zyki zachodnio- i po\u0142udniowos\u0142owia\u0144skie oraz ich zwi\u0105zki z s\u0105siednimi j\u0119zykami s\u0142owia\u0144skimi i nies\u0142owia\u0144skimi<\/li>\n<\/ul>\n<p>Warszawska slawistyka <strong>powsta\u0142a w 1915 roku<\/strong> i jest jednym z najstarszych o\u015brodk\u00f3w slawistycznych w kraju, od pierwszych lat istnienia tworzonym przez wybitnych uczonych. Z pocz\u0105tku wyspecjalizowana g\u0142\u00f3wnie w j\u0119zykoznawstwie i historii S\u0142owian, slawistyka ewoluowa\u0142a w stron\u0119 badania kultur. Podstaw\u0105 studi\u00f3w pozostaje nadal nauczanie j\u0119zyka i poznawanie kultury. Wi\u0119cej na temat historii Instytutu mo\u017cna przeczyta\u0107 <a class=\"customize-unpreviewable\" href=\"http:\/\/slawistyka.uw.edu.pl\/o-nas\/historia-warszawskiej-slawistyki\/\">tutaj<\/a>.<\/p>\n<p>Od lat jeste\u015bmy zwi\u0105zani z najwa\u017cniejszymi o\u015brodkami kulturalnymi pa\u0144stw kierunkowych w Warszawie: Czeskim Centrum, Instytutem S\u0142owackim oraz Bu\u0142garskim Centrum Kultury. Nasi absolwenci i studenci bior\u0105 udzia\u0142 w licznych wydarzeniach kulturalnych. Pracownicy Instytutu uzyskuj\u0105 granty badawcze, utrzymuj\u0105 sta\u0142e kontakty badawcze z o\u015brodkami partnerskimi w Europie (Praga, O\u0142omuniec, Zagrzeb, Sofia, Nowy Sad, i inne). Jeste\u015bmy blisko zwi\u0105zani z Instytutem Slawistyki Polskiej Akademii Nauk.<\/p>\n<p>Warszawska slawistyka jako pierwsza w Polsce zdecydowa\u0142a si\u0119 na <strong>rozszerzenie tradycyjnego profilu filologicznego o perspektyw\u0119 kulturoznawcz\u0105<\/strong>. Przyk\u0142adem udanej zmiany kierunku bada\u0144 s\u0105 istniej\u0105ce w Instytucie zespo\u0142y badawcze, podejmuj\u0105ce badania kulturowe. Nie zaniedbujemy przy tym lingwistyki, na co dowodem jest jeden z czo\u0142owych w Polsce zespo\u0142\u00f3w bada\u0144 korpusowych.<\/p>\n<p>Organizacyjnie ISZiP jest jednostk\u0105 <strong>Wydzia\u0142u Polonistyki UW<\/strong>. Dokumenty reguluj\u0105ce funkcjonowanie spo\u0142eczno\u015bci uniwersyteckiej znajduj\u0105 si\u0119 w zak\u0142adce <a href=\"http:\/\/slawistyka.uw.edu.pl\/pl\/studia\/wazne-dokumenty\/\">Wa\u017cne dokumenty<\/a>.<\/p>\n<p>Studia w Instytucie Slawistyki Zachodniej i Po\u0142udniowej ogniskuj\u0105 si\u0119 wok\u00f3\u0142 j\u0119zyk\u00f3w i kultur S\u0142owian zachodnich i po\u0142udniowych oraz historii i wsp\u00f3\u0142czesno\u015bci zamieszkiwanego przez nich obszaru. Nasze <strong>specjalno\u015bci<\/strong>: <a class=\"customize-unpreviewable\" href=\"http:\/\/slawistyka.uw.edu.pl\/studia\/specjalnosci\/bohemistyka\/\">bohemistyka<\/a>, <a class=\"customize-unpreviewable\" href=\"http:\/\/slawistyka.uw.edu.pl\/studia\/specjalnosci\/bulgarystyka\/\">bu\u0142garystyka<\/a>, <a href=\"http:\/\/slawistyka.uw.edu.pl\/pl\/rekrutacja\/prezentacja-instytutu\/specjalnosci\/kroatystyka\/\">kroatystyka<\/a>, <a href=\"http:\/\/slawistyka.uw.edu.pl\/pl\/rekrutacja\/prezentacja-instytutu\/specjalnosci\/serbistyka\/\">serbistyka<\/a>, <a href=\"http:\/\/slawistyka.uw.edu.pl\/pl\/rekrutacja\/prezentacja-instytutu\/specjalnosci\/slowenistyka\/\">s\u0142owenistyka<\/a>, <a href=\"http:\/\/slawistyka.uw.edu.pl\/pl\/rekrutacja\/prezentacja-instytutu\/specjalnosci\/slowacystyka\/\">s\u0142owacystyka<\/a>.<\/p>\n<p><a href=\"http:\/\/slawistyka.uw.edu.pl\/wp-content\/uploads\/sites\/283\/2018\/02\/slider_flagi.jpg\"><img loading=\"lazy\" class=\"alignleft size-full wp-image-2049\" src=\"http:\/\/slawistyka.uw.edu.pl\/wp-content\/uploads\/sites\/283\/2018\/02\/slider_flagi.jpg\" alt=\"\" width=\"5353\" height=\"533\" srcset=\"https:\/\/slawistyka.uw.edu.pl\/wp-content\/uploads\/2018\/02\/slider_flagi.jpg 5353w, https:\/\/slawistyka.uw.edu.pl\/wp-content\/uploads\/2018\/02\/slider_flagi-300x30.jpg 300w, https:\/\/slawistyka.uw.edu.pl\/wp-content\/uploads\/2018\/02\/slider_flagi-768x76.jpg 768w, https:\/\/slawistyka.uw.edu.pl\/wp-content\/uploads\/2018\/02\/slider_flagi-1024x102.jpg 1024w\" sizes=\"(max-width: 5353px) 100vw, 5353px\" \/><\/a><\/p>\n<p>&nbsp;","protected":false},"excerpt":{"rendered":"<p>Instytut Slawistyki Zachodniej i Po\u0142udniowej jest jednostk\u0105 naukowo-dydaktyczn\u0105. Pracownicy prowadz\u0105 badania naukowe oraz zaj\u0119cia ze studentami, staraj\u0105c si\u0119 zach\u0119ca\u0107 ich [&hellip;]<\/p>\n","protected":false},"author":760,"featured_media":0,"parent":10,"menu_order":0,"comment_status":"closed","ping_status":"closed","template":"","meta":{"_mi_skip_tracking":false,"ngg_post_thumbnail":0,"_expiration-date-status":"","_expiration-date":0,"_expiration-date-type":"","_expiration-date-categories":[],"_expiration-date-options":[]},"_links":{"self":[{"href":"https:\/\/slawistyka.uw.edu.pl\/pl\/wp-json\/wp\/v2\/pages\/1980"}],"collection":[{"href":"https:\/\/slawistyka.uw.edu.pl\/pl\/wp-json\/wp\/v2\/pages"}],"about":[{"href":"https:\/\/slawistyka.uw.edu.pl\/pl\/wp-json\/wp\/v2\/types\/page"}],"author":[{"embeddable":true,"href":"https:\/\/slawistyka.uw.edu.pl\/pl\/wp-json\/wp\/v2\/users\/760"}],"replies":[{"embeddable":true,"href":"https:\/\/slawistyka.uw.edu.pl\/pl\/wp-json\/wp\/v2\/comments?post=1980"}],"version-history":[{"count":7,"href":"https:\/\/slawistyka.uw.edu.pl\/pl\/wp-json\/wp\/v2\/pages\/1980\/revisions"}],"predecessor-version":[{"id":13618,"href":"https:\/\/slawistyka.uw.edu.pl\/pl\/wp-json\/wp\/v2\/pages\/1980\/revisions\/13618"}],"up":[{"embeddable":true,"href":"https:\/\/slawistyka.uw.edu.pl\/pl\/wp-json\/wp\/v2\/pages\/10"}],"wp:attachment":[{"href":"https:\/\/slawistyka.uw.edu.pl\/pl\/wp-json\/wp\/v2\/media?parent=1980"}],"curies":[{"name":"wp","href":"https:\/\/api.w.org\/{rel}","templated":true}]}}