{"id":2170,"date":"2018-02-19T22:15:23","date_gmt":"2018-02-19T21:15:23","guid":{"rendered":"http:\/\/slawistyka.uw.edu.pl\/?page_id=2170"},"modified":"2024-03-06T14:25:39","modified_gmt":"2024-03-06T13:25:39","slug":"umowy-bilateralne","status":"publish","type":"page","link":"https:\/\/slawistyka.uw.edu.pl\/pl\/studia\/stypendia\/umowy-bilateralne\/","title":{"rendered":"Umowy bilateralne"},"content":{"rendered":"<div class=\"entry-content\">\n<p>Zapraszamy do zapoznania si\u0119 z ofert\u0105 wyjazd\u00f3w na studia cz\u0119\u015bciowe i sta\u017ce w ramach um\u00f3w bilateralnych:<\/p>\n<\/div>\n<p class=\"header\"><a href=\"http:\/\/bwz.uw.edu.pl\/umowy-bilateralne-oferty-dla-studentow\/\">Program wymiany osobowej student\u00f3w i naukowc\u00f3w w ramach wsp\u00f3\u0142pracy bilateralnej<\/a><\/p>\n<p>Uprzejmie informujemy, \u017ce na stronie internetowej Narodowej Agencji Wymiany Akademickiej <a href=\"http:\/\/www.nawa.gov.pl\/?fbclid=IwAR1BXo9fZx2XVXoYpaUEhckmrJZUke9xpnQeAI5fpDtcTOZx680Eu8P8_8U\" target=\"_blank\" rel=\"noopener nofollow\">www.nawa.gov.pl<\/a> (zak\u0142adka Programy NAWA; Programy dla student\u00f3w polskich), znajduje si\u0119 oferta wyjazd\u00f3w stypendialnych dla student\u00f3w w ramach wsp\u00f3\u0142pracy bilateralnej. Zainteresowani studenci powinni zapozna\u0107 si\u0119 z Regulaminem Programu wymiany osobowej student\u00f3w w ramach wsp\u00f3\u0142pracy bilateralnej.<\/p>\n<div class=\"text_exposed_show\">\n<p>W zwi\u0105zku z nowymi zasadami ubiegania si\u0119 o wyjazd zagraniczny Biuro Spraw Studenckich nie po\u015bredniczy w sk\u0142adaniu dokument\u00f3w przez studenta do NAWA. Nab\u00f3r odbywa si\u0119 wy\u0142\u0105cznie za po\u015brednictwem systemu teleinformatycznego na stronie wskazanej przez NAWA. Kandydaci nie b\u0119d\u0105 jak dotychczas wyznaczani w ramach jednostek uniwersyteckich, ale musz\u0105 zg\u0142osi\u0107 si\u0119 sami.<\/p>\n<p>Jednocze\u015bnie informujemy, \u017ce jednym z wymaganych przez NAWA dokument\u00f3w jest pismo uczelni popieraj\u0105ce udzia\u0142 wnioskodawcy w programie, kt\u00f3re kandydatom b\u0119dzie wystawia\u0142o Biuro Spraw Studenckich UW.<\/p>\n<p>W celu otrzymania ww. pisma student\/ka musi dostarczy\u0107 do Biura Spraw Studenckich wype\u0142niony i podpisany przez kierownika\/z-c\u0119 kierownika jednostki dydaktycznej za\u0142\u0105cznik nr 2 do wspomnianego wy\u017cej Regulaminu, na podstawie kt\u00f3rego Biuro Spraw Studenckich wyda studentowi pismo z ramienia uczelni.<\/p>\n<\/div>","protected":false},"excerpt":{"rendered":"<p>Zapraszamy do zapoznania si\u0119 z ofert\u0105 wyjazd\u00f3w na studia cz\u0119\u015bciowe i sta\u017ce w ramach um\u00f3w bilateralnych: Program wymiany osobowej student\u00f3w [&hellip;]<\/p>\n","protected":false},"author":760,"featured_media":0,"parent":225,"menu_order":0,"comment_status":"closed","ping_status":"closed","template":"","meta":{"_mi_skip_tracking":false,"ngg_post_thumbnail":0,"_expiration-date-status":"","_expiration-date":0,"_expiration-date-type":"","_expiration-date-categories":[],"_expiration-date-options":[]},"_links":{"self":[{"href":"https:\/\/slawistyka.uw.edu.pl\/pl\/wp-json\/wp\/v2\/pages\/2170"}],"collection":[{"href":"https:\/\/slawistyka.uw.edu.pl\/pl\/wp-json\/wp\/v2\/pages"}],"about":[{"href":"https:\/\/slawistyka.uw.edu.pl\/pl\/wp-json\/wp\/v2\/types\/page"}],"author":[{"embeddable":true,"href":"https:\/\/slawistyka.uw.edu.pl\/pl\/wp-json\/wp\/v2\/users\/760"}],"replies":[{"embeddable":true,"href":"https:\/\/slawistyka.uw.edu.pl\/pl\/wp-json\/wp\/v2\/comments?post=2170"}],"version-history":[{"count":6,"href":"https:\/\/slawistyka.uw.edu.pl\/pl\/wp-json\/wp\/v2\/pages\/2170\/revisions"}],"predecessor-version":[{"id":11369,"href":"https:\/\/slawistyka.uw.edu.pl\/pl\/wp-json\/wp\/v2\/pages\/2170\/revisions\/11369"}],"up":[{"embeddable":true,"href":"https:\/\/slawistyka.uw.edu.pl\/pl\/wp-json\/wp\/v2\/pages\/225"}],"wp:attachment":[{"href":"https:\/\/slawistyka.uw.edu.pl\/pl\/wp-json\/wp\/v2\/media?parent=2170"}],"curies":[{"name":"wp","href":"https:\/\/api.w.org\/{rel}","templated":true}]}}