{"id":227,"date":"2017-12-15T23:58:57","date_gmt":"2017-12-15T22:58:57","guid":{"rendered":"http:\/\/slawistyka.uw.edu.pl\/?page_id=227"},"modified":"2026-03-13T10:29:47","modified_gmt":"2026-03-13T09:29:47","slug":"rekrutacja","status":"publish","type":"page","link":"https:\/\/slawistyka.uw.edu.pl\/pl\/rekrutacja\/","title":{"rendered":"REKRUTACJA"},"content":{"rendered":"W Instytucie Slawistyki Zachodniej i Po\u0142udniowej prowadzone s\u0105 studia dwustopniowe, <a href=\"http:\/\/slawistyka.uw.edu.pl\/pl\/rekrutacja\/studia-i-stopnia\/\"><strong>licencjackie (I stopnia)<\/strong><\/a> oraz <a href=\"http:\/\/slawistyka.uw.edu.pl\/pl\/rekrutacja\/studia-ii-stopnia\/\"><strong>magisterskie (II stopnia)<\/strong><\/a>. Studia doktoranckie prowadzone s\u0105 w <a href=\"https:\/\/szkolydoktorskie.uw.edu.pl\/\">Szko\u0142ach Doktorskich UW<\/a>.<\/p>\n<p>Co roku otwieramy specjalno\u015b\u0107 <a href=\"http:\/\/slawistyka.uw.edu.pl\/pl\/rekrutacja\/prezentacja-instytutu\/specjalnosci\/bohemistyka\/\">bohemistyka<\/a>, zwi\u0105zan\u0105 z j\u0119zykiem czeskim. Co dwa lub trzy lata natomiast og\u0142aszamy nab\u00f3r na pozosta\u0142e specjalno\u015bci: <a href=\"http:\/\/slawistyka.uw.edu.pl\/pl\/rekrutacja\/prezentacja-instytutu\/specjalnosci\/kroatystyka\/\">kroatystyka<\/a> i <a href=\"http:\/\/slawistyka.uw.edu.pl\/pl\/rekrutacja\/prezentacja-instytutu\/specjalnosci\/serbistyka\/\">serbistyka<\/a> (na przemian), <a href=\"http:\/\/slawistyka.uw.edu.pl\/pl\/rekrutacja\/prezentacja-instytutu\/specjalnosci\/bulgarystyka\/\">bu\u0142garystyka<\/a>, <a href=\"http:\/\/slawistyka.uw.edu.pl\/pl\/rekrutacja\/prezentacja-instytutu\/specjalnosci\/slowacystyka\/\">s\u0142owacystyka<\/a> i <a href=\"http:\/\/slawistyka.uw.edu.pl\/pl\/rekrutacja\/prezentacja-instytutu\/specjalnosci\/slowenistyka\/\">s\u0142owenistyka<\/a>.<\/p>\n<p><span style=\"color: #ffffff;background-color: #003366\"><strong>&nbsp;REKRUTACJA 2026\/2027&nbsp;<\/strong><\/span><\/p>\n<p><strong>W roku akademickim 2026\/2027 otwieramy specjalno\u015bci:<\/strong><\/p>\n<p><span style=\"color: #003366\">\u25ba<\/span> studia I stopnia (licencjackie):<\/p>\n<ul>\n<li><a href=\"http:\/\/slawistyka.uw.edu.pl\/pl\/rekrutacja\/prezentacja-instytutu\/specjalnosci\/bohemistyka\/\"><strong>bohemistyka<\/strong><\/a> &#8211; j\u0119zyk i kultura Czech;<\/li>\n<li><a href=\"http:\/\/slawistyka.uw.edu.pl\/pl\/rekrutacja\/prezentacja-instytutu\/specjalnosci\/kroatystyka\/\"><b>kroatystyka<\/b><\/a> &#8211; j\u0119zyk i kultura Chorwacji;<b><\/b><\/li>\n<li><a href=\"http:\/\/slawistyka.uw.edu.pl\/pl\/rekrutacja\/prezentacja-instytutu\/specjalnosci\/slowacystyka\/\"><b>s\u0142owacystyka<\/b><\/a> &#8211; j\u0119zyk i kultura S\u0142owacji;<\/li>\n<\/ul>\n<p><span style=\"color: #003366\">\u25ba<\/span> studia II stopnia (magisterskie):<\/p>\n<ul>\n<li><a href=\"http:\/\/slawistyka.uw.edu.pl\/pl\/rekrutacja\/prezentacja-instytutu\/specjalnosci\/bohemistyka\/\"><strong>bohemistyka<\/strong><\/a>&nbsp;&#8211; j\u0119zyk i kultura Czech;<\/li>\n<li><b><a href=\"http:\/\/slawistyka.uw.edu.pl\/pl\/rekrutacja\/prezentacja-instytutu\/specjalnosci\/kroatystyka\/\">kroatystyka<\/a>&nbsp;<\/b>&#8211; j\u0119zyk i kultura Chorwacji;<\/li>\n<li><b><a href=\"http:\/\/slawistyka.uw.edu.pl\/pl\/rekrutacja\/prezentacja-instytutu\/specjalnosci\/slowenistyka\/\">s\u0142owenistyka<\/a>&nbsp;<\/b>&#8211; j\u0119zyk i kultura S\u0142owenii.<\/li>\n<\/ul>\n<p>&nbsp;<\/p>\n<p><span style=\"color: #ffffff;background-color: #008000\"><strong>&nbsp;STUDIA I STOPNIA&nbsp;<\/strong><\/span><\/p>\n<p>Absolwent\/ka <a href=\"http:\/\/slawistyka.uw.edu.pl\/pl\/studia-w-iszip\/studia-i-stopnia\/\"><strong>licencjackich studi\u00f3w slawistycznych<\/strong><\/a> m.in.<\/p>\n<ul>\n<li>zna dwa j\u0119zyki s\u0142owia\u0144skie (j\u0119zyk specjalno\u015bci &#8211; kompetencje j\u0119zykowe na poziomie C1; drugi j\u0119zyk z oferty ISZiP &#8211; na poziomie B2),<\/li>\n<li>bardzo dobrze orientuje si\u0119 w realiach kulturowych i spo\u0142ecznych wybranych kraj\u00f3w s\u0142owia\u0144skich,<\/li>\n<li>ma podstawowe wiadomo\u015bci o funkcjonowaniu instytucji kultury w wybranym kraju s\u0142owia\u0144skim,<\/li>\n<li>potrafi analizowa\u0107 najwa\u017cniejsze zjawiska polityczne i spo\u0142eczne w kontek\u015bcie wsp\u00f3\u0142czesno\u015bci oraz w perspektywie historycznej wybranego kraju s\u0142owia\u0144skiego.<\/li>\n<\/ul>\n<p><strong>Wi\u0119cej o studiach licencjackich w ISZiP:<\/strong>&nbsp;<strong><a href=\"http:\/\/slawistyka.uw.edu.pl\/pl\/rekrutacja\/studia-w-iszip\/studia-i-stopnia\/\">ISZiP, studia I stopnia<\/a><\/strong><\/p>\n<p><span style=\"color: #ffffff;background-color: #003366\"><strong>&nbsp;Rekrutacja 2026\/2027 na studia I stopnia&nbsp;<\/strong><\/span><\/p>\n<ul>\n<li>Internetowa Rekrutacja Kandydat\u00f3w UW: <a href=\"https:\/\/irk.uw.edu.pl\/pl\/offer\/PELNE2026\/programme\/S1-SL\/?from=org-unit:30000000\">Slawistyka, stacjonarne, pierwszego stopnia<\/a><\/li>\n<li>Wszelkich informacji na temat rekrutacji w ISZiP UW Komisja Rekrutacyjna udziela przez system IRK UW lub pod adresem: <strong><a href=\"mailto:slawistyka.rekrutacja@uw.edu.pl\">slawistyka.rekrutacja@uw.edu.pl<\/a><\/strong><\/li>\n<\/ul>\n<p>&nbsp;<\/p>\n<p><span style=\"color: #ffffff;background-color: #008000\"><strong>&nbsp;STUDIA II STOPNIA&nbsp;<\/strong><\/span><\/p>\n<p>Absolwent\/ka <a href=\"http:\/\/slawistyka.uw.edu.pl\/pl\/studia-w-iszip\/studia-ii-stopnia\/\"><strong>magisterskich studi\u00f3w slawistycznych<\/strong><\/a> m.in.:<\/p>\n<ul>\n<li>zyskuje bardzo dobr\u0105 znajomo\u015b\u0107 j\u0119zyka kierunkowego, zbli\u017con\u0105 do kompetencji rodzimego u\u017cytkownika,<\/li>\n<li>ma pog\u0142\u0119bion\u0105 wiedz\u0119 dotycz\u0105c\u0105 zasad analizy tekst\u00f3w kultury z r\u00f3\u017cnych obszar\u00f3w kulturowych,<\/li>\n<li>bardzo dobrze zna realia spo\u0142eczne i polityczne kraju specjalno\u015bci w odniesieniu do sytuacji w regionie i w Europie,<\/li>\n<li>ma szczeg\u00f3\u0142ow\u0105 wiedz\u0119 o systemie wybranego j\u0119zyka s\u0142owia\u0144skiego, w tym o jego zr\u00f3\u017cnicowaniu funkcjonalnym, stylistycznym i dialektalnym,<\/li>\n<li>zna najwa\u017cniejsze techniki translatoryczne i umie je zastosowa\u0107 w praktyce.<\/li>\n<\/ul>\n<p><strong>Wi\u0119cej o studiach magisterskich w ISZiP: <\/strong><a href=\"http:\/\/slawistyka.uw.edu.pl\/pl\/rekrutacja\/studia-w-iszip\/studia-ii-stopnia\/\"><strong>ISZiP, studia II stopnia<\/strong><\/a><\/p>\n<p><span style=\"color: #ffffff;background-color: #003366\"><strong>&nbsp;Rekrutacja 2026\/2027 na studia II stopnia&nbsp;<\/strong><\/span><\/p>\n<ul>\n<li>Internetowa Rekrutacja Kandydat\u00f3w UW: <a href=\"https:\/\/irk.uw.edu.pl\/pl\/offer\/PELNE2026\/programme\/S2-SL\/?from=field:P_SL\"><strong>Slawistyka, stacjonarne, drugiego stopnia<\/strong><\/a><\/li>\n<li>Wszelkich informacji na temat rekrutacji w ISZiP UW Komisja Rekrutacyjna udziela przez system IRK UW lub pod adresem: <strong><a href=\"mailto:slawistyka.rekrutacja@uw.edu.pl\">slawistyka.rekrutacja@uw.edu.pl<\/a><\/strong><\/li>\n<\/ul>\n<p>&nbsp;<\/p>\n<p><strong><span style=\"color: #ffffff;background-color: #003366\">&nbsp;Rekrutacja 2026\/2027 &#8211; wa\u017cne informacje <\/span>&nbsp;<\/strong><\/p>\n<p><strong>\u25ba&nbsp;<\/strong>Harmonogram rekrutacji na rok akademicki 2026\/2027: <a href=\"https:\/\/rekrutacja.uw.edu.pl\/harmonogram-rekrutacji\/\"><strong>Harmonogram<\/strong><\/a><\/p>\n<p><strong>\u25ba&nbsp;<\/strong>Zasady rekrutacji na rok akademicki 2026\/2027: <a href=\"https:\/\/rekrutacja.uw.edu.pl\/zasady-rekrutacji\/\"><strong>Zasady rekrutacji<\/strong><\/a><\/p>\n<p><strong>\u25ba&nbsp;<\/strong>Szczeg\u00f3\u0142owe informacje na temat zasad rekrutacji i wymaga\u0144 znajduj\u0105 si\u0119 na stronie Internetowej Rejestracji Kandydat\u00f3w:&nbsp;<a href=\"https:\/\/rekrutacja.uw.edu.pl\/akty-prawne\/akty-prawne-2026-2027\/\"><strong>Akty prawne<\/strong><\/a><\/p>\n<p><strong>\u25ba&nbsp;<\/strong>Strona Internetowej Rekrutacji Kandydat\u00f3w UW:&nbsp;<a href=\"https:\/\/irk.uw.edu.pl\/pl\/\"><strong>IRK UW<\/strong><\/a><\/p>\n<p><strong>\u25ba&nbsp;<\/strong>Kontakt z Biurem ds. Rekrutacji UW:&nbsp;<a href=\"https:\/\/rekrutacja.uw.edu.pl\/kontakt\/\"><strong>Biuro ds. Rekrutacji UW<\/strong><\/a><\/p>\n<p><strong>Prosz\u0119 \u015bledzi\u0107 komunikaty w systemie IRK na koncie kandydata.<\/strong><\/p>\n<p>Komisja rekrutacyjna Wydzia\u0142u Polonistyki przyjmuj\u0105ca dokumenty na studia w Instytucie Slawistyki Zachodniej i Po\u0142udniowej b\u0119dzie oczekiwa\u0107 na Pa\u0144stwa w budynku Instytutu Slawistyki (na ty\u0142ach Audytorium Maximum).<\/p>\n<p>&nbsp;<\/p>\n<p><span style=\"color: #ffffff;background-color: #003366\"><strong>&nbsp;Atuty studi\u00f3w slawistycznych&nbsp;<\/strong><\/span><\/p>\n<ul>\n<li>Kim jeste\u015bmy? Co oferujemy? Jakie perspektywy daj\u0105 studia slawistyczne?<br \/>\n<strong>Wi\u0119cej:<\/strong>&nbsp;<a href=\"http:\/\/slawistyka.uw.edu.pl\/pl\/rekrutacja\/prezentacja-instytutu\/\"><strong>Prezentacja Instytutu<\/strong><\/a><\/li>\n<li class=\"entry-title\">Biuro Prasowe UW przygotowa\u0142o dla student\u00f3w I roku przewodnik zawieraj\u0105cy najwa\u017cniejsze informacje na temat uczelni. Publikacja zawiera podstawowe wskaz\u00f3wki odno\u015bnie pierwszych krok\u00f3w na Uniwersytecie Warszawskim.<br \/>\n<strong><strong>Wi\u0119cej:&nbsp;<a href=\"http:\/\/slawistyka.uw.edu.pl\/pl\/rekrutacja\/przewodnik-dla-nowych-studentow\/\">Przewodnik dla nowych student\u00f3w<\/a><\/strong><\/strong>&nbsp;<\/li>\n<\/ul>\n<p>&nbsp;<\/p>\n<p><span style=\"color: #ffffff;background-color: #003366\"><strong>&nbsp;Dodatkowe informacje&nbsp;<\/strong><\/span><\/p>\n<ul>\n<li>Dla kandydat\u00f3w z niepe\u0142nosprawno\u015bciami<br \/>\n<strong>Wi\u0119cej: <a href=\"http:\/\/slawistyka.uw.edu.pl\/pl\/rekrutacja\/dla-osob-z-niepelnosprawnosciami\/\">Dla os\u00f3b z niepe\u0142nosprawno\u015bciami<\/a><\/strong><\/li>\n<li>Pomoc materialna dla os\u00f3b studiuj\u0105cych<br \/>\n<strong>Wi\u0119cej: <a href=\"http:\/\/slawistyka.uw.edu.pl\/pl\/rekrutacja\/pomoc-materialna\/\">Pomoc materialna<\/a><\/strong><\/li>\n<\/ul>","protected":false},"excerpt":{"rendered":"<p>W Instytucie Slawistyki Zachodniej i Po\u0142udniowej prowadzone s\u0105 studia dwustopniowe, licencjackie (I stopnia) oraz magisterskie (II stopnia). Studia doktoranckie prowadzone [&hellip;]<\/p>\n","protected":false},"author":760,"featured_media":0,"parent":0,"menu_order":0,"comment_status":"closed","ping_status":"closed","template":"","meta":{"_mi_skip_tracking":false,"ngg_post_thumbnail":0,"_expiration-date-status":"","_expiration-date":0,"_expiration-date-type":"","_expiration-date-categories":[],"_expiration-date-options":[]},"_links":{"self":[{"href":"https:\/\/slawistyka.uw.edu.pl\/pl\/wp-json\/wp\/v2\/pages\/227"}],"collection":[{"href":"https:\/\/slawistyka.uw.edu.pl\/pl\/wp-json\/wp\/v2\/pages"}],"about":[{"href":"https:\/\/slawistyka.uw.edu.pl\/pl\/wp-json\/wp\/v2\/types\/page"}],"author":[{"embeddable":true,"href":"https:\/\/slawistyka.uw.edu.pl\/pl\/wp-json\/wp\/v2\/users\/760"}],"replies":[{"embeddable":true,"href":"https:\/\/slawistyka.uw.edu.pl\/pl\/wp-json\/wp\/v2\/comments?post=227"}],"version-history":[{"count":32,"href":"https:\/\/slawistyka.uw.edu.pl\/pl\/wp-json\/wp\/v2\/pages\/227\/revisions"}],"predecessor-version":[{"id":14843,"href":"https:\/\/slawistyka.uw.edu.pl\/pl\/wp-json\/wp\/v2\/pages\/227\/revisions\/14843"}],"wp:attachment":[{"href":"https:\/\/slawistyka.uw.edu.pl\/pl\/wp-json\/wp\/v2\/media?parent=227"}],"curies":[{"name":"wp","href":"https:\/\/api.w.org\/{rel}","templated":true}]}}