{"id":229,"date":"2017-12-15T23:59:30","date_gmt":"2017-12-15T22:59:30","guid":{"rendered":"http:\/\/slawistyka.uw.edu.pl\/?page_id=229"},"modified":"2018-02-27T00:46:24","modified_gmt":"2018-02-26T23:46:24","slug":"badania","status":"publish","type":"page","link":"https:\/\/slawistyka.uw.edu.pl\/pl\/badania\/","title":{"rendered":"BADANIA"},"content":{"rendered":"<ul class=\"su-subpages\"><li class=\"page_item page-item-2448\"><a href=\"https:\/\/slawistyka.uw.edu.pl\/pl\/badania\/dzialalnosc-badawcza\/\">Dzia\u0142alno\u015b\u0107 badawcza<\/a><\/li>\n<li class=\"page_item page-item-423 page_item_has_children\"><a href=\"https:\/\/slawistyka.uw.edu.pl\/pl\/badania\/granty-i-projekty-naukowe\/\">Granty i projekty naukowe<\/a><\/li>\n<li class=\"page_item page-item-231 page_item_has_children\"><a href=\"https:\/\/slawistyka.uw.edu.pl\/pl\/badania\/konferencje\/\">Konferencje<\/a><\/li>\n<li class=\"page_item page-item-301 page_item_has_children\"><a href=\"https:\/\/slawistyka.uw.edu.pl\/pl\/badania\/zespoly-badawcze\/\">Pracownie i zespo\u0142y badawcze<\/a><\/li>\n<li class=\"page_item page-item-435\"><a href=\"https:\/\/slawistyka.uw.edu.pl\/pl\/badania\/zeszyty-luzyckie\/\">Zeszyty \u0141u\u017cyckie<\/a><\/li>\n<\/ul>\n","protected":false},"excerpt":{"rendered":"","protected":false},"author":760,"featured_media":0,"parent":0,"menu_order":3,"comment_status":"closed","ping_status":"closed","template":"","meta":{"_mi_skip_tracking":false,"ngg_post_thumbnail":0,"_expiration-date-status":"","_expiration-date":0,"_expiration-date-type":"","_expiration-date-categories":[],"_expiration-date-options":[]},"_links":{"self":[{"href":"https:\/\/slawistyka.uw.edu.pl\/pl\/wp-json\/wp\/v2\/pages\/229"}],"collection":[{"href":"https:\/\/slawistyka.uw.edu.pl\/pl\/wp-json\/wp\/v2\/pages"}],"about":[{"href":"https:\/\/slawistyka.uw.edu.pl\/pl\/wp-json\/wp\/v2\/types\/page"}],"author":[{"embeddable":true,"href":"https:\/\/slawistyka.uw.edu.pl\/pl\/wp-json\/wp\/v2\/users\/760"}],"replies":[{"embeddable":true,"href":"https:\/\/slawistyka.uw.edu.pl\/pl\/wp-json\/wp\/v2\/comments?post=229"}],"version-history":[{"count":6,"href":"https:\/\/slawistyka.uw.edu.pl\/pl\/wp-json\/wp\/v2\/pages\/229\/revisions"}],"predecessor-version":[{"id":2449,"href":"https:\/\/slawistyka.uw.edu.pl\/pl\/wp-json\/wp\/v2\/pages\/229\/revisions\/2449"}],"wp:attachment":[{"href":"https:\/\/slawistyka.uw.edu.pl\/pl\/wp-json\/wp\/v2\/media?parent=229"}],"curies":[{"name":"wp","href":"https:\/\/api.w.org\/{rel}","templated":true}]}}