{"id":231,"date":"2017-12-16T00:00:00","date_gmt":"2017-12-15T23:00:00","guid":{"rendered":"http:\/\/slawistyka.uw.edu.pl\/?page_id=231"},"modified":"2026-02-16T12:22:48","modified_gmt":"2026-02-16T11:22:48","slug":"konferencje","status":"publish","type":"page","link":"https:\/\/slawistyka.uw.edu.pl\/pl\/badania\/konferencje\/","title":{"rendered":"Konferencje"},"content":{"rendered":"Informacje o konferencjach organizowanych w Instytucie Slawistyki Zachodniej i Po\u0142udniowej UW:<\/p>\n<h4 style=\"text-align: center\"><strong>2016 <\/strong><\/h4>\n<p>Konferencja \u201e<a href=\"http:\/\/slawistyka.uw.edu.pl\/pl\/2016\/11\/26\/konferencja-bulgarystyka-reinterpretacje\/\"><strong>Bu\u0142garystyka \u2013 Reinterpretacje<\/strong><\/a>\u201d zorganizowana&nbsp; pod patronatem Rektora UW prof. Marcina Pa\u0142ysa i Ambasadora Bu\u0142garii w Polsce Emila Yalnazova przez Instytut Slawistyki Zachodniej i Po\u0142udniowej Uniwersytetu Warszawskiego wraz z Ambasad\u0105 Republiki Bu\u0142garii w Polsce.<\/p>\n<h4 style=\"text-align: center\"><strong>2017&nbsp; &nbsp;<\/strong><\/h4>\n<p>Mi\u0119dzynarodowa konferencja \u201e<a href=\"http:\/\/slawistyka.uw.edu.pl\/pl\/2017\/03\/31\/konferencja-architekci-slowianszczyzny\/\"><strong>Architekci S\u0142owia\u0144szczyzny (1868-1938)<\/strong><\/a>\u201d &nbsp;zorganizowana przez&nbsp; Zesp\u00f3\u0142 Bada\u0144 Kultur S\u0142owia\u0144skich w Monarchii Habsburskiej w Instytucie Slawistyki Zachodniej i Po\u0142udniowej UW;<\/p>\n<p>Mi\u0119dzynarodowa konferencja naukowa \u201e<a href=\"http:\/\/slawistyka.uw.edu.pl\/pl\/badania\/konferencje\/studia-postsekularne\/\"><strong>Do\u015bwiadczenie wiary w kulturach i literaturach s\u0142owia\u0144skich w \u015bwietle my\u015bli postsekularnej<\/strong><\/a>\u201d zorganizowana przez Instytut Slawistyki Zachodniej i Po\u0142udniowej Uniwersytetu Warszawskiego,Wydzia\u0142 Polonistyki Uniwersytetu Warszawskiego, Uniwersytet Warszawski, Instytut Slawistyki Polskiej Akademii Nauk oraz Fundacj\u0119 Slawistyczn\u0105.<\/p>\n<h4 style=\"text-align: center\">2018 &nbsp;<\/h4>\n<p>Mi\u0119dzynarodowa konferencja naukowa&nbsp; \u201e<a href=\"http:\/\/slawistyka.uw.edu.pl\/pl\/badania\/konferencje\/instytucje-po-1989-roku\/\"><strong>Zmiana ram. Instytucje po 1989 roku <\/strong><strong>w Europie \u015arodkowo-Wschodniej i na Ba\u0142kanach<\/strong><\/a>\u201d <em>&nbsp;<\/em>zorganizowana przez&nbsp; Instytut Slawistyki Zachodniej i Po\u0142udniowej Uniwersytetu Warszawskiego;<\/p>\n<p>Trzecia konferencja mi\u0119dzynarodowa \u201e<strong>Badania walencji czasownikowej w krajach s\u0142owia\u0144skich wczoraj i dzi\u015b<\/strong>\u201d (\u201eV\u00fdzkum slovesn\u00e9 valence ve slovansk\u00fdch zem\u00edch v\u010dera a dnes\u201d) zorganizowana w Pradze przez Instytut S\u0142owia\u0144ski Akademii Nauk Republiki Czeskiej (Slovansk\u00fd \u00fastav AV \u010cR), Instytut Slawistyki Zachodniej i Po\u0142udniowej Uniwersytetu Warszawskiego i Pracowni\u0119 Pragmatyki i Semantyki J\u0119zykoznawczej Uniwersytetu Warszawskiego;<\/p>\n<p>Konferencja \u201e<a href=\"http:\/\/slawistyka.uw.edu.pl\/pl\/2018\/10\/02\/konferencja-maly-jezyk-wielki-temat-30-11-1-12-2018\/\"><strong>Ma\u0142y j\u0119zyk \u2013 wielki temat<\/strong><\/a>\u201d zorganizowana przez Instytut Slawistyki Zachodniej i Po\u0142udniowej UW;<\/p>\n<p>Konferencja polsko-bu\u0142garska \u201e<a href=\"http:\/\/slawistyka.uw.edu.pl\/pl\/2018\/11\/16\/100-lat-relacji-dyplomatycznych-miedzy-polska-a-bulgaria-6-7-12-2018\/\"><strong>100 lat relacji dyplomatycznych mi\u0119dzy Polsk\u0105 a Bu\u0142gari\u0105<\/strong><\/a>\u201d&nbsp; zorganizowana przez Ambasad\u0119 Republiki Bu\u0142garii w Polsce, Wydzia\u0142 Nauk Politycznych i Stosunk\u00f3w Mi\u0119dzynarodowych Uniwersytetu Warszawskiego, Instytut Slawistyki Zachodniej i Po\u0142udniowej&nbsp; Uniwersytetu Warszawskiego oraz Instytut Studi\u00f3w Politycznych Polskiej Akademii Nauk; tom pokonferencyjny <em>Polacy i&nbsp;Bu\u0142garzy \u2013 sto lat dialogu<\/em> (red. I. Doli\u0144ski, I. Genew-Puhalewa), Warszawa 2020.<\/p>\n<h4 style=\"text-align: center\"><strong>2019<\/strong><\/h4>\n<p>Konferencja&nbsp; \u201e<a href=\"http:\/\/slawistyka.uw.edu.pl\/pl\/2019\/05\/16\/po-galicji-jeszcze-wiecej-problemow-konferencja-5-6-06\/\"><strong>(P)o Galicji: jeszcze wi\u0119cej problem\u00f3w!<\/strong><\/a>\u201d zorganizowana w Warszawie przez Instytut Slawistyki Zachodniej i Po\u0142udniowej Uniwersytetu Warszawskiego, Zak\u0142ad Literatury XX i XXI wieku (Instytut Literatury Polskiej, Wydzia\u0142 Polonistyki UW) i Instytut Slawistyki Uniwersytetu Wiede\u0144skiego (Institut f\u00fcr Slawistik der Universit\u00e4t Wien); konferencja zorganizowana z okazji sze\u015b\u0107dziesi\u0105tych pi\u0105tych urodzin cenionego w Polsce austriackiego slawisty prof. Aloisa Woldana.<\/p>\n<h4 style=\"text-align: center\"><strong>2020 <\/strong>&nbsp;<\/h4>\n<p>Mi\u0119dzynarodowa konferencja naukowa po\u015bwi\u0119cona sztuce cyrkowej &nbsp;\u201e<a href=\"http:\/\/slawistyka.uw.edu.pl\/pl\/2020\/10\/22\/cyrk-genealogie-imaginaria-translacje\/\"><strong>Cyrk: genealogie, imaginaria, translacje<\/strong><\/a>\u201d zorganizowana przez Instytut Teatralny im Zbigniewa Raszewskiego, Instytut Slawistyki Zachodniej i Po\u0142udniowej Uniwersytetu Warszawskiego oraz Instytut Filologii Polskiej Uniwersytetu Marii Curie-Sk\u0142odowskiej.<\/p>\n<h4 style=\"text-align: center\"><strong>2022&nbsp; <\/strong><\/h4>\n<p>Konferencja \u201e<strong><a href=\"http:\/\/slawistyka.uw.edu.pl\/pl\/badania\/konferencje\/hrvatska-u-srednjoj-europi-6-7-10-22\/\">Chorwacja w Europie \u015arodkowej. Transfery kulturowe w okresie mi\u0119dzy dwiema wojnami \u015bwiatowymi<\/a><\/strong>\u201d (\u201eHrvatska u Srednjoj Europi. Kulturni transferi izmedu dvaju svjetskih ratova\u201d) zorganizowana przez Instytut Slawistyki Zachodniej i Po\u0142udniowej Uniwersytetu Warszawskiego, Ministerstwo Nauki i Edukacji Republiki Chorwacji oraz Ambasad\u0119 Republiki Chorwacji w Polsce (konferencja naukowa z okazji 65. rocznicy \u015bmierci Julija Bene\u0161icia)<strong>;<\/strong><\/p>\n<p>Mi\u0119dzynarodowa konferencja \u201e<a href=\"http:\/\/slawistyka.uw.edu.pl\/pl\/2022\/11\/09\/the-animal-on-stage\/\"><strong>The Animal on Stage: Cultural Performances<\/strong><\/a>\u201d zorganizowana przez Instytut Teatralny im. Zbigniewa Raszewskiego, Instytut Slawistyki Zachodniej i Po\u0142udniowej Uniwersytetu Warszawskiego oraz Instytut Etnologii i Antropologii Kulturowej Uniwersytetu Warszawskiego.<\/p>\n<h4 style=\"text-align: center\"><strong>2023 <\/strong><\/h4>\n<p>Mi\u0119dzynarodowa Konferencja Studencko-Doktorancka \u201e<a href=\"http:\/\/slawistyka.uw.edu.pl\/pl\/2023\/04\/04\/miedzynarodowa-konferencja-studencko-doktorancka-mloda-slawistyka\/\"><strong>M\u0142oda Slawistyka<\/strong>\u201d<\/a> zorganizowana przez Ko\u0142o Naukowe Slawist\u00f3w Uniwersytetu Warszawskiego;&nbsp; tom pokonferencyjny <em>M\u0142oda Slawistyka <\/em>&nbsp;pod redakcj\u0105 Kingi Stanaszek i Marty Koralewskiej, \u0141\u00f3d\u017a 2024;<\/p>\n<p>Konferencja naukowa \u201e<a href=\"http:\/\/slawistyka.uw.edu.pl\/pl\/2023\/05\/13\/%f0%9d%90%8f%f0%9d%90%a8%f0%9d%90%ac%f0%9d%90%ad%f0%9d%90%9a%f0%9d%90%b0%f0%9d%90%b2-%f0%9d%90%a2-%f0%9d%90%a9%f0%9d%90%ab%f0%9d%90%9a%f0%9d%90%a4%f0%9d%90%ad%f0%9d%90%b2%f0%9d%90%a4%f0%9d%90%a2\/\"><strong>Podstawy i praktyki troski w Europie \u015arodkowej i Wschodniej w XXI wieku<\/strong><\/a>\u201d&nbsp; zorganizowana przez&nbsp; Instytut Slawistyki Zachodniej i Po\u0142udniowej, Uniwersytetu Warszawskiego&nbsp; oraz &nbsp;New Bulgarian University;<\/p>\n<p>Mi\u0119dzynarodowa konferencja \u201e<a href=\"http:\/\/slawistyka.uw.edu.pl\/pl\/2023\/01\/31\/9800\/\"><strong>Wsp\u00f3lnoty lokalne i nowe elity w monarchii austro-w\u0119gierskiej<\/strong><\/a>\u201d (\u201e<strong><a href=\"http:\/\/slawistyka.uw.edu.pl\/en\/2023\/01\/31\/9800\/\">Local Communities and New Elites in Austria-Hungary<\/a>\u201d<\/strong> zorganizowana przez Zesp\u00f3\u0142 Bada\u0144 Kultur S\u0142owia\u0144skich w Monarchii Habsburskiej&nbsp; we wsp\u00f3\u0142pracy z Niemieckim Instytutem Historycznym i Instytutem Historii im. Tadeusza Manteuffla Polskiej Akademii Nauk.<\/p>\n<h4 style=\"text-align: center\"><strong>2024 <\/strong><\/h4>\n<p>Mi\u0119dzynarodowa Konferencja Studencko-Doktorancka&nbsp; \u201e<strong><a href=\"http:\/\/slawistyka.uw.edu.pl\/pl\/2024\/02\/06\/od-tabu-do-otwartosci-seksualnosc-na-slowianszczyznie-zachodniej-i-poludniowej\/\">Od tabu do otwarto\u015bci: Seksualno\u015b\u0107 na S\u0142owia\u0144szczy\u017anie zachodniej i po\u0142udniowej<\/a><\/strong>\u201d zorganizowana na Wydziale Polonistyki Uniwersytetu Warszawskiego;<\/p>\n<p>Mi\u0119dzynarodowa Konferencja Studencko-Doktorancka \u201e<a href=\"http:\/\/slawistyka.uw.edu.pl\/pl\/2024\/04\/06\/miedzynarodowa-konferencja-studencko-doktorancka-mloda-slawistyka-12-13-04-2024\/\"><strong>M\u0142oda Slawistyka<\/strong><\/a>\u201d (druga edycja), zorganizowana&nbsp; w dniach<strong>&nbsp; <\/strong>12-13 kwietnia 2024 roku przez Ko\u0142o Naukowe Slawist\u00f3w Uniwersytetu Warszawskiego.<\/p>\n<h4 style=\"text-align: center\"><strong>2026<\/strong><\/h4>\n<p>Mi\u0119dzynarodowa konferencja <a href=\"http:\/\/slawistyka.uw.edu.pl\/pl\/badania\/konferencje\/badanie-walencji-w-krajach-slowianskich-wczoraj-i-dzis\/\">Badanie walencji w krajach s\u0142owia\u0144skich wczoraj i dzi\u015b<\/a> organizowana przez&nbsp;Instytut Slawistyki Zachodniej i Po\u0142udniowej UW, Pracowni\u0119 Pragmatyki i Semantyki Je\u0328zykoznawczej IPS UW oraz Slovansky\u0301 u\u0301stav Akademie ve\u030cd C\u030ceske\u0301 republiky w dniach 10-11 wrzes\u0301nia 2026 r.","protected":false},"excerpt":{"rendered":"<p>Informacje o konferencjach organizowanych w Instytucie Slawistyki Zachodniej i Po\u0142udniowej UW: 2016 Konferencja \u201eBu\u0142garystyka \u2013 Reinterpretacje\u201d zorganizowana&nbsp; pod patronatem Rektora [&hellip;]<\/p>\n","protected":false},"author":760,"featured_media":0,"parent":229,"menu_order":0,"comment_status":"closed","ping_status":"closed","template":"","meta":{"_mi_skip_tracking":false,"ngg_post_thumbnail":0,"_expiration-date-status":"","_expiration-date":0,"_expiration-date-type":"","_expiration-date-categories":[],"_expiration-date-options":[]},"_links":{"self":[{"href":"https:\/\/slawistyka.uw.edu.pl\/pl\/wp-json\/wp\/v2\/pages\/231"}],"collection":[{"href":"https:\/\/slawistyka.uw.edu.pl\/pl\/wp-json\/wp\/v2\/pages"}],"about":[{"href":"https:\/\/slawistyka.uw.edu.pl\/pl\/wp-json\/wp\/v2\/types\/page"}],"author":[{"embeddable":true,"href":"https:\/\/slawistyka.uw.edu.pl\/pl\/wp-json\/wp\/v2\/users\/760"}],"replies":[{"embeddable":true,"href":"https:\/\/slawistyka.uw.edu.pl\/pl\/wp-json\/wp\/v2\/comments?post=231"}],"version-history":[{"count":9,"href":"https:\/\/slawistyka.uw.edu.pl\/pl\/wp-json\/wp\/v2\/pages\/231\/revisions"}],"predecessor-version":[{"id":14742,"href":"https:\/\/slawistyka.uw.edu.pl\/pl\/wp-json\/wp\/v2\/pages\/231\/revisions\/14742"}],"up":[{"embeddable":true,"href":"https:\/\/slawistyka.uw.edu.pl\/pl\/wp-json\/wp\/v2\/pages\/229"}],"wp:attachment":[{"href":"https:\/\/slawistyka.uw.edu.pl\/pl\/wp-json\/wp\/v2\/media?parent=231"}],"curies":[{"name":"wp","href":"https:\/\/api.w.org\/{rel}","templated":true}]}}