{"id":301,"date":"2017-12-21T00:31:43","date_gmt":"2017-12-20T23:31:43","guid":{"rendered":"http:\/\/slawistyka.uw.edu.pl\/?page_id=301"},"modified":"2024-06-02T15:31:05","modified_gmt":"2024-06-02T13:31:05","slug":"zespoly-badawcze","status":"publish","type":"page","link":"https:\/\/slawistyka.uw.edu.pl\/pl\/badania\/zespoly-badawcze\/","title":{"rendered":"Pracownie i zespo\u0142y badawcze"},"content":{"rendered":"Od 2011 roku w Instytucie Slawistyki Zachodniej i Po\u0142udniowej dzia\u0142aj\u0105 zespo\u0142y badawcze oraz pracownie. Grupuj\u0105 one pracownik\u00f3w naukowych instytutu, doktorant\u00f3w, niekt\u00f3re tak\u017ce badaczy z innych jednostek UW, za\u015b w za\u0142o\u017ceniu maj\u0105 otwarty charakter. Ich dzia\u0142alno\u015b\u0107 skupia si\u0119 wok\u00f3\u0142 pi\u0119ciu temat\u00f3w badawczych, dzi\u0119ki czemu zespo\u0142y maj\u0105 wyra\u017anie praktyczny charakter. Oznacza to, \u017ce ich celem jest prowadzenie bada\u0144 zwi\u0105zanych z tematem przewodnim, jak te\u017c ich popularyzacja w formie publikacji, konferencji, debat.<\/p>\n<p>Pracownie i zespo\u0142y charakteryzuje podej\u015bcie interdyscyplinarne, wynikaj\u0105ce z d\u0105\u017cenia do ujmowania badanej rzeczywisto\u015bci z wielu aspekt\u00f3w. Takie uj\u0119cie wyrasta wprost z do\u015bwiadcze\u0144 slawistyki jako tej dziedziny wiedzy, kt\u00f3ra wymaga otwarcia i dialogu w ramach dyscyplin humanistycznych i nie zamyka si\u0119 w jednym paradygmacie. Obecnie zespo\u0142y s\u0105 najwa\u017cniejszym forum wsp\u00f3lnych dzia\u0142a\u0144 naukowych prowadzonych w ISZiP.<\/p>\n<p>Wi\u0119kszo\u015b\u0107 spotka\u0144 ma charakter otwarty; og\u0142oszenia o nich zamieszczane s\u0105 na Tablicy oraz na profilu instytutu na portalu Facebook.<\/p>\n<p>W instytucie dzia\u0142aj\u0105 obecnie trzy zespo\u0142y i dwie pracownie; szczeg\u00f3\u0142owe wiadomo\u015bci mo\u017cna uzyska\u0107, klikaj\u0105c w nazw\u0119 danego zespo\u0142u lub pracowni:<\/p>\n<h5><a href=\"http:\/\/slawistyka.uw.edu.pl\/pl\/badania\/zespoly-badawcze\/pracownia-badan-wspolczesnych-zmian-religijnosci-w-krajach-slowianskich\/\">Pracownia Bada\u0144 Wsp\u00f3\u0142czesnych Zmian Religijno\u015bci w Krajach S\u0142owia\u0144skich<\/a><\/h5>\n<p>Celem pracowni jest wymiana wiedzy i do\u015bwiadcze\u0144 badawczych dotycz\u0105cych zmian religijno\u015bci, traktowanej jako zjawisko wieloaspektowe: widoczne w krajach s\u0142owia\u0144skich w procesach spo\u0142ecznych, historii, kulturze (w tym literaturze i filozofii), a tak\u017ce w polityce. Komparatystyczne podej\u015bcie do tego fenomenu pozwala ukazywa\u0107 wielorakie aspekty wsp\u00f3\u0142czesnej religijno\u015bci w krajach s\u0142owia\u0144skich, przedstawi\u0107 j\u0105 w r\u00f3\u017cnych \u201eprzekrojach\u201d (socjologicznym, religioznawczym, kulturoznawczym, literaturoznawczym).<\/p>\n<h5><a href=\"http:\/\/slawistyka.uw.edu.pl\/pl\/badania\/zespoly-badawcze\/pracownia-obszaru-postjugoslowianskiego\/\">Pracownia Obszaru Postjugos\u0142owia\u0144skiego (PROP)<\/a><\/h5>\n<p>Pracownia jest miejscem wymiany my\u015bli i wsp\u00f3lnej pracy badaczek oraz badaczy zajmuj\u0105cych si\u0119 obszarem postjugos\u0142owia\u0144skim z r\u00f3\u017cnych perspektyw humanistyki i nauk spo\u0142ecznych. To miejsce pracy zespo\u0142owej o charakterze interdyscyplinarnym, skupiaj\u0105cym przedstawicieli takich dyscyplin jak kulturoznawstwo (slawistyczne), historia, socjologia, politologia.<\/p>\n<h5><a href=\"http:\/\/slawistyka.uw.edu.pl\/badania\/zespoly-badawcze\/interdyscyplinarny-zespol-badan-kultury-komunizmu\/\">Interdyscyplinarny Zesp\u00f3\u0142 Bada\u0144 Kultury Komunizmu w Krajach Europy \u015arodkowo-Wschodniej i na Ba\u0142kanach<\/a><\/h5>\n<p>G\u0142\u00f3wnym obszarem bada\u0144 zespo\u0142u jest historia, funkcjonowanie oraz dziedzictwo komunizmu w Europie \u015arodkowo-Wschodniej i na Ba\u0142kanach. Zesp\u00f3\u0142 \u0142\u0105czy refleksj\u0119 na temat poszczeg\u00f3lnych aspekt\u00f3w rzeczywisto\u015bci komunistycznej i postkomunistycznej z teoretycznymi rozwa\u017caniami nad metodologi\u0105 bada\u0144 tych re\u017cim\u00f3w oraz ich materialnego i mentalnego dziedzictwa.<\/p>\n<h5><a href=\"http:\/\/slawistyka.uw.edu.pl\/badania\/zespoly-badawcze\/zespol-badan-kultur-slowianskich-w-monarchii-habsburskiej\/\">Zesp\u00f3\u0142 Badania Kultur S\u0142owia\u0144skich na Obrze\u017cach Monarchii Habsburskiej<\/a><\/h5>\n<p>Praca zespo\u0142u ogniskuje si\u0119 wok\u00f3\u0142 opisu ma\u0142ych kultur egzystuj\u0105cych w ramach z\u0142o\u017conych ca\u0142o\u015bci polityczno-spo\u0142ecznych, do kt\u00f3rych nale\u017ca\u0142a monarchia habsburska. Celem bada\u0144 zespo\u0142u jest analiza relacji mi\u0119dzykulturowych przez pryzmat nowych b\u0105d\u017a niewykorzystanych dot\u0105d kategorii oraz wypracowanie nowej metodologii bada\u0144 obszar\u00f3w krzy\u017cowania si\u0119 kultur.<\/p>\n<h5><a href=\"http:\/\/slawistyka.uw.edu.pl\/badania\/zespoly-badawcze\/zespol-lingwistyki-korpusowej\/\">Zesp\u00f3\u0142 Lingwistyki Korpusowej J\u0119zyk\u00f3w S\u0142owia\u0144skich<\/a><\/h5>\n<p>G\u0142\u00f3wnym celem jest prowadzenie bada\u0144 gramatycznych i leksykologicznych nad j\u0119zykami s\u0142owia\u0144skimi z wykorzystaniem elektronicznych korpus\u00f3w j\u0119zykowych i metod lingwistyki korpusowej.<\/p>\n<p>&nbsp;","protected":false},"excerpt":{"rendered":"<p>Od 2011 roku w Instytucie Slawistyki Zachodniej i Po\u0142udniowej dzia\u0142aj\u0105 zespo\u0142y badawcze oraz pracownie. Grupuj\u0105 one pracownik\u00f3w naukowych instytutu, doktorant\u00f3w, [&hellip;]<\/p>\n","protected":false},"author":760,"featured_media":0,"parent":229,"menu_order":0,"comment_status":"closed","ping_status":"closed","template":"","meta":{"_mi_skip_tracking":false,"ngg_post_thumbnail":0,"_expiration-date-status":"","_expiration-date":0,"_expiration-date-type":"","_expiration-date-categories":[],"_expiration-date-options":[]},"_links":{"self":[{"href":"https:\/\/slawistyka.uw.edu.pl\/pl\/wp-json\/wp\/v2\/pages\/301"}],"collection":[{"href":"https:\/\/slawistyka.uw.edu.pl\/pl\/wp-json\/wp\/v2\/pages"}],"about":[{"href":"https:\/\/slawistyka.uw.edu.pl\/pl\/wp-json\/wp\/v2\/types\/page"}],"author":[{"embeddable":true,"href":"https:\/\/slawistyka.uw.edu.pl\/pl\/wp-json\/wp\/v2\/users\/760"}],"replies":[{"embeddable":true,"href":"https:\/\/slawistyka.uw.edu.pl\/pl\/wp-json\/wp\/v2\/comments?post=301"}],"version-history":[{"count":8,"href":"https:\/\/slawistyka.uw.edu.pl\/pl\/wp-json\/wp\/v2\/pages\/301\/revisions"}],"predecessor-version":[{"id":12314,"href":"https:\/\/slawistyka.uw.edu.pl\/pl\/wp-json\/wp\/v2\/pages\/301\/revisions\/12314"}],"up":[{"embeddable":true,"href":"https:\/\/slawistyka.uw.edu.pl\/pl\/wp-json\/wp\/v2\/pages\/229"}],"wp:attachment":[{"href":"https:\/\/slawistyka.uw.edu.pl\/pl\/wp-json\/wp\/v2\/media?parent=301"}],"curies":[{"name":"wp","href":"https:\/\/api.w.org\/{rel}","templated":true}]}}