{"id":305,"date":"2017-12-21T00:39:15","date_gmt":"2017-12-20T23:39:15","guid":{"rendered":"http:\/\/slawistyka.uw.edu.pl\/?page_id=305"},"modified":"2026-03-16T17:07:25","modified_gmt":"2026-03-16T16:07:25","slug":"strona-powitalna","status":"publish","type":"page","link":"https:\/\/slawistyka.uw.edu.pl\/pl\/","title":{"rendered":""},"content":{"rendered":"<p class=\"entry-title\"><div class=\"su-animate\" style=\"opacity:0;-webkit-animation-duration:1s;-webkit-animation-delay:0s;animation-duration:1s;animation-delay:0s;\" data-animation=\"bounceIn\" data-duration=\"1\" data-delay=\"0\"><a href=\"http:\/\/slawistyka.uw.edu.pl\/pl\/rekrutacja\/\" class=\"su-button su-button-style-default\" style=\"color:#FFFFFF;background-color:#2D89EF;border-color:#246ec0;border-radius:6px;-moz-border-radius:6px;-webkit-border-radius:6px\" target=\"_self\"><span style=\"color:#FFFFFF;padding:0px 18px;font-size:14px;line-height:28px;border-color:#6cadf4;border-radius:6px;-moz-border-radius:6px;-webkit-border-radius:6px;text-shadow:none;-moz-text-shadow:none;-webkit-text-shadow:none\"> W 2026 roku rekrutujemy na bohemistyk\u0119, s\u0142owacystyk\u0119 i kroatystyk\u0119 na studia I stopnia (licencjackie)<br \/>\noraz na bohemistyk\u0119, s\u0142owenistyk\u0119 i kroatystyk\u0119 na studia II stopnia (magisterskie).<\/span><\/a><\/div>&nbsp;<\/p>\n<div class=\"su-row\"><div class=\"su-column su-column-size-1-2\"><div class=\"su-column-inner su-u-clearfix su-u-trim\"><div id=\"su_carousel_69e6226cdd6bc\" class=\"su-carousel su-carousel-centered su-carousel-pages-yes su-carousel-responsive-no\" style=\"width:360px;height:432px\" data-autoplay=\"3000\" data-speed=\"3000\" data-mousewheel=\"true\" data-items=\"1\" data-scroll=\"1\"><div class=\"su-carousel-slides\"><div class=\"su-carousel-slide\"><a href=\"http:\/\/slawistyka.uw.edu.pl\/pl\/podyplomowe\/\" target=\"_blank\" title=\"Studia podyplomowe\"><img src=\"https:\/\/slawistyka.uw.edu.pl\/wp-content\/uploads\/2026\/03\/Studia-podyplomowe-scaled.jpg\" alt=\"Studia podyplomowe\" \/><span class=\"su-carousel-slide-title\">Studia podyplomowe<\/span><\/a><\/div><div class=\"su-carousel-slide\"><a href=\"http:\/\/slawistyka.uw.edu.pl\/pl\/2026\/03\/16\/prezentacja-monografii-czech-and-polish-sound-memories-of-the-second-world-war-26-03\/\" target=\"_blank\" title=\"Invitation Czech and Polish Sound Memories\"><img src=\"https:\/\/slawistyka.uw.edu.pl\/wp-content\/uploads\/2026\/03\/Invitation_Czech-and-Polish-Sound-Memories-342x432.jpg\" alt=\"Invitation Czech and Polish Sound Memories\" \/><span class=\"su-carousel-slide-title\">Invitation Czech and Polish Sound Memories<\/span><\/a><\/div><div class=\"su-carousel-slide\"><a href=\"http:\/\/slawistyka.uw.edu.pl\/pl\/2026\/03\/06\/letni-kurs-jezyka-i-kultury-serboluzyckiej-zaproszenie\/\" target=\"_blank\" title=\"Letni kurs j\u0119zyka i kultury serbo\u0142u\u017cyckiej\"><img src=\"https:\/\/slawistyka.uw.edu.pl\/wp-content\/uploads\/2026\/03\/Letni-kurs-jezyka-i-kultury-serboluzyckiej-342x432.jpg\" alt=\"Letni kurs j\u0119zyka i kultury serbo\u0142u\u017cyckiej\" \/><span class=\"su-carousel-slide-title\">Letni kurs j\u0119zyka i kultury serbo\u0142u\u017cyckiej<\/span><\/a><\/div><div class=\"su-carousel-slide\"><a href=\"http:\/\/slawistyka.uw.edu.pl\/pl\/2026\/03\/05\/zeszyty-luzyckie-64-bezrobotni-bezdomni-i-inni\/\" target=\"_blank\" title=\"Zeszyty \u0141u\u017cyckie 64. Foto Pawe\u0142 Wieczorek\"><img src=\"https:\/\/slawistyka.uw.edu.pl\/wp-content\/uploads\/2026\/03\/Zeszyty-Luzyckie-64.-Foto-Pawel-Wieczorek-342x432.jpg\" alt=\"Zeszyty \u0141u\u017cyckie 64. Foto Pawe\u0142 Wieczorek\" \/><span class=\"su-carousel-slide-title\">Zeszyty \u0141u\u017cyckie 64. Foto Pawe\u0142 Wieczorek<\/span><\/a><\/div><div class=\"su-carousel-slide\"><a href=\"http:\/\/slawistyka.uw.edu.pl\/pl\/2026\/02\/24\/zeszyty-luzyckie-zapraszaja-do-nadsylania-tekstow-o-tematyce-goralskiej\/\" target=\"_blank\" title=\"Kamil Targosz Pierwszy dzie\u0144: 56 tom Zeszyt\u00f3w \u0141u\u017cyckich G\u00f3rale\"><img src=\"https:\/\/slawistyka.uw.edu.pl\/wp-content\/uploads\/2026\/02\/Temat-56-tomu-Zeszytow-Luzyckich-Gorale-342x432.jpg\" alt=\"Kamil Targosz Pierwszy dzie\u0144: 56 tom Zeszyt\u00f3w \u0141u\u017cyckich G\u00f3rale\" \/><span class=\"su-carousel-slide-title\">Kamil Targosz Pierwszy dzie\u0144: 56 tom Zeszyt\u00f3w \u0141u\u017cyckich G\u00f3rale<\/span><\/a><\/div><div class=\"su-carousel-slide\"><a href=\"http:\/\/slawistyka.uw.edu.pl\/pl\/2026\/02\/16\/monografia-performance-and-human-animal-entanglements\/\" target=\"_blank\" title=\"Performance and Human-Animal Entanglements\"><img src=\"https:\/\/slawistyka.uw.edu.pl\/wp-content\/uploads\/2026\/02\/Performance-and-Human-Animal-Entanglements-342x432.jpg\" alt=\"Performance and Human-Animal Entanglements\" \/><span class=\"su-carousel-slide-title\">Performance and Human-Animal Entanglements<\/span><\/a><\/div><div class=\"su-carousel-slide\"><a href=\"http:\/\/slawistyka.uw.edu.pl\/pl\/2026\/01\/02\/dziedzictwo-mniejszosci-i-duchowa-niezaleznosc-nowe-tomy-zeszytow-luzyckich\/\" target=\"_blank\" title=\"&#8222;Zeszyty \u0141u\u017cyckie. Czasopismo o mniejszo\u015bciach&#8221; (62 i 63)\"><img src=\"https:\/\/slawistyka.uw.edu.pl\/wp-content\/uploads\/2026\/01\/Zeszyty-Luzyckie.-Nr.-62-i-63_03-342x432.jpg\" alt=\"&#8222;Zeszyty \u0141u\u017cyckie. Czasopismo o mniejszo\u015bciach&#8221; (62 i 63)\" \/><span class=\"su-carousel-slide-title\">&#8222;Zeszyty \u0141u\u017cyckie. Czasopismo o mniejszo\u015bciach&#8221; (62 i 63)<\/span><\/a><\/div><div class=\"su-carousel-slide\"><a href=\"http:\/\/slawistyka.uw.edu.pl\/pl\/2025\/10\/30\/koncepcja-troski-w-kontekscie-wspolczesnych-kryzysow\/\" target=\"_blank\" title=\"Care in Central and Eastern Europe in the 21st Century\"><img src=\"https:\/\/slawistyka.uw.edu.pl\/wp-content\/uploads\/2025\/10\/Care-in-Central-and-Eastern-Europe-in-the-21st-Century-342x432.jpg\" alt=\"Care in Central and Eastern Europe in the 21st Century\" \/><span class=\"su-carousel-slide-title\">Care in Central and Eastern Europe in the 21st Century<\/span><\/a><\/div><div class=\"su-carousel-slide\"><a href=\"http:\/\/slawistyka.uw.edu.pl\/pl\/2025\/09\/17\/czech-and-polish-sound-memories-of-the-second-world-war\/\" target=\"_blank\" title=\"Czech and Polish Sound Memories of the Second World War\"><img src=\"https:\/\/slawistyka.uw.edu.pl\/wp-content\/uploads\/2025\/09\/Czech-and-Polish-Sound-Memories-of-the-Second-World-War-342x432.jpg\" alt=\"Czech and Polish Sound Memories of the Second World War\" \/><span class=\"su-carousel-slide-title\">Czech and Polish Sound Memories of the Second World War<\/span><\/a><\/div><\/div><div class=\"su-carousel-nav\"><div class=\"su-carousel-direction\"><span class=\"su-carousel-prev\"><\/span><span class=\"su-carousel-next\"><\/span><\/div><div class=\"su-carousel-pagination\"><\/div><\/div><\/div><\/div><\/div><div class=\"su-column su-column-size-1-2\"><div class=\"su-column-inner su-u-clearfix su-u-trim\"><div class=\"su-note\"  style=\"border-color:#d8dde0;border-radius:5px;-moz-border-radius:5px;-webkit-border-radius:5px;\"><div class=\"su-note-inner su-u-clearfix su-u-trim\" style=\"background-color:#f2f7fa;border-color:#ffffff;color:#333333;border-radius:5px;-moz-border-radius:5px;-webkit-border-radius:5px;\">\n<p style=\"text-align: justify\"><span class=\"su-label su-label-type-info\">Warszawska slawistyka<\/span> powsta\u0142a w 1915 roku i jest jednym z najstarszych o\u015brodk\u00f3w slawistycznych w kraju, od pierwszych lat istnienia tworzonym przez wybitnych uczonych.<\/p>\n<p style=\"text-align: justify\">Z pocz\u0105tku wyspecjalizowana g\u0142\u00f3wnie w j\u0119zykoznawstwie i historii S\u0142owian, slawistyka ewoluowa\u0142a w stron\u0119 badania kultur. Studia w Instytucie Slawistyki Zachodniej i Po\u0142udniowej ogniskuj\u0105 si\u0119 wok\u00f3\u0142 j\u0119zyk\u00f3w i kultur S\u0142owian zachodnich i po\u0142udniowych oraz historii i wsp\u00f3\u0142czesno\u015bci zamieszkiwanego przez nich obszaru.<\/p>\n<p style=\"text-align: justify\"><span class=\"su-label su-label-type-info\">Nasze specjalizacje:<\/span> <a href=\"http:\/\/slawistyka.uw.edu.pl\/pl\/rekrutacja\/prezentacja-instytutu\/specjalnosci\/bohemistyka\/\">bohemistyka<\/a>, <a href=\"http:\/\/slawistyka.uw.edu.pl\/pl\/rekrutacja\/prezentacja-instytutu\/specjalnosci\/bulgarystyka\/\">bu\u0142garystyka<\/a>, <a href=\"http:\/\/slawistyka.uw.edu.pl\/pl\/rekrutacja\/prezentacja-instytutu\/specjalnosci\/kroatystyka\/\">kroatystyka<\/a>, <a href=\"http:\/\/slawistyka.uw.edu.pl\/pl\/rekrutacja\/prezentacja-instytutu\/specjalnosci\/serbistyka\/\">serbistyka<\/a>, <a href=\"http:\/\/slawistyka.uw.edu.pl\/pl\/rekrutacja\/prezentacja-instytutu\/specjalnosci\/slowenistyka\/\">s\u0142owenistyka<\/a>, <a href=\"http:\/\/slawistyka.uw.edu.pl\/pl\/rekrutacja\/prezentacja-instytutu\/specjalnosci\/slowacystyka\/\">s\u0142owacystyka<\/a>.<\/p>\n<p style=\"text-align: justify\"><a href=\"http:\/\/slawistyka.uw.edu.pl\/pl\/instytut\/o-instytucie\/\">Wi\u0119cej<\/a><\/div><\/div><\/div><\/div><\/div>\n<p>&nbsp;<\/p>\n<div class=\"su-animate\" style=\"opacity:0;-webkit-animation-duration:1s;-webkit-animation-delay:0s;animation-duration:1s;animation-delay:0s;\" data-animation=\"bounceIn\" data-duration=\"1\" data-delay=\"0\"><a href=\"https:\/\/www.journals.polon.uw.edu.pl\/index.php\/zl\/index\" class=\"su-button su-button-style-soft\" style=\"color:#FFFFFF;background-color:#4db237;border-color:#3e8f2c;border-radius:6px;-moz-border-radius:6px;-webkit-border-radius:6px\" target=\"_blank\" rel=\"noopener noreferrer\"><span style=\"color:#FFFFFF;padding:6px 18px;font-size:14px;line-height:21px;border-color:#83ca73;border-radius:6px;-moz-border-radius:6px;-webkit-border-radius:6px;text-shadow:none;-moz-text-shadow:none;-webkit-text-shadow:none\"><i class=\"sui sui-user-circle-o\" style=\"font-size:14px;color:#FFFFFF\"><\/i> Zeszyty \u0141u\u017cyckie. Czasopismo o mniejszo\u015bciach<\/span><\/a><\/div>\n<div class=\"su-animate\" style=\"opacity:0;-webkit-animation-duration:1s;-webkit-animation-delay:0s;animation-duration:1s;animation-delay:0s;\" data-animation=\"bounceIn\" data-duration=\"1\" data-delay=\"0\"><a href=\"https:\/\/www.smokiniata.com\/\" class=\"su-button su-button-style-soft\" style=\"color:#FFFFFF;background-color:#4db237;border-color:#3e8f2c;border-radius:6px;-moz-border-radius:6px;-webkit-border-radius:6px\" target=\"_blank\" rel=\"noopener noreferrer\"><span style=\"color:#FFFFFF;padding:6px 18px;font-size:14px;line-height:21px;border-color:#83ca73;border-radius:6px;-moz-border-radius:6px;-webkit-border-radius:6px;text-shadow:none;-moz-text-shadow:none;-webkit-text-shadow:none\"><i class=\"sui sui-user-circle-o\" style=\"font-size:14px;color:#FFFFFF\"><\/i> Smokiniata. Czasopismo studenckie<\/span><\/a><\/div>\n<div class=\"su-animate\" style=\"opacity:0;-webkit-animation-duration:1s;-webkit-animation-delay:0s;animation-duration:1s;animation-delay:0s;\" data-animation=\"bounceIn\" data-duration=\"1\" data-delay=\"0\"><a href=\"https:\/\/www.facebook.com\/slawistykauw\" class=\"su-button su-button-style-soft\" style=\"color:#FFFFFF;background-color:#4db237;border-color:#3e8f2c;border-radius:6px;-moz-border-radius:6px;-webkit-border-radius:6px\" target=\"_blank\" rel=\"noopener noreferrer\"><span style=\"color:#FFFFFF;padding:6px 18px;font-size:14px;line-height:21px;border-color:#83ca73;border-radius:6px;-moz-border-radius:6px;-webkit-border-radius:6px;text-shadow:none;-moz-text-shadow:none;-webkit-text-shadow:none\"><i class=\"sui sui-user-circle-o\" style=\"font-size:14px;color:#FFFFFF\"><\/i> Nasz profil na Facebooku<\/span><\/a><\/div>\n<div class=\"su-animate\" style=\"opacity:0;-webkit-animation-duration:1s;-webkit-animation-delay:0s;animation-duration:1s;animation-delay:0s;\" data-animation=\"bounceIn\" data-duration=\"1\" data-delay=\"0\"><a href=\"https:\/\/www.instagram.com\/slawistyka_uw\/\" class=\"su-button su-button-style-soft\" style=\"color:#FFFFFF;background-color:#4db237;border-color:#3e8f2c;border-radius:6px;-moz-border-radius:6px;-webkit-border-radius:6px\" target=\"_blank\" rel=\"noopener noreferrer\"><span style=\"color:#FFFFFF;padding:6px 18px;font-size:14px;line-height:21px;border-color:#83ca73;border-radius:6px;-moz-border-radius:6px;-webkit-border-radius:6px;text-shadow:none;-moz-text-shadow:none;-webkit-text-shadow:none\"><i class=\"sui sui-user-circle-o\" style=\"font-size:14px;color:#FFFFFF\"><\/i> Nasz profil na Instagramie<\/span><\/a><\/div>\n<div class=\"su-animate\" style=\"opacity:0;-webkit-animation-duration:1s;-webkit-animation-delay:0s;animation-duration:1s;animation-delay:0s;\" data-animation=\"bounceIn\" data-duration=\"1\" data-delay=\"0\"><a href=\"https:\/\/www.tiktok.com\/@slawistyka_uw\/\" class=\"su-button su-button-style-soft\" style=\"color:#FFFFFF;background-color:#4db237;border-color:#3e8f2c;border-radius:6px;-moz-border-radius:6px;-webkit-border-radius:6px\" target=\"_blank\" rel=\"noopener noreferrer\"><span style=\"color:#FFFFFF;padding:6px 18px;font-size:14px;line-height:21px;border-color:#83ca73;border-radius:6px;-moz-border-radius:6px;-webkit-border-radius:6px;text-shadow:none;-moz-text-shadow:none;-webkit-text-shadow:none\"><i class=\"sui sui-user-circle-o\" style=\"font-size:14px;color:#FFFFFF\"><\/i> Nasz profil na Tik toku<\/span><\/a><\/div>\n<div class=\"su-animate\" style=\"opacity:0;-webkit-animation-duration:1s;-webkit-animation-delay:0s;animation-duration:1s;animation-delay:0s;\" data-animation=\"bounceIn\" data-duration=\"1\" data-delay=\"0\"><a href=\"https:\/\/www.youtube.com\/@knslawistow\" class=\"su-button su-button-style-soft\" style=\"color:#FFFFFF;background-color:#4db237;border-color:#3e8f2c;border-radius:6px;-moz-border-radius:6px;-webkit-border-radius:6px\" target=\"_blank\" rel=\"noopener noreferrer\"><span style=\"color:#FFFFFF;padding:6px 18px;font-size:14px;line-height:21px;border-color:#83ca73;border-radius:6px;-moz-border-radius:6px;-webkit-border-radius:6px;text-shadow:none;-moz-text-shadow:none;-webkit-text-shadow:none\"><i class=\"sui sui-user-circle-o\" style=\"font-size:14px;color:#FFFFFF\"><\/i> Podcast TalkSlav<\/span><\/a><\/div>\n<p>&nbsp;<\/p>\n<div class=\"su-custom-gallery su-custom-gallery-title-always su-lightbox-gallery\"><div class=\"su-custom-gallery-slide\"><a href=\"https:\/\/slawistyka.uw.edu.pl\/wp-content\/uploads\/2023\/04\/Badania-karnawalu-w-alpejskiej-wsi-Dreznica-w-Slowenii-scaled.jpg\" target=\"_blank\" title=\"Karnawa\u0142 w Alpach, Dre\u017enica, S\u0142owenia\"><img src=\"https:\/\/slawistyka.uw.edu.pl\/wp-content\/uploads\/2023\/04\/Badania-karnawalu-w-alpejskiej-wsi-Dreznica-w-Slowenii-scaled.jpg\" alt=\"Karnawa\u0142 w Alpach, Dre\u017enica, S\u0142owenia\" width=\"160\" height=\"120\" \/><span class=\"su-custom-gallery-title\">Karnawa\u0142 w Alpach, Dre\u017enica, S\u0142owenia<\/span><\/a><\/div><div class=\"su-custom-gallery-slide\"><a href=\"https:\/\/slawistyka.uw.edu.pl\/wp-content\/uploads\/2023\/05\/Blizej-siebie-Slowacja-Polska-strudencki-wyjazd-naukowy-1.jpg\" target=\"_blank\" title=\"Bli\u017cej siebie S\u0142owacja &#8211; Polska projekt naukowy\"><img src=\"https:\/\/slawistyka.uw.edu.pl\/wp-content\/uploads\/2023\/05\/Blizej-siebie-Slowacja-Polska-strudencki-wyjazd-naukowy-1-160x120.jpg\" alt=\"Bli\u017cej siebie S\u0142owacja &#8211; Polska projekt naukowy\" width=\"160\" height=\"120\" \/><span class=\"su-custom-gallery-title\">Bli\u017cej siebie S\u0142owacja &#8211; Polska projekt naukowy<\/span><\/a><\/div><div class=\"su-custom-gallery-slide\"><a href=\"https:\/\/slawistyka.uw.edu.pl\/wp-content\/uploads\/2019\/08\/Sofia.jpg\" target=\"_blank\" title=\"Zwiedzaj\u0105c komunizm &#8211; projekt naukowy\"><img src=\"https:\/\/slawistyka.uw.edu.pl\/wp-content\/uploads\/2019\/08\/Sofia-160x120.jpg\" alt=\"Zwiedzaj\u0105c komunizm &#8211; projekt naukowy\" width=\"160\" height=\"120\" \/><span class=\"su-custom-gallery-title\">Zwiedzaj\u0105c komunizm &#8211; projekt naukowy<\/span><\/a><\/div><div class=\"su-custom-gallery-slide\"><a href=\"https:\/\/slawistyka.uw.edu.pl\/wp-content\/uploads\/2024\/02\/Malownicza-Bulgaria-konferencja-wedrowna.jpg\" target=\"_blank\" title=\"Malownicza Bu\u0142garia konferencja w\u0119drowna\"><img src=\"https:\/\/slawistyka.uw.edu.pl\/wp-content\/uploads\/2024\/02\/Malownicza-Bulgaria-konferencja-wedrowna-160x120.jpg\" alt=\"Malownicza Bu\u0142garia konferencja w\u0119drowna\" width=\"160\" height=\"120\" \/><span class=\"su-custom-gallery-title\">Malownicza Bu\u0142garia konferencja w\u0119drowna<\/span><\/a><\/div><div class=\"su-clear\"><\/div><\/div>\n<p>&nbsp;<\/p>\n<p>&nbsp;<\/p>\n<p>&nbsp;<\/p>\n<p>&nbsp;<\/p>\n<p>&nbsp;<\/p>\n<p>&nbsp;","protected":false},"excerpt":{"rendered":"<p>&nbsp; &nbsp; &nbsp; &nbsp; &nbsp; &nbsp; &nbsp; &nbsp; &nbsp;<\/p>\n","protected":false},"author":760,"featured_media":0,"parent":0,"menu_order":0,"comment_status":"closed","ping_status":"closed","template":"","meta":{"_mi_skip_tracking":false,"ngg_post_thumbnail":0,"_expiration-date-status":"","_expiration-date":0,"_expiration-date-type":"","_expiration-date-categories":[],"_expiration-date-options":[]},"_links":{"self":[{"href":"https:\/\/slawistyka.uw.edu.pl\/pl\/wp-json\/wp\/v2\/pages\/305"}],"collection":[{"href":"https:\/\/slawistyka.uw.edu.pl\/pl\/wp-json\/wp\/v2\/pages"}],"about":[{"href":"https:\/\/slawistyka.uw.edu.pl\/pl\/wp-json\/wp\/v2\/types\/page"}],"author":[{"embeddable":true,"href":"https:\/\/slawistyka.uw.edu.pl\/pl\/wp-json\/wp\/v2\/users\/760"}],"replies":[{"embeddable":true,"href":"https:\/\/slawistyka.uw.edu.pl\/pl\/wp-json\/wp\/v2\/comments?post=305"}],"version-history":[{"count":816,"href":"https:\/\/slawistyka.uw.edu.pl\/pl\/wp-json\/wp\/v2\/pages\/305\/revisions"}],"predecessor-version":[{"id":14855,"href":"https:\/\/slawistyka.uw.edu.pl\/pl\/wp-json\/wp\/v2\/pages\/305\/revisions\/14855"}],"wp:attachment":[{"href":"https:\/\/slawistyka.uw.edu.pl\/pl\/wp-json\/wp\/v2\/media?parent=305"}],"curies":[{"name":"wp","href":"https:\/\/api.w.org\/{rel}","templated":true}]}}