{"id":451,"date":"2017-12-29T23:37:51","date_gmt":"2017-12-29T22:37:51","guid":{"rendered":"http:\/\/slawistyka.uw.edu.pl\/?page_id=451"},"modified":"2023-11-03T18:16:25","modified_gmt":"2023-11-03T17:16:25","slug":"most","status":"publish","type":"page","link":"https:\/\/slawistyka.uw.edu.pl\/pl\/studia\/stypendia\/most\/","title":{"rendered":"Most"},"content":{"rendered":"<h4>Program mobilno\u015bci student\u00f3w i doktorant\u00f3w<\/h4>\n<p>Je\u015bli s\u0105 Pa\u0144stwo zainteresowani realizacj\u0105 cz\u0119\u015bci programu studi\u00f3w poza macierzystym Uniwersytetem, zach\u0119camy do udzia\u0142u w programie MOST!<\/p>\n<p><a href=\"https:\/\/bok.uw.edu.pl\/program-most-2\/\"><strong>Informacje o programie MOST<\/strong>&nbsp;<\/a>mo\u017cna znale\u017a\u0107 na stronie Biura ds. Obs\u0142ugi Kszta\u0142cenia.<\/p>\n<p><a href=\"https:\/\/most.amu.edu.pl\/\"><strong>Strona programu MOST<\/strong><\/a><\/p>\n<p><a href=\"https:\/\/www.facebook.com\/programmost2000\">Strona programu MOST na Facebooku<\/a><\/p>\n<div id=\"js_h\" class=\"_5pbx userContent _3576\" data-testid=\"post_message\" data-ft=\"{&quot;tn&quot;:&quot;K&quot;}\">\n<p>Strona rekrutacji: <a href=\"https:\/\/irkmost.amu.edu.pl\/pl\/home\/\">https:\/\/irkmost.amu.edu.pl\/pl\/home\/<\/a><\/p>\n<\/div>\n<p><a href=\"https:\/\/most.amu.edu.pl\/jak-powstal-most\/regulamin\/\">Regulamin Programu MOST<\/a><\/p>\n<p>Koordynatork\u0105 programu MOST jest w naszym Instytucie <a href=\"http:\/\/slawistyka.uw.edu.pl\/pl\/instytut\/jednostki-i-pracownicy\/zaklad-jezykow-i-kultur-slowianskich\/anna-jakubowska\/\" target=\"_blank\" rel=\"noopener noreferrer\">Anna Jakubowska<\/a>.<\/p>\n<h5>MOST to program mobilno\u015bci student\u00f3w i doktorant\u00f3w. Od 1999 r. cieszy si\u0119 nies\u0142abn\u0105cym zainteresowaniem, umo\u017cliwiaj\u0105c studiowanie przez semestr lub ca\u0142y rok akademicki na jednym z dwudziestu polskich Uniwersytet\u00f3w.<\/h5>\n<p>Udzia\u0142 w Programie jest bezp\u0142atny i niezale\u017cny od trybu studi\u00f3w. MOST daje mo\u017cliwo\u015b\u0107:<\/p>\n<ul>\n<li>realizacji programu studi\u00f3w na uczelni innej ni\u017c macierzysta;<\/li>\n<li>wyboru dodatkowych, zwi\u0105zanych z zainteresowaniem Studentki\/Studenta, zaj\u0119\u0107 dydaktycznych;<\/li>\n<li>nawi\u0105zania kontaktu ze specjalistami w danej dziedzinie, pracuj\u0105cymi na uczelni innej ni\u017c macierzysta;<\/li>\n<li>korzystania z ksi\u0119gozbioru innej uczelni, wykonywania kwerend bibliotecznych poza o\u015brodkiem macierzystym;<\/li>\n<li>prowadzenia bada\u0144 do pracy seminaryjnej, magisterskiej, czy dysertacji doktorskiej w \u015brodowisku powi\u0105zanym z przedmiotem analiz;<\/li>\n<li>nawi\u0105zania kontakt\u00f3w ze \u015brodowiskiem naukowym innego wydzia\u0142u, instytutu, katedry;<\/li>\n<li>wykazania si\u0119, tak\u017ce przed przysz\u0142ym pracodawc\u0105, umiej\u0119tno\u015bci\u0105 adaptacji do nowych warunk\u00f3w, mobilno\u015bci\u0105.<\/li>\n<\/ul>\n<h4>Dok\u0105d na MOST?<\/h4>\n<p>W organizacji programu uczestnicz\u0105 uniwersytety b\u0119d\u0105ce sygnatariuszami Porozumienia Uniwersytet\u00f3w Polskich na rzecz Jako\u015bci Kszta\u0142cenia:<\/p>\n<ul>\n<li>Katolicki Uniwersytet Lubelski<\/li>\n<li>Uniwersytet im. Adama Mickiewicza w Poznaniu<\/li>\n<li>Uniwersytet Gda\u0144ski<\/li>\n<li>Uniwersytet Jagiello\u0144ski<\/li>\n<li>Uniwersytet Jana Kochanowskiego w Kielcach<\/li>\n<li>Uniwersytet Kardyna\u0142a Stefana Wyszy\u0144skiego w Warszawie<\/li>\n<li>Uniwersytet Kazimierza Wielkiego w Bydgoszczy<\/li>\n<li>Uniwersytet \u0141\u00f3dzki<\/li>\n<li>Uniwersytet Marii Curie Sk\u0142odowskiej w Lublinie<\/li>\n<li>Uniwersytet Miko\u0142aja Kopernika<\/li>\n<li>Uniwersytet Opolski<\/li>\n<li>Uniwersytet Papieski Jana Paw\u0142a II w Krakowie<\/li>\n<li>Uniwersytet Rzeszowski<\/li>\n<li>Uniwersytet Szczeci\u0144ski<\/li>\n<li>Uniwersytet \u015al\u0105ski<\/li>\n<li>Uniwersytet Warszawski<\/li>\n<li>Uniwersytet w Bia\u0142ymstoku<\/li>\n<li>Uniwersytet Warmi\u0144sko-Mazurski w Olsztynie<\/li>\n<li>Uniwersytet Wroc\u0142awski<\/li>\n<li>Uniwersytet Zielonog\u00f3rski<\/li>\n<\/ul>\n<p>Uczelnie przyjmuj\u0105ce uczestnik\u00f3w Programu MOST zapewniaj\u0105 w miar\u0119 dost\u0119pno\u015bci miejsca w domach studenckich.<\/p>\n<p>&nbsp;<\/p>\n<p>&nbsp;<\/p>\n<p>&nbsp;","protected":false},"excerpt":{"rendered":"<p>Program mobilno\u015bci student\u00f3w i doktorant\u00f3w Je\u015bli s\u0105 Pa\u0144stwo zainteresowani realizacj\u0105 cz\u0119\u015bci programu studi\u00f3w poza macierzystym Uniwersytetem, zach\u0119camy do udzia\u0142u w [&hellip;]<\/p>\n","protected":false},"author":760,"featured_media":0,"parent":225,"menu_order":0,"comment_status":"closed","ping_status":"closed","template":"","meta":{"_mi_skip_tracking":false,"ngg_post_thumbnail":0,"_expiration-date-status":"","_expiration-date":0,"_expiration-date-type":"","_expiration-date-categories":[],"_expiration-date-options":[]},"_links":{"self":[{"href":"https:\/\/slawistyka.uw.edu.pl\/pl\/wp-json\/wp\/v2\/pages\/451"}],"collection":[{"href":"https:\/\/slawistyka.uw.edu.pl\/pl\/wp-json\/wp\/v2\/pages"}],"about":[{"href":"https:\/\/slawistyka.uw.edu.pl\/pl\/wp-json\/wp\/v2\/types\/page"}],"author":[{"embeddable":true,"href":"https:\/\/slawistyka.uw.edu.pl\/pl\/wp-json\/wp\/v2\/users\/760"}],"replies":[{"embeddable":true,"href":"https:\/\/slawistyka.uw.edu.pl\/pl\/wp-json\/wp\/v2\/comments?post=451"}],"version-history":[{"count":14,"href":"https:\/\/slawistyka.uw.edu.pl\/pl\/wp-json\/wp\/v2\/pages\/451\/revisions"}],"predecessor-version":[{"id":10629,"href":"https:\/\/slawistyka.uw.edu.pl\/pl\/wp-json\/wp\/v2\/pages\/451\/revisions\/10629"}],"up":[{"embeddable":true,"href":"https:\/\/slawistyka.uw.edu.pl\/pl\/wp-json\/wp\/v2\/pages\/225"}],"wp:attachment":[{"href":"https:\/\/slawistyka.uw.edu.pl\/pl\/wp-json\/wp\/v2\/media?parent=451"}],"curies":[{"name":"wp","href":"https:\/\/api.w.org\/{rel}","templated":true}]}}