{"id":453,"date":"2017-12-29T23:38:34","date_gmt":"2017-12-29T22:38:34","guid":{"rendered":"http:\/\/slawistyka.uw.edu.pl\/?page_id=453"},"modified":"2018-02-23T18:54:36","modified_gmt":"2018-02-23T17:54:36","slug":"ceepus","status":"publish","type":"page","link":"https:\/\/slawistyka.uw.edu.pl\/pl\/studia\/stypendia\/ceepus\/","title":{"rendered":"CEEPUS"},"content":{"rendered":"<a href=\"http:\/\/slawistyka.uw.edu.pl\/wp-content\/uploads\/sites\/283\/2018\/02\/ceepus.gif\"><img loading=\"lazy\" class=\"alignleft wp-image-1772\" src=\"http:\/\/slawistyka.uw.edu.pl\/wp-content\/uploads\/sites\/283\/2018\/02\/ceepus-300x267.gif\" alt=\"\" width=\"184\" height=\"164\"><\/a><\/p>\n<p>W ramach programu CEEPUS studenci pierwszego, drugiego i trzeciego stopnia mog\u0105 wyje\u017cd\u017ca\u0107 na stypendia trwaj\u0105ce od miesi\u0105ca do czterech miesi\u0119cy do o\u015brodk\u00f3w uniwersyteckich w Albanii, Austrii, Bo\u015bni i Hercegowinie, Bu\u0142garii, Chorwacji, Czarnog\u00f3rze, Czechach, Kosowie, Macedonii, Mo\u0142dawii, Rumunii, na S\u0142owacji, w S\u0142owenii, Serbii oraz na W\u0119grzech. Kandydat\u00f3w nominuje Instytut Slawistyki Zachodniej i Po\u0142udniowej. Studenci mog\u0105 te\u017c samodzielnie ubiega\u0107 si\u0119 o stypendium w formule freemover, kt\u00f3ra obejmuje drugi semestr roku akademickiego (aplikacj\u0119 nale\u017cy z\u0142o\u017cy\u0107 do ko\u0144ca listopada).<\/p>\n<p>Na stypendia trwaj\u0105ce od tygodnia do miesi\u0105ca mog\u0105 tak\u017ce wyje\u017cd\u017ca\u0107 wyk\u0142adowcy.<\/p>\n<p>Opis programu znale\u017a\u0107 mo\u017cna na stronach internetowych:<\/p>\n<ul>\n<li><a target=\"_blank\" href=\"http:\/\/www.ceepus.info\" rel=\"noopener\">www.ceepus.info<\/a><\/li>\n<li><a href=\"https:\/\/nawa.gov.pl\/studenci\/studenci-polscy\/ceepus\">https:\/\/nawa.gov.pl\/studenci\/studenci-polscy\/ceepus<\/a><a target=\"_blank\" href=\"http:\/\/buwiwm.edu.pl\/ceepus\/\" rel=\"noopener\"><\/a><\/li>\n<\/ul>\n<p>Koordynatorem CEEPUS w Instytucie Slawistyki Zachodniej i Po\u0142udniowej jest <a href=\"mailto:p.p.pajak@uw.edu.pl\">dr hab. Patrycjusz Paj\u0105k<\/a>, kt\u00f3ry udziela informacji na temat stypendi\u00f3w w godzinach dy\u017cur\u00f3w.","protected":false},"excerpt":{"rendered":"<p>W ramach programu CEEPUS studenci pierwszego, drugiego i trzeciego stopnia mog\u0105 wyje\u017cd\u017ca\u0107 na stypendia trwaj\u0105ce od miesi\u0105ca do czterech miesi\u0119cy [&hellip;]<\/p>\n","protected":false},"author":760,"featured_media":0,"parent":225,"menu_order":0,"comment_status":"closed","ping_status":"closed","template":"","meta":{"_mi_skip_tracking":false,"ngg_post_thumbnail":0,"_expiration-date-status":"","_expiration-date":0,"_expiration-date-type":"","_expiration-date-categories":[],"_expiration-date-options":[]},"_links":{"self":[{"href":"https:\/\/slawistyka.uw.edu.pl\/pl\/wp-json\/wp\/v2\/pages\/453"}],"collection":[{"href":"https:\/\/slawistyka.uw.edu.pl\/pl\/wp-json\/wp\/v2\/pages"}],"about":[{"href":"https:\/\/slawistyka.uw.edu.pl\/pl\/wp-json\/wp\/v2\/types\/page"}],"author":[{"embeddable":true,"href":"https:\/\/slawistyka.uw.edu.pl\/pl\/wp-json\/wp\/v2\/users\/760"}],"replies":[{"embeddable":true,"href":"https:\/\/slawistyka.uw.edu.pl\/pl\/wp-json\/wp\/v2\/comments?post=453"}],"version-history":[{"count":4,"href":"https:\/\/slawistyka.uw.edu.pl\/pl\/wp-json\/wp\/v2\/pages\/453\/revisions"}],"predecessor-version":[{"id":2298,"href":"https:\/\/slawistyka.uw.edu.pl\/pl\/wp-json\/wp\/v2\/pages\/453\/revisions\/2298"}],"up":[{"embeddable":true,"href":"https:\/\/slawistyka.uw.edu.pl\/pl\/wp-json\/wp\/v2\/pages\/225"}],"wp:attachment":[{"href":"https:\/\/slawistyka.uw.edu.pl\/pl\/wp-json\/wp\/v2\/media?parent=453"}],"curies":[{"name":"wp","href":"https:\/\/api.w.org\/{rel}","templated":true}]}}