{"id":685,"date":"2018-01-05T21:36:37","date_gmt":"2018-01-05T20:36:37","guid":{"rendered":"http:\/\/slawistyka.uw.edu.pl\/?page_id=685"},"modified":"2025-09-29T08:25:50","modified_gmt":"2025-09-29T06:25:50","slug":"program-studiow","status":"publish","type":"page","link":"https:\/\/slawistyka.uw.edu.pl\/pl\/studia\/program-studiow\/","title":{"rendered":"Program studi\u00f3w"},"content":{"rendered":"<div class=\"oPos maincontent\">\n<div class=\"component\">\n<div class=\"item-page\">\n<div class=\"page-content\">\n<p style=\"text-align: justify\">Zach\u0119camy student\u00f3w I roku do zapoznania si\u0119 z kr\u00f3tkim <a href=\"http:\/\/slawistyka.uw.edu.pl\/wp-content\/uploads\/sites\/283\/2021\/10\/Niezbednik-studiow-slawistycznych.pdf\"><strong>Niezb\u0119dnikiem studi\u00f3w slawistycznych<\/strong><\/a>. Znajd\u0105 w nim Pa\u0144stwo odpowiedzi na wiele pyta\u0144, dotycz\u0105cych studiowania w Instytucie.<\/p>\n<p style=\"text-align: justify\"><span style=\"color: #003366\"><strong>Pozytywna ocena Polskiej Komisji Akredytacyjnej<\/strong><\/span><\/p>\n<\/div>\n<\/div>\n<p style=\"text-align: justify\">Prezydium Polskiej Komisji Akredytacyjnej na posiedzeniu w dniu 8 maja 2025 r. podj\u0119\u0142o decyzj\u0119 o przyznaniu pozytywnej oceny naszym studiom slawistycznym, stwierdzaj\u0105c, \u017ce spe\u0142niaj\u0105 one wszystkie kryteria wymagane przez obowi\u0105zuj\u0105ce akty prawne i wytyczne PKA.&nbsp;<a href=\"http:\/\/slawistyka.uw.edu.pl\/wp-content\/uploads\/sites\/283\/2025\/05\/Uchwala-PKA-2025.pdf\">Uchwa\u0142a nr 274\/2025 Prezydium PKA<\/a><\/p>\n<div class=\"item-page\">\n<div class=\"page-content\">\n<p><span style=\"color: #ffffff;background-color: #003366\"><strong>&nbsp;Studia I stopnia&nbsp;<\/strong><\/span><\/p>\n<h6><strong>Plan studi\u00f3w<\/strong><\/h6>\n<p><span style=\"color: #003366\">\u25ba<\/span>&nbsp;<strong>Obowi\u0105zuj\u0105cy od roku akademickiego 2025\/2026<\/strong> <a href=\"http:\/\/slawistyka.uw.edu.pl\/wp-content\/uploads\/sites\/283\/2025\/09\/PLAN-STUDIOW-I-stopien-2025-2026.pdf\">Plan studi\u00f3w I stopnia od 2025\/2026<\/a><\/p>\n<p><span style=\"color: #003366\">\u25ba<\/span>&nbsp;<strong>Obowi\u0105zuj\u0105cy od roku akademickiego 2023\/2024<\/strong>&nbsp;<a href=\"http:\/\/slawistyka.uw.edu.pl\/wp-content\/uploads\/sites\/283\/2024\/12\/Slawistyka-plan-studiow-licencjackich-od-2023.pdf\">Plan studi\u00f3w I stopnia od 2023\/2024<\/a><\/p>\n<h6><strong>Minimum programowe dla MISH<\/strong><\/h6>\n<p><strong><span style=\"color: #003366\">\u25ba<\/span> <\/strong><a href=\"http:\/\/slawistyka.uw.edu.pl\/wp-content\/uploads\/sites\/283\/2025\/06\/SLAWISTYKA-minima-MISH-I-STOPIEN.pdf\">Minimum programowe MISH, studia I stopnia<\/a><\/p>\n<\/div>\n<h6><strong>Program studi\u00f3w<\/strong><\/h6>\n<p><strong>Uchwa\u0142y Senatu UW w sprawie program\u00f3w studi\u00f3w na Uniwersytecie Warszawskim<\/strong><\/p>\n<p><strong><span style=\"color: #003366\">\u25ba<\/span> Od 2025 r. nowy<\/strong> (obowi\u0105zuj\u0105cy od 2025 r.) <a href=\"http:\/\/slawistyka.uw.edu.pl\/wp-content\/uploads\/sites\/283\/2025\/05\/S1-SLAW_od-2025.2026.pdf\">Program studi\u00f3w I stopnia od 2025 r.<\/a><\/p>\n<p>Uchwa\u0142a nr 65 Senatu Uniwersytetu Warszawskiego z dnia 30 kwietnia 2025 r. w sprawie program\u00f3w studi\u00f3w na Uniwersytecie Warszawskim<\/p>\n<p><strong><span style=\"color: #003366\">\u25ba<\/span> Od 2023 r.<\/strong>&nbsp;(obowi\u0105zuj\u0105cy od 2023 r.) <a href=\"https:\/\/slawistyka.uw.edu.pl\/wp-content\/uploads\/sites\/283\/2024\/02\/S1-SLAW_od-2023.pdf\">Program studi\u00f3w I stopnia od 2023 r.<\/a><\/p>\n<p>Uchwa\u0142a nr 234 Senatu UW z dnia 22 marca 2023 r. w sprawie program\u00f3w studi\u00f3w na Uniwersytecie Warszawskim<\/p>\n<p><strong><span style=\"color: #003366\">\u25ba<\/span> Od 2019 r.<\/strong>&nbsp;(na mocy Uchwa\u0142y Senatu z 2019 r.) <a href=\"https:\/\/slawistyka.uw.edu.pl\/wp-content\/uploads\/sites\/283\/2024\/02\/S1-SLAW.pdf\">Program studi\u00f3w I stopnia od 2019 r.<\/a><\/p>\n<p>Uchwa\u0142a nr 414 Senatu UW z dnia 8 maja 2019 r. w sprawie program\u00f3w studi\u00f3w na Uniwersytecie Warszawskim<\/p>\n<p>&nbsp;<\/p>\n<p><span style=\"color: #ffffff;background-color: #003366\"><strong>&nbsp;Studia II stopnia&nbsp;<\/strong><\/span><\/p>\n<div class=\"page-content\">\n<h6><strong>Plan studi\u00f3w<\/strong><\/h6>\n<p><span style=\"color: #003366\">\u25ba<\/span>&nbsp;<strong>Obowi\u0105zuj\u0105cy od roku akademickiego 2025\/2026<\/strong> <a href=\"http:\/\/slawistyka.uw.edu.pl\/wp-content\/uploads\/sites\/283\/2025\/09\/PLAN-STUDIOW-II-stopien-2025-2026-1.pdf\">Plan studi\u00f3w II stopnia od 2025\/2026<\/a><\/p>\n<p><span style=\"color: #003366\">\u25ba<\/span>&nbsp;<strong>Obowi\u0105zuj\u0105cy od roku akademickiego 2019\/2020<\/strong> <a href=\"http:\/\/slawistyka.uw.edu.pl\/wp-content\/uploads\/sites\/283\/2025\/09\/PLAN-STUDIOW-II-stopien-2019-2020.pdf\">Plan studi\u00f3w II stopnia od 2019\/2020<\/a><\/p>\n<h6><strong>Minimum programowe dla MISH<\/strong><\/h6>\n<p><strong><span style=\"color: #003366\">\u25ba<\/span> <\/strong><a href=\"http:\/\/slawistyka.uw.edu.pl\/wp-content\/uploads\/sites\/283\/2025\/06\/SLAWISTYKA-minima-MISH-II-STOPIEN.pdf\">Minimum programowe MISH, studia II stopnia<\/a><\/p>\n<h6><strong>Program studi\u00f3w<\/strong><\/h6>\n<p><strong><span style=\"color: #003366\">\u25ba<\/span> Od 2025 r.<\/strong> <a href=\"http:\/\/slawistyka.uw.edu.pl\/wp-content\/uploads\/sites\/283\/2025\/05\/S2-SLAW_od-2025.2026.pdf\">Program studi\u00f3w II stopnia od 2025 r.<\/a><\/p>\n<p>Uchwa\u0142a nr 65 Senatu Uniwersytetu Warszawskiego z dnia 30 kwietnia 2025 r. w sprawie program\u00f3w studi\u00f3w na Uniwersytecie Warszawskim<\/p>\n<p><strong><span style=\"color: #003366\">\u25ba<\/span>&nbsp;Od 2019 r.<\/strong> <a href=\"http:\/\/slawistyka.uw.edu.pl\/wp-content\/uploads\/sites\/283\/2024\/02\/S2-SLAW.pdf\">Program studi\u00f3w II stopnia od 2019 r.<\/a><\/p>\n<p>Uchwa\u0142a nr 414 Senatu UW z dnia 8 maja 2019 r. w sprawie program\u00f3w studi\u00f3w na Uniwersytecie Warszawskim<\/p>\n<\/div>\n<\/div>\n<\/div>\n<\/div>","protected":false},"excerpt":{"rendered":"<p>Zach\u0119camy student\u00f3w I roku do zapoznania si\u0119 z kr\u00f3tkim Niezb\u0119dnikiem studi\u00f3w slawistycznych. Znajd\u0105 w nim Pa\u0144stwo odpowiedzi na wiele pyta\u0144, [&hellip;]<\/p>\n","protected":false},"author":760,"featured_media":0,"parent":12,"menu_order":0,"comment_status":"closed","ping_status":"closed","template":"","meta":{"_mi_skip_tracking":false,"ngg_post_thumbnail":0,"_expiration-date-status":"","_expiration-date":0,"_expiration-date-type":"","_expiration-date-categories":[],"_expiration-date-options":[]},"_links":{"self":[{"href":"https:\/\/slawistyka.uw.edu.pl\/pl\/wp-json\/wp\/v2\/pages\/685"}],"collection":[{"href":"https:\/\/slawistyka.uw.edu.pl\/pl\/wp-json\/wp\/v2\/pages"}],"about":[{"href":"https:\/\/slawistyka.uw.edu.pl\/pl\/wp-json\/wp\/v2\/types\/page"}],"author":[{"embeddable":true,"href":"https:\/\/slawistyka.uw.edu.pl\/pl\/wp-json\/wp\/v2\/users\/760"}],"replies":[{"embeddable":true,"href":"https:\/\/slawistyka.uw.edu.pl\/pl\/wp-json\/wp\/v2\/comments?post=685"}],"version-history":[{"count":55,"href":"https:\/\/slawistyka.uw.edu.pl\/pl\/wp-json\/wp\/v2\/pages\/685\/revisions"}],"predecessor-version":[{"id":14250,"href":"https:\/\/slawistyka.uw.edu.pl\/pl\/wp-json\/wp\/v2\/pages\/685\/revisions\/14250"}],"up":[{"embeddable":true,"href":"https:\/\/slawistyka.uw.edu.pl\/pl\/wp-json\/wp\/v2\/pages\/12"}],"wp:attachment":[{"href":"https:\/\/slawistyka.uw.edu.pl\/pl\/wp-json\/wp\/v2\/media?parent=685"}],"curies":[{"name":"wp","href":"https:\/\/api.w.org\/{rel}","templated":true}]}}