{"id":9583,"date":"2022-12-06T15:26:46","date_gmt":"2022-12-06T14:26:46","guid":{"rendered":"http:\/\/slawistyka.uw.edu.pl\/?page_id=9583"},"modified":"2025-05-06T11:11:38","modified_gmt":"2025-05-06T09:11:38","slug":"smokiniata","status":"publish","type":"page","link":"https:\/\/slawistyka.uw.edu.pl\/pl\/smokiniata\/","title":{"rendered":"Smokiniata"},"content":{"rendered":"<h5><strong>Nowa przestrze\u0144 m\u0142odej slawistyki<\/strong><\/h5>\n<p>Smokiniata to internetowy nieregularnik studencko-doktorancki przeznaczony dla m\u0142odych slawist\u00f3w i slawistek oraz os\u00f3b zwi\u0105zanych z kulturami s\u0142owia\u0144skimi. Wyewoluowa\u0142a ona z dawnego czasopisma bu\u0142garyst\u00f3w ISZIP \u201e\u0421\u043c\u043e\u043a\u0438\u043d\u044f\u201c, kt\u00f3re na pocz\u0105tku roku akademickiego 2020\/2021 postanowili\u015bmy przenie\u015b\u0107 do Internetu. Stworzyli\u015bmy now\u0105 przestrze\u0144 dla wszystkich m\u0142odych slawist\u00f3w (ju\u017c nie tylko dla bu\u0142garyst\u00f3w), kt\u00f3ra umo\u017cliwia im publikacj\u0119 swoich prac i przy tym zach\u0119ca do rozwoju i zdobywania do\u015bwiadczenia w dziedzinie pisania, pracy badawczej, redakcji i edycji tekst\u00f3w.<br \/>\nSmokiniata tworzy przyjazn\u0105 przestrze\u0144 otwart\u0105 dla wszystkich, kt\u00f3rzy maj\u0105 co\u015b ciekawego do przekazania \u2013 niezale\u017cnie od stopnia naukowego czy do\u015bwiadczenia. Zapraszamy do nadsy\u0142ania tekst\u00f3w!<br \/>\n<strong><a href=\"http:\/\/www.smokiniata.com\">www.smokiniata.com<\/a><\/strong><br \/>\n<strong><a href=\"mailto:czasopismo.smokinia@gmail.com\">czasopismo.smokinia@gmail.com<\/a><\/strong><\/p>\n<p><a href=\"http:\/\/slawistyka.uw.edu.pl\/pl\/2025\/03\/18\/turbulencje-najnowszy-numer-smokiniaty-zapraszamy-do-lektury\/\"><strong>Smokiniata N\u00ba7: TURBULENCJE<\/strong><\/a><\/p>\n<p><a href=\"http:\/\/slawistyka.uw.edu.pl\/pl\/2024\/07\/04\/wakacje-pod-figami-nowy-bardzo-energetyczny-numer-smokiniaty\/\"><strong>Smokiniata N\u00ba6: ENERGIA<\/strong><\/a><\/p>\n<p class=\"entry-title\"><a href=\"https:\/\/www.smokiniata.com\/artykuly\"><strong>Smokiniata N\u00ba5: ZMIANA<\/strong><\/a><\/p>\n<p class=\"entry-title\"><a href=\"http:\/\/slawistyka.uw.edu.pl\/pl\/2023\/05\/04\/smokinia-no4-korzenie\/\"><strong>Smokiniata N\u00ba4 KORZENIE<\/strong><\/a><\/p>\n<p><a href=\"http:\/\/slawistyka.uw.edu.pl\/pl\/smokiniata-no-3-popkultura\/\"><strong>Smokiniata N\u00ba 3 POPKULTURA<\/strong><\/a><\/p>\n<p><a href=\"http:\/\/slawistyka.uw.edu.pl\/pl\/2021\/12\/06\/nowy-numer-czasopisma-smokiniata\/\"><strong>Smokiniata N\u00ba 2 SPRZECIW<\/strong><\/a><\/p>\n<p class=\"entry-title\"><a href=\"http:\/\/slawistyka.uw.edu.pl\/pl\/smokiniata-no-1-przeklad\/\"><strong>Smokiniata N\u00ba 1 PRZEK\u0141AD<\/strong><\/a><\/p>\n<h5><strong>Archiwalne numery<\/strong><\/h5>\n<div class=\"su-custom-gallery su-custom-gallery-title-always\"><div class=\"su-custom-gallery-slide\"><a href=\"http:\/\/slawistyka.uw.edu.pl\/wp-content\/uploads\/sites\/283\/2018\/03\/Smokinia1.pdf\" target=\"_blank\" title=\"Smokinia1\"><img src=\"https:\/\/slawistyka.uw.edu.pl\/wp-content\/uploads\/2018\/03\/Smokinia1-200x300.png\" alt=\"Smokinia1\" width=\"200\" height=\"300\" \/><span class=\"su-custom-gallery-title\">Smokinia1<\/span><\/a><\/div><div class=\"su-custom-gallery-slide\"><a href=\"http:\/\/slawistyka.uw.edu.pl\/wp-content\/uploads\/sites\/283\/2018\/03\/Smokinia_2.pdf\" target=\"_blank\" title=\"Smokinia2\"><img src=\"https:\/\/slawistyka.uw.edu.pl\/wp-content\/uploads\/2018\/03\/Smokinia2o-200x300.jpg\" alt=\"Smokinia2\" width=\"200\" height=\"300\" \/><span class=\"su-custom-gallery-title\">Smokinia2<\/span><\/a><\/div><div class=\"su-custom-gallery-slide\"><a href=\"http:\/\/slawistyka.uw.edu.pl\/wp-content\/uploads\/sites\/283\/2018\/03\/Smokinia_3_72dpi.pdf\" target=\"_blank\" title=\"Smokinia 3\"><img src=\"https:\/\/slawistyka.uw.edu.pl\/wp-content\/uploads\/2018\/03\/smokinia3-200x300.png\" alt=\"Smokinia 3\" width=\"200\" height=\"300\" \/><span class=\"su-custom-gallery-title\">Smokinia 3<\/span><\/a><\/div><div class=\"su-custom-gallery-slide\"><a href=\"http:\/\/slawistyka.uw.edu.pl\/wp-content\/uploads\/sites\/283\/2018\/06\/e_Smokinia_04.pdf\" target=\"_blank\" title=\"Smokinia nr 4\"><img src=\"https:\/\/slawistyka.uw.edu.pl\/wp-content\/uploads\/2018\/06\/Smokinia-nr-4-200x300.jpg\" alt=\"Smokinia nr 4\" width=\"200\" height=\"300\" \/><span class=\"su-custom-gallery-title\">Smokinia nr 4<\/span><\/a><\/div><div class=\"su-custom-gallery-slide\"><a href=\"http:\/\/slawistyka.uw.edu.pl\/wp-content\/uploads\/sites\/283\/2018\/08\/Smokinia-nr-5.pdf\" target=\"_blank\" title=\"Smokinia nr 5\"><img src=\"https:\/\/slawistyka.uw.edu.pl\/wp-content\/uploads\/2018\/08\/Smokinia-nr-5-200x300.jpg\" alt=\"Smokinia nr 5\" width=\"200\" height=\"300\" \/><span class=\"su-custom-gallery-title\">Smokinia nr 5<\/span><\/a><\/div><div class=\"su-clear\"><\/div><\/div>","protected":false},"excerpt":{"rendered":"<p>Nowa przestrze\u0144 m\u0142odej slawistyki Smokiniata to internetowy nieregularnik studencko-doktorancki przeznaczony dla m\u0142odych slawist\u00f3w i slawistek oraz os\u00f3b zwi\u0105zanych z kulturami [&hellip;]<\/p>\n","protected":false},"author":650,"featured_media":0,"parent":0,"menu_order":0,"comment_status":"closed","ping_status":"closed","template":"","meta":{"_mi_skip_tracking":false,"ngg_post_thumbnail":0,"_expiration-date-status":"","_expiration-date":0,"_expiration-date-type":"","_expiration-date-categories":[],"_expiration-date-options":[]},"_links":{"self":[{"href":"https:\/\/slawistyka.uw.edu.pl\/pl\/wp-json\/wp\/v2\/pages\/9583"}],"collection":[{"href":"https:\/\/slawistyka.uw.edu.pl\/pl\/wp-json\/wp\/v2\/pages"}],"about":[{"href":"https:\/\/slawistyka.uw.edu.pl\/pl\/wp-json\/wp\/v2\/types\/page"}],"author":[{"embeddable":true,"href":"https:\/\/slawistyka.uw.edu.pl\/pl\/wp-json\/wp\/v2\/users\/650"}],"replies":[{"embeddable":true,"href":"https:\/\/slawistyka.uw.edu.pl\/pl\/wp-json\/wp\/v2\/comments?post=9583"}],"version-history":[{"count":14,"href":"https:\/\/slawistyka.uw.edu.pl\/pl\/wp-json\/wp\/v2\/pages\/9583\/revisions"}],"predecessor-version":[{"id":13766,"href":"https:\/\/slawistyka.uw.edu.pl\/pl\/wp-json\/wp\/v2\/pages\/9583\/revisions\/13766"}],"wp:attachment":[{"href":"https:\/\/slawistyka.uw.edu.pl\/pl\/wp-json\/wp\/v2\/media?parent=9583"}],"curies":[{"name":"wp","href":"https:\/\/api.w.org\/{rel}","templated":true}]}}